{"id":782,"date":"2013-07-03T14:54:54","date_gmt":"2013-07-03T13:54:54","guid":{"rendered":"http:\/\/www.ounjougou.org\/fr\/?page_id=782"},"modified":"2013-07-03T14:54:54","modified_gmt":"2013-07-03T13:54:54","slug":"le-site-de-farabana","status":"publish","type":"page","link":"https:\/\/www.ounjougou.org\/fr\/projets\/senegal\/archeologie\/le-site-de-farabana\/","title":{"rendered":"Le site de Farabana"},"content":{"rendered":"<div id=\"attachment_791\" style=\"width: 209px\" class=\"wp-caption alignright\"><a href=\"http:\/\/www.ounjougou.org\/fr\/wp-content\/uploads\/sites\/2\/2013\/07\/DSC3146-1-1.jpg\"><img aria-describedby=\"caption-attachment-791\" decoding=\"async\" loading=\"lazy\" class=\"size-medium wp-image-791 \" alt=\"Les canons de Farabana. Photo N. Spuhler\" src=\"http:\/\/www.ounjougou.org\/fr\/wp-content\/uploads\/sites\/2\/2013\/07\/DSC3146-1-199x300.jpg\" width=\"199\" height=\"300\" srcset=\"https:\/\/www.ounjougou.org\/fr\/wp-content\/uploads\/sites\/2\/2013\/07\/DSC3146-1-199x300.jpg 199w, https:\/\/www.ounjougou.org\/fr\/wp-content\/uploads\/sites\/2\/2013\/07\/DSC3146-1.jpg 393w\" sizes=\"(max-width: 199px) 100vw, 199px\" \/><\/a><\/p>\n<p id=\"caption-attachment-791\" class=\"wp-caption-text\">Les canons de Farabana. Photo N. Spuhler<\/p>\n<\/div>\n<p>Une mission de rep\u00e9rage men\u00e9e en d\u00e9cembre-janvier 1998-99 dans la vall\u00e9e du Sanoukhol\u00e9, a conduit \u00e0 la d\u00e9couverte inattendue d&rsquo;un ensemble de canons en fonte, ant\u00e9rieurs \u00e0 la p\u00e9riode coloniale, d\u00e9pos\u00e9s sur la place du village de Farabana, du c\u00f4t\u00e9 malien de la Fal\u00e9m\u00e9. Le r\u00e9cent d\u00e9veloppement de notre programme dans la vall\u00e9e de la Fal\u00e9m\u00e9 nous a permis de retourner dans ce village et d\u2019enqu\u00eater plus avant sur cette trouvaille.<\/p>\n<h4><b>Les vestiges visibles actuellement<\/b><\/h4>\n<p>Lors de la prospection de 2012, nous avons retrouv\u00e9s cinq canons en fonte sur la place du village et deux autres dans la concession de la famille d\u2019un notable. Ces canons sont tous de calibre massique 1 \u00a0 \u00a0 (1 livre), leur diam\u00e8tre \u00e0 la bouche mesurant 53 mm. Ils appartiennent \u00e0 deux types distincts. Le premier, d\u2019une longueur moyenne de 136 cm et manifestement le plus ancien, porte sur les plats des tenons les monogrammes XL et HB, la bouche et le bouton de culasse \u00e9tant tous deux moulur\u00e9s, de m\u00eame que les premiers et deuxi\u00e8me renforts, \u00e0 doubles bandeaux moulur\u00e9s, et les renforts de vol\u00e9e et de culasse. Le second, d\u2019une longueur l\u00e9g\u00e8rement sup\u00e9rieure, 147 cm, et peut-\u00eatre plus r\u00e9cent, pr\u00e9sente un f\u00fbt orn\u00e9 de 3 fleurs de lys, ainsi que les initiales CI grav\u00e9es de part et d\u2019autre du canal de mise \u00e0 feu. Les initiales <strong>CI<\/strong> pourraient \u00eatre celles de la Compagnie des Indes.<\/p>\n<p>Deux autres fragments de f\u00fbt de canons ont \u00e9galement \u00e9t\u00e9 observ\u00e9s. L\u2019un, d\u2019une demi livre (calibre de la bouche\u00a0: 40 mm), a \u00e9t\u00e9 d\u00e9couvert par les villageois dans la cour d\u2019une maison en novembre 2011, alors que l\u2019autre, de calibre massique 2 (calibre de la bouche\u00a0: 65 mm), a \u00e9t\u00e9 retrouv\u00e9 dans la concession du forgeron du village.<\/p>\n<p>Les habitants nous ont ensuite conduit \u00e0 500 m au nord du village, \u00e0 l\u2019emplacement d\u2019une petite construction en ruines, de forme apparemment quadrangulaire, de 13 m de c\u00f4t\u00e9 et 1,50 m de hauteur conserv\u00e9e. Il s\u2019agirait, selon eux, des ruines du b\u00e2timent duquel les canons auraient \u00e9t\u00e9 retir\u00e9s par Faidherbe en 1858.<\/p>\n<h4><b>Des explorations europ\u00e9ennes ant\u00e9rieures \u00e0 l\u2019\u00e9tablissement fran\u00e7ais<\/b>\u00a0<b>?<\/b><\/h4>\n<p>Ces installations pr\u00e9coces d\u2019Europ\u00e9ens \u00e0 l\u2019int\u00e9rieur du continent, ant\u00e9rieures \u00e0 la colonisation, sont tr\u00e8s mal document\u00e9es, et les structures inconnues. Elles ne sont toutefois pas les plus anciennes dans cette r\u00e9gion. En effet, de mani\u00e8re r\u00e9currente, de nombreux auteurs \u00e9voquent la pr\u00e9sence de Portugais dans la zone frontali\u00e8re entre le Mali et le S\u00e9n\u00e9gal, et ce dans le courant des 15<sup>\u00e8me <\/sup>et 16<sup>\u00e8me<\/sup> si\u00e8cles. L\u2019affirmation d\u2019une pr\u00e9sence portugaise aussi ancienne au c\u0153ur du continent africain, notamment dans la vall\u00e9e du Sanoukhol\u00e9, n\u2019\u00e9tait toutefois que purement hypoth\u00e9tique, bas\u00e9e principalement sur l\u2019interpr\u00e9tation de cartes anciennes \u2013 pour la plupart fran\u00e7aises et dat\u00e9es du 17<sup>\u00e8me <\/sup>si\u00e8cle \u2013, et sur le r\u00e9cit d\u2019auteurs se r\u00e9f\u00e9rant les uns aux autres depuis plus de trois si\u00e8cles, sans qu\u2019aucune source pr\u00e9cise ne soit jamais cit\u00e9e.<\/p>\n<div id=\"attachment_792\" style=\"width: 310px\" class=\"wp-caption alignleft\"><a href=\"http:\/\/www.ounjougou.org\/fr\/wp-content\/uploads\/sites\/2\/2013\/07\/DSC3100-1-1.jpg\"><img aria-describedby=\"caption-attachment-792\" decoding=\"async\" loading=\"lazy\" class=\"size-medium wp-image-792 \" alt=\"Enqu\u00eate \u00e0 Farabana. Photo N. Spuhler\" src=\"http:\/\/www.ounjougou.org\/fr\/wp-content\/uploads\/sites\/2\/2013\/07\/DSC3100-1-300x199.jpg\" width=\"300\" height=\"199\" \/><\/a><\/p>\n<p id=\"caption-attachment-792\" class=\"wp-caption-text\">Enqu\u00eate \u00e0 Farabana. Photo N. Spuhler<\/p>\n<\/div>\n<p>Lors de notre mission de prospection, une trouvaille arch\u00e9ologique et une enqu\u00eate de tradition orale men\u00e9e dans le village de Farabana ont relanc\u00e9 le d\u00e9bat. Tout d\u2019abord, nous avons d\u00e9couvert, \u00e0 la surface de deux sites rep\u00e9r\u00e9s en prospection, deux boulets de canons en pierre marqu\u00e9s par un impact de percussion (fig. 30), dont l\u2019un est tr\u00e8s vraisemblablement en roche d\u2019importation. Le premier est calibr\u00e9 \u00e0 deux livres (70 mm, 474 g) et l\u2019autre \u00e0 une livre (52 mm, 232 g). Ce type de projectile en pierre, progressivement abandonn\u00e9 d\u00e8s le dernier tiers du 15<sup>\u00e8me<\/sup> si\u00e8cle au profit des boulets en fonte, pourrait d\u00e8s lors constituer, sous toutes r\u00e9serves, l\u2019un des plus anciens t\u00e9moignages mat\u00e9riels de la pr\u00e9sence d\u2019Occidentaux \u00e0 l\u2019int\u00e9rieur du continent \u00e0 l\u2019\u00e9poque des \u00ab\u00a0grandes d\u00e9couvertes\u00a0\u00bb. Notre enqu\u00eate aupr\u00e8s du griot Kono Diabat\u00e9 de Farabana nous a en outre appris que, selon les populations, deux \u00ab\u00a0races de Blancs\u00a0\u00bb s\u2019\u00e9taient succ\u00e9d\u00e9 \u00e0 cet endroit, ant\u00e9rieurement \u00e0 la colonisation par le g\u00e9n\u00e9ral Faidherbe\u00a0: des Portugais, puis des Fran\u00e7ais.<\/p>\n<p><a href=\"http:\/\/ua.unige.ch\/fr\/personne\/erichuysecom\/\">Eric Huysecom<\/a><\/p>\n","protected":false},"excerpt":{"rendered":"<p>Une mission de rep\u00e9rage men\u00e9e en d\u00e9cembre-janvier 1998-99 dans la vall\u00e9e du Sanoukhol\u00e9, a conduit \u00e0 la d\u00e9couverte inattendue d&rsquo;un ensemble de canons en fonte, ant\u00e9rieurs \u00e0 la p\u00e9riode coloniale, d\u00e9pos\u00e9s sur la place du village de Farabana, du c\u00f4t\u00e9<span class=\"ellipsis\">&hellip;<\/span><\/p>\n<div class=\"read-more\"><a href=\"https:\/\/www.ounjougou.org\/fr\/projets\/senegal\/archeologie\/le-site-de-farabana\/\">Lire la suite &#8250;<\/a><\/div>\n<p><!-- end of .read-more --><\/p>\n","protected":false},"author":1,"featured_media":0,"parent":102,"menu_order":0,"comment_status":"closed","ping_status":"closed","template":"page-accueil.php","meta":{"footnotes":""},"_links":{"self":[{"href":"https:\/\/www.ounjougou.org\/fr\/wp-json\/wp\/v2\/pages\/782"}],"collection":[{"href":"https:\/\/www.ounjougou.org\/fr\/wp-json\/wp\/v2\/pages"}],"about":[{"href":"https:\/\/www.ounjougou.org\/fr\/wp-json\/wp\/v2\/types\/page"}],"author":[{"embeddable":true,"href":"https:\/\/www.ounjougou.org\/fr\/wp-json\/wp\/v2\/users\/1"}],"replies":[{"embeddable":true,"href":"https:\/\/www.ounjougou.org\/fr\/wp-json\/wp\/v2\/comments?post=782"}],"version-history":[{"count":0,"href":"https:\/\/www.ounjougou.org\/fr\/wp-json\/wp\/v2\/pages\/782\/revisions"}],"up":[{"embeddable":true,"href":"https:\/\/www.ounjougou.org\/fr\/wp-json\/wp\/v2\/pages\/102"}],"wp:attachment":[{"href":"https:\/\/www.ounjougou.org\/fr\/wp-json\/wp\/v2\/media?parent=782"}],"curies":[{"name":"wp","href":"https:\/\/api.w.org\/{rel}","templated":true}]}}