{"id":78,"date":"2013-06-12T13:35:08","date_gmt":"2013-06-12T12:35:08","guid":{"rendered":"http:\/\/www.ounjougou.org\/fr\/?page_id=78"},"modified":"2013-06-12T13:35:08","modified_gmt":"2013-06-12T12:35:08","slug":"metallurgie","status":"publish","type":"page","link":"https:\/\/www.ounjougou.org\/fr\/projets\/mali\/metallurgie\/","title":{"rendered":"Pal\u00e9om\u00e9tallurgie"},"content":{"rendered":"<div class=\"two_third\">\n<h3>Arch\u00e9om\u00e9tallurgie<\/h3>\n<p>Parall\u00e8lement aux prospections extensives et \u00e0 l&rsquo;approche ethnoarch\u00e9ologique, des \u00e9tudes d\u00e9taill\u00e9es sont men\u00e9es sur des sites appartenant \u00e0 des traditions m\u00e9tallurgiques distinctes, afin de reconstituer les cha\u00eenes op\u00e9ratoires et de comprendre les sch\u00e9mas d&rsquo;organisation sociale et \u00e9conomique \u00e0 l&rsquo;origine de la vari\u00e9t\u00e9 de ces sid\u00e9rurgies. Dans ce cadre, des interventions arch\u00e9ologiques sont r\u00e9alis\u00e9es sur les vestiges de production (bas fourneaux, par exemple), et sont suivies en laboratoire par des analyses arch\u00e9om\u00e9triques des r\u00e9sidus m\u00e9tallurgiques (scories, minerai, tuy\u00e8res, parois de fourneaux).<\/p>\n<p>Une \u00e9tude r\u00e9cemment initi\u00e9e s&rsquo;int\u00e9resse \u00e9galement aux techniques de forgeage traditionnelles, toujours utilis\u00e9es aujourd&rsquo;hui par les forgerons du Pays dogon lors de la fabrication des objets m\u00e9talliques de la vie quotidienne.<\/p>\n<\/div>\n<div class=\"one_third last\">\n<h3>Articles:<\/h3>\n<ul>\n<li><a title=\"La m\u00e9tallurgie du fer en pays dogon\" href=\"http:\/\/www.ounjougou.org\/fr\/projets\/mali\/metallurgie\/la-metallurgie-du-fer-en-pays-dogon\/\">La m\u00e9tallurgie du fer en Pays dogon<\/a><\/li>\n<li><a title=\"Etude arch\u00e9om\u00e9tallurgique de la production du fer ancienne en Pays Dogon\" href=\"http:\/\/www.ounjougou.org\/fr\/projets\/mali\/metallurgie\/etude-archeometallurgique-de-la-production-du-fer-ancienne-en-pays-dogon\/\">Etude arch\u00e9om\u00e9tallurgique de la production du fer<\/a><\/li>\n<li><a title=\"Ethnoarch\u00e9ologie des techniques de forge traditionnelle\" href=\"http:\/\/www.ounjougou.org\/fr\/projets\/mali\/metallurgie\/ethnoarcheologie-des-techniques-de-forge-traditionnelle\/\">Ethnoarch\u00e9ologie des techniques de forge traditionnelle<\/a><\/li>\n<\/ul>\n<\/div>\n<div class=\"clearboth\"><\/div>\n<hr \/>\n<div class=\"two_third\">\n<h3>Histoire de la sid\u00e9rurgie<\/h3>\n<p>Le Pays dogon poss\u00e8de un patrimoine remarquable par le nombre et la vari\u00e9t\u00e9 de ses vestiges sid\u00e9rurgiques, constituant un contexte favorable pour analyser la formation des castes de forgerons et l\u2019organisation de l\u2019industrie du fer. La g\u00e9n\u00e9ralisation de l\u2019usage du fer a eu un impact important sur l\u2019organisation des soci\u00e9t\u00e9s et la gestion du territoire. Dans le but de reconstituer une histoire de la sid\u00e9rurgie en Pays dogon, une approche \u00e0 la fois extensive et diachronique a \u00e9t\u00e9 d\u00e9velopp\u00e9e, se basant sur l\u2019analyse des traditions orales et des vestiges arch\u00e9ologiques recueillis lors des prospections et des fouilles.<\/p>\n<\/div>\n<div class=\"one_third last\">\n<h3>Articles:<\/h3>\n<ul>\n<li><a title=\"M\u00e9tallurgie du fer et forgerons au pays dogon : histoire d\u2019un \u00ab\u00a0savoir-fer\u00a0\u00bb\" href=\"http:\/\/www.ounjougou.org\/fr\/projets\/mali\/metallurgie\/metallurgie-du-fer-et-forgerons-au-pays-dogon-histoire-dun-savoir-fer\/\">M\u00e9tallurgie du fer et forgerons au Pays dogon<\/a><\/li>\n<\/ul>\n<\/div>\n<div class=\"clearboth\"><\/div>\n<p>&nbsp;<\/p>\n","protected":false},"excerpt":{"rendered":"<p>&nbsp;<\/p>\n","protected":false},"author":1,"featured_media":0,"parent":14,"menu_order":0,"comment_status":"closed","ping_status":"closed","template":"page-accueil.php","meta":{"footnotes":""},"_links":{"self":[{"href":"https:\/\/www.ounjougou.org\/fr\/wp-json\/wp\/v2\/pages\/78"}],"collection":[{"href":"https:\/\/www.ounjougou.org\/fr\/wp-json\/wp\/v2\/pages"}],"about":[{"href":"https:\/\/www.ounjougou.org\/fr\/wp-json\/wp\/v2\/types\/page"}],"author":[{"embeddable":true,"href":"https:\/\/www.ounjougou.org\/fr\/wp-json\/wp\/v2\/users\/1"}],"replies":[{"embeddable":true,"href":"https:\/\/www.ounjougou.org\/fr\/wp-json\/wp\/v2\/comments?post=78"}],"version-history":[{"count":0,"href":"https:\/\/www.ounjougou.org\/fr\/wp-json\/wp\/v2\/pages\/78\/revisions"}],"up":[{"embeddable":true,"href":"https:\/\/www.ounjougou.org\/fr\/wp-json\/wp\/v2\/pages\/14"}],"wp:attachment":[{"href":"https:\/\/www.ounjougou.org\/fr\/wp-json\/wp\/v2\/media?parent=78"}],"curies":[{"name":"wp","href":"https:\/\/api.w.org\/{rel}","templated":true}]}}