{"id":770,"date":"2013-07-03T14:39:37","date_gmt":"2013-07-03T13:39:37","guid":{"rendered":"http:\/\/www.ounjougou.org\/fr\/?page_id=770"},"modified":"2013-07-03T14:39:37","modified_gmt":"2013-07-03T13:39:37","slug":"recherches-ethnoarcheologiques-et-ethnohistoriques","status":"publish","type":"page","link":"https:\/\/www.ounjougou.org\/fr\/projets\/senegal\/ethnoarcheologie\/recherches-ethnoarcheologiques-et-ethnohistoriques\/","title":{"rendered":"Objectifs de recherche"},"content":{"rendered":"<div id=\"attachment_774\" style=\"width: 234px\" class=\"wp-caption alignright\"><a href=\"http:\/\/www.ounjougou.org\/fr\/wp-content\/uploads\/sites\/2\/2013\/07\/poti\u00e8re-de-Falala-1-1.jpg\"><img aria-describedby=\"caption-attachment-774\" decoding=\"async\" loading=\"lazy\" class=\"size-medium wp-image-774 \" alt=\"Poti\u00e8re de Falala. Photo A. Mayor\" src=\"http:\/\/www.ounjougou.org\/fr\/wp-content\/uploads\/sites\/2\/2013\/07\/poti\u00e8re-de-Falala-1-224x300.jpg\" width=\"224\" height=\"300\" \/><\/a><\/p>\n<p id=\"caption-attachment-774\" class=\"wp-caption-text\">Poti\u00e8re de Falala, 2013. Photo A. Mayor<\/p>\n<\/div>\n<p><strong><\/strong>Plusieurs objectifs compl\u00e9mentaires sous-tendent l\u2019\u00e9tude des p\u00e9riodes historiques et contemporaines au sein du cadre g\u00e9ographique dessin\u00e9 par la vall\u00e9e de la Fal\u00e9m\u00e9, et n\u00e9cessitent des m\u00e9thodes de recherche distinctes.<\/p>\n<p>Le premier objectif vise \u00e0 reconstituer les sc\u00e9narios historiques du peuplement r\u00e9cent, ayant conduit \u00e0 l\u2019installation des villages actuels, tout en essayant d\u2019en comprendre les m\u00e9canismes. La r\u00e9alisation de cet objectif n\u00e9cessite la conduite d\u2019enqu\u00eates ethnohistoriques approfondies et syst\u00e9matiques aupr\u00e8s des chefs de famille repr\u00e9sentant les diff\u00e9rentes composantes ethniques ou sociales des villages.<\/p>\n<p>Ces enqu\u00eates doivent \u00eatre compl\u00e9t\u00e9es par la visite, la description et la localisation pr\u00e9cise des villages occup\u00e9s pr\u00e9c\u00e9demment, souvent abandonn\u00e9s\u00a0; les parcours migratoires doivent quant \u00e0 eux \u00eatre cal\u00e9s chronologiquement, en se fondant \u00e0 chaque \u00e9tape sur les dur\u00e9es d\u2019occupation des sites, les g\u00e9n\u00e9alogies et les r\u00e9f\u00e9rences \u00e0 des \u00e9v\u00e9nements historiques connus. La consultation approfondie de documents d\u2019archives, de r\u00e9cits et de cartes g\u00e9ographiques des premiers explorateurs et administrateurs coloniaux europ\u00e9ens, ainsi que de r\u00e9cits historiques fond\u00e9s sur des traditions orales, permettra en outre de recouper et compl\u00e9ter les informations recueillies sur le terrain. Ces enqu\u00eates ethnohistoriques donneront aussi l\u2019occasion d\u2019explorer les dynamiques \u00e9conomiques, sociales, politiques et religieuses, souvent intimement li\u00e9es aux causes migratoires. La compr\u00e9hension des constructions identitaires et des interactions entre les divers groupes occupant la r\u00e9gion constitue un sujet particuli\u00e8rement int\u00e9ressant dans le pr\u00e9sent contexte de m\u00e9langes de populations.<\/p>\n<div id=\"attachment_775\" style=\"width: 247px\" class=\"wp-caption alignleft\"><a href=\"http:\/\/www.ounjougou.org\/fr\/wp-content\/uploads\/sites\/2\/2013\/07\/fours-de-r\u00e9duction-du-fer-1-1.jpg\"><img aria-describedby=\"caption-attachment-775\" decoding=\"async\" loading=\"lazy\" class=\"size-medium wp-image-775 \" alt=\"Fours de r\u00e9duction du fer. Photo A. Mayor\" src=\"http:\/\/www.ounjougou.org\/fr\/wp-content\/uploads\/sites\/2\/2013\/07\/fours-de-r\u00e9duction-du-fer-1-237x300.jpg\" width=\"237\" height=\"300\" \/><\/a><\/p>\n<p id=\"caption-attachment-775\" class=\"wp-caption-text\">Fours de r\u00e9duction du fer, 2013. Photo A. Mayor<\/p>\n<\/div>\n<p>Le deuxi\u00e8me objectif vise \u00e0 documenter les techniques artisanales actuelles, particuli\u00e8rement la poterie, la m\u00e9tallurgie du fer et l\u2019orpaillage. Le long de la Fal\u00e9m\u00e9, des observations ethnoarch\u00e9ologiques approfondies permettront de localiser et caract\u00e9riser les sources d\u2019approvisionnement en mati\u00e8re premi\u00e8re, de d\u00e9crire pr\u00e9cis\u00e9ment les cha\u00eenes op\u00e9ratoires et les outils, d\u2019\u00e9tudier les caract\u00e9ristiques des produits finis et de documenter les modalit\u00e9s de leur diffusion spatiale. Un regard particulier sera port\u00e9 aux ph\u00e9nom\u00e8nes d\u2019emprunts techniques, aux intermariages entre producteurs de traditions distinctes et aux \u00e9volutions, tant stylistiques que techniques. Autrement dit, il sera n\u00e9cessaire d\u2019examiner les rapports entre logiques techniques et logiques sociales. Des analyses en laboratoire des mati\u00e8res premi\u00e8res et des produits finis pourraient compl\u00e9ter ce volet, selon des modalit\u00e9s qui restent \u00e0 d\u00e9finir en fonction d\u2019objectifs plus pointus. Pour chacun des domaines abord\u00e9s, ces donn\u00e9es fourniront des r\u00e9f\u00e9rentiels de comparaison utiles aux interpr\u00e9tations des vestiges arch\u00e9ologiques r\u00e9gionaux des p\u00e9riodes historiques et protohistoriques. L\u2019approche diachronique de la c\u00e9ramique, en comparant de nombreux ensembles bien dat\u00e9s issus des sondages arch\u00e9ologiques, permettra de reconstituer l\u2019histoire des techniques et des peuplements dans cette r\u00e9gion encore mal connue.<\/p>\n<p>Le dernier objectif vise \u00e0 mener une \u00e9tude ethnoarch\u00e9ologique de l\u2019architecture traditionnelle, tr\u00e8s bien pr\u00e9serv\u00e9e dans de nombreux villages et particuli\u00e8rement peu document\u00e9e. Il s\u2019agira de d\u00e9crire les mat\u00e9riaux et les techniques de construction, les liens entre plan au sol et \u00e9l\u00e9vations pour les divers types de b\u00e2timents, les corr\u00e9lations entre techniques, dimensions et fonctions des pi\u00e8ces, l\u2019agencement des espaces, leur utilisation et leur rapport au groupe familial, ainsi que les d\u00e9cors muraux et leurs \u00e9ventuelles significations. Le relev\u00e9 de plans de concessions et la r\u00e9p\u00e9tition d\u2019observations au sein de plusieurs villages de chaque groupe ethnique dans plusieurs r\u00e9gions le long de la Fal\u00e9m\u00e9 permettront de caract\u00e9riser la variabilit\u00e9 architecturale r\u00e9gionale et de construire un r\u00e9f\u00e9rentiel actualiste solide. Celui-ci se montrera indispensable \u00e0 l\u2019interpr\u00e9tation des nombreuses structures visibles en surface des sites arch\u00e9ologiques prospect\u00e9s. Enfin, la documentation de l\u2019architecture religieuse et fun\u00e9raire sera \u00e9galement d\u2019un grand int\u00e9r\u00eat.<\/p>\n<p><a href=\"http:\/\/ua.unige.ch\/fr\/personne\/annemayor\/\">Anne Mayor<\/a> et Nd\u00e8ye Sokhna Gu\u00e8ye<\/p>\n","protected":false},"excerpt":{"rendered":"<p>Plusieurs objectifs compl\u00e9mentaires sous-tendent l\u2019\u00e9tude des p\u00e9riodes historiques et contemporaines au sein du cadre g\u00e9ographique dessin\u00e9 par la vall\u00e9e de la Fal\u00e9m\u00e9, et n\u00e9cessitent des m\u00e9thodes de recherche distinctes. Le premier objectif vise \u00e0 reconstituer les sc\u00e9narios historiques du peuplement<span class=\"ellipsis\">&hellip;<\/span><\/p>\n<div class=\"read-more\"><a href=\"https:\/\/www.ounjougou.org\/fr\/projets\/senegal\/ethnoarcheologie\/recherches-ethnoarcheologiques-et-ethnohistoriques\/\">Lire la suite &#8250;<\/a><\/div>\n<p><!-- end of .read-more --><\/p>\n","protected":false},"author":1,"featured_media":0,"parent":179,"menu_order":0,"comment_status":"closed","ping_status":"closed","template":"page-accueil.php","meta":{"footnotes":""},"_links":{"self":[{"href":"https:\/\/www.ounjougou.org\/fr\/wp-json\/wp\/v2\/pages\/770"}],"collection":[{"href":"https:\/\/www.ounjougou.org\/fr\/wp-json\/wp\/v2\/pages"}],"about":[{"href":"https:\/\/www.ounjougou.org\/fr\/wp-json\/wp\/v2\/types\/page"}],"author":[{"embeddable":true,"href":"https:\/\/www.ounjougou.org\/fr\/wp-json\/wp\/v2\/users\/1"}],"replies":[{"embeddable":true,"href":"https:\/\/www.ounjougou.org\/fr\/wp-json\/wp\/v2\/comments?post=770"}],"version-history":[{"count":0,"href":"https:\/\/www.ounjougou.org\/fr\/wp-json\/wp\/v2\/pages\/770\/revisions"}],"up":[{"embeddable":true,"href":"https:\/\/www.ounjougou.org\/fr\/wp-json\/wp\/v2\/pages\/179"}],"wp:attachment":[{"href":"https:\/\/www.ounjougou.org\/fr\/wp-json\/wp\/v2\/media?parent=770"}],"curies":[{"name":"wp","href":"https:\/\/api.w.org\/{rel}","templated":true}]}}