{"id":749,"date":"2013-07-03T14:03:22","date_gmt":"2013-07-03T13:03:22","guid":{"rendered":"http:\/\/www.ounjougou.org\/fr\/?page_id=749"},"modified":"2013-07-03T14:03:22","modified_gmt":"2013-07-03T13:03:22","slug":"le-site-dalinguel","status":"publish","type":"page","link":"https:\/\/www.ounjougou.org\/fr\/projets\/senegal\/archeologie\/le-site-dalinguel\/","title":{"rendered":"Le site d&#039;Alinguel"},"content":{"rendered":"<div id=\"attachment_758\" style=\"width: 310px\" class=\"wp-caption alignright\"><a href=\"http:\/\/www.ounjougou.org\/fr\/wp-content\/uploads\/sites\/2\/2013\/07\/87_IMG_4047-1-1.jpg\"><img aria-describedby=\"caption-attachment-758\" decoding=\"async\" loading=\"lazy\" class=\"size-medium wp-image-758 \" alt=\"Fouilles \u00e0 Alinguel, 2013.\" src=\"http:\/\/www.ounjougou.org\/fr\/wp-content\/uploads\/sites\/2\/2013\/07\/87_IMG_4047-1-300x225.jpg\" width=\"300\" height=\"225\" srcset=\"https:\/\/www.ounjougou.org\/fr\/wp-content\/uploads\/sites\/2\/2013\/07\/87_IMG_4047-1-300x225.jpg 300w, https:\/\/www.ounjougou.org\/fr\/wp-content\/uploads\/sites\/2\/2013\/07\/87_IMG_4047-1-768x577.jpg 768w, https:\/\/www.ounjougou.org\/fr\/wp-content\/uploads\/sites\/2\/2013\/07\/87_IMG_4047-1.jpg 787w\" sizes=\"(max-width: 300px) 100vw, 300px\" \/><\/a><\/p>\n<p id=\"caption-attachment-758\" class=\"wp-caption-text\">Fouilles \u00e0 Alinguel, 2013.<\/p>\n<\/div>\n<p>Les recherches conduites au S\u00e9n\u00e9gal oriental par le Laboratoire Arch\u00e9ologie et Peuplement de l\u2019Afrique (APA), dans le cadre du programme de recherche Peuplement humain et pal\u00e9oenvironnement en Afrique, ont permis d\u2019identifier plusieurs sites arch\u00e9ologiques datant du Pal\u00e9olithique jusqu\u2019aux p\u00e9riodes contemporaines. Parmi les nombreux sites protohistoriques, l\u2019habitat d\u2019Alinguel s\u2019est av\u00e9r\u00e9 particuli\u00e8rement important pour la compr\u00e9hension de l\u2019histoire du peuplement de cette r\u00e9gion peu connue sur le plan arch\u00e9ologique.<\/p>\n<p>Ce site se pr\u00e9sente comme un vaste complexe d\u2019habitat qui s\u2019\u00e9tend sur la rive ouest de la Fal\u00e9m\u00e9 et au nord-est du village \u00e9ponyme actuel.<\/p>\n<p>Une reconnaissance du gisement a permis de d\u00e9finir trois zones potentiellement riches en artefacts qui ont fait l\u2019objet de sondages. L\u2019une d\u2019entre elles a, par la suite, \u00e9t\u00e9 fouill\u00e9e sur deux secteurs. \u00c0 l\u2019issue de ces travaux, de nombreux \u00e9chantillons ont \u00e9t\u00e9 pr\u00e9lev\u00e9s, conditionn\u00e9s et analys\u00e9s. Il s\u2019agit de c\u00e9ramique, de perles, de charbons de bois, de mat\u00e9riel osseux et d\u2019objets m\u00e9talliques.<\/p>\n<div id=\"attachment_760\" style=\"width: 310px\" class=\"wp-caption alignleft\"><a href=\"http:\/\/www.ounjougou.org\/fr\/wp-content\/uploads\/sites\/2\/2013\/07\/Alinguel-1-1.jpg\"><img aria-describedby=\"caption-attachment-760\" decoding=\"async\" loading=\"lazy\" class=\"size-medium wp-image-760 \" alt=\"Base de grenier en pierre, 2013. Photo S. Loukou\" src=\"http:\/\/www.ounjougou.org\/fr\/wp-content\/uploads\/sites\/2\/2013\/07\/Alinguel-1-300x248.jpg\" width=\"300\" height=\"248\" \/><\/a><\/p>\n<p id=\"caption-attachment-760\" class=\"wp-caption-text\">Base de grenier en pierre, 2013. Photo S. Loukou<\/p>\n<\/div>\n<p>Les premi\u00e8res fouilles ont conduit \u00e0 la d\u00e9couverte de structures quadrangulaires et portant des traces de feu et contenant notamment des graines carbonis\u00e9es, en cours d&rsquo;\u00e9tude. Ces structures sont provisoirement interpr\u00e9t\u00e9es comme des vestiges d\u2019une concentration de greniers sur\u00e9lev\u00e9s. On d\u00e9nombre \u00e9galement des structures circulaires en pierres avec de nombreux galets, associ\u00e9es \u00e0 des fosses contenant du mat\u00e9riel osseux et une meule en granite pos\u00e9e \u00e0 la verticale.<\/p>\n<p>Les dates <sup>14<\/sup>C obtenues \u00e0 partir de charbons de bois indiquent que le site a connu plusieurs p\u00e9riodes d&rsquo;occupation distinctes \u00e0 partir du 1<sup>er<\/sup> mill\u00e9naire avant notre \u00e8re. Sa p\u00e9riode d&rsquo;occupation maximale se situe entre le 6<sup>\u00e8me<\/sup> et le 13<sup>\u00e8me<\/sup> si\u00e8cle de notre \u00e8re et co\u00efncide ainsi avec le d\u00e9veloppement des royaumes du Ghana et du Mali ainsi que l\u2019exploitation de la r\u00e9gion aurif\u00e8re du Bambouk.<\/p>\n<p>Notre travail vise \u00e0 \u00e9tudier l\u2019\u00e9volution de cet habitat et \u00e0 comprendre l\u2019impact de la mise en place des formations \u00e9tatiques ouest-africaines pr\u00e9-cit\u00e9es sur la vie sociale, \u00e9conomique et politique des soci\u00e9t\u00e9s rurales de la Fal\u00e9m\u00e9.<\/p>\n<p><a href=\"http:\/\/ua.unige.ch\/fr\/personne\/sergeloukou\/\">Serge Loukou<\/a><\/p>\n","protected":false},"excerpt":{"rendered":"<p>Les recherches conduites au S\u00e9n\u00e9gal oriental par le Laboratoire Arch\u00e9ologie et Peuplement de l\u2019Afrique (APA), dans le cadre du programme de recherche Peuplement humain et pal\u00e9oenvironnement en Afrique, ont permis d\u2019identifier plusieurs sites arch\u00e9ologiques datant du Pal\u00e9olithique jusqu\u2019aux p\u00e9riodes contemporaines.<span class=\"ellipsis\">&hellip;<\/span><\/p>\n<div class=\"read-more\"><a href=\"https:\/\/www.ounjougou.org\/fr\/projets\/senegal\/archeologie\/le-site-dalinguel\/\">Lire la suite &#8250;<\/a><\/div>\n<p><!-- end of .read-more --><\/p>\n","protected":false},"author":1,"featured_media":0,"parent":102,"menu_order":0,"comment_status":"closed","ping_status":"closed","template":"page-accueil.php","meta":{"footnotes":""},"_links":{"self":[{"href":"https:\/\/www.ounjougou.org\/fr\/wp-json\/wp\/v2\/pages\/749"}],"collection":[{"href":"https:\/\/www.ounjougou.org\/fr\/wp-json\/wp\/v2\/pages"}],"about":[{"href":"https:\/\/www.ounjougou.org\/fr\/wp-json\/wp\/v2\/types\/page"}],"author":[{"embeddable":true,"href":"https:\/\/www.ounjougou.org\/fr\/wp-json\/wp\/v2\/users\/1"}],"replies":[{"embeddable":true,"href":"https:\/\/www.ounjougou.org\/fr\/wp-json\/wp\/v2\/comments?post=749"}],"version-history":[{"count":0,"href":"https:\/\/www.ounjougou.org\/fr\/wp-json\/wp\/v2\/pages\/749\/revisions"}],"up":[{"embeddable":true,"href":"https:\/\/www.ounjougou.org\/fr\/wp-json\/wp\/v2\/pages\/102"}],"wp:attachment":[{"href":"https:\/\/www.ounjougou.org\/fr\/wp-json\/wp\/v2\/media?parent=749"}],"curies":[{"name":"wp","href":"https:\/\/api.w.org\/{rel}","templated":true}]}}