{"id":696,"date":"2013-07-03T13:16:07","date_gmt":"2013-07-03T12:16:07","guid":{"rendered":"http:\/\/www.ounjougou.org\/fr\/?page_id=696"},"modified":"2013-07-03T13:16:07","modified_gmt":"2013-07-03T12:16:07","slug":"ethnoarcheologie-des-techniques-de-forge-traditionnelle","status":"publish","type":"page","link":"https:\/\/www.ounjougou.org\/fr\/projets\/mali\/metallurgie\/ethnoarcheologie-des-techniques-de-forge-traditionnelle\/","title":{"rendered":"Ethnoarch\u00e9ologie des techniques de forge traditionnelle"},"content":{"rendered":"<div id=\"attachment_698\" style=\"width: 310px\" class=\"wp-caption alignright\"><a href=\"http:\/\/www.ounjougou.org\/fr\/wp-content\/uploads\/sites\/2\/2013\/07\/RS_01-1-1.jpg\"><img aria-describedby=\"caption-attachment-698\" decoding=\"async\" loading=\"lazy\" class=\"size-medium wp-image-698 \" alt=\"Les mat\u00e9riaux des essais de forgeage traditionnel au pays dogon (Janvier 2008). \u00c0 gauche : les diff\u00e9rentes sortes de fer utilis\u00e9es : barres anciennes de fer, barres modernes de diff\u00e9rentes sections. Au centre : une lame de houe et un grand couteau. \u00c0 droite : une scorie de forge . Photo R. Soulignac\" src=\"http:\/\/www.ounjougou.org\/fr\/wp-content\/uploads\/sites\/2\/2013\/07\/RS_01-1-300x158.jpg\" width=\"300\" height=\"158\" srcset=\"https:\/\/www.ounjougou.org\/fr\/wp-content\/uploads\/sites\/2\/2013\/07\/RS_01-1-300x158.jpg 300w, https:\/\/www.ounjougou.org\/fr\/wp-content\/uploads\/sites\/2\/2013\/07\/RS_01-1.jpg 400w\" sizes=\"(max-width: 300px) 100vw, 300px\" \/><\/a><\/p>\n<p id=\"caption-attachment-698\" class=\"wp-caption-text\">Les mat\u00e9riaux des essais de forgeage traditionnel au Pays dogon (Janvier 2008). \u00c0 gauche : les diff\u00e9rentes sortes de fer utilis\u00e9es : barres anciennes de fer, barres modernes de diff\u00e9rentes sections. Au centre : une lame de houe et un grand couteau. \u00c0 droite : une scorie de forge. Photo R. Soulignac<\/p>\n<\/div>\n<p>Les forgerons des villages du Pays dogon continuent \u00e0 fabriquer avec les techniques traditionnelles, la plupart des objets de la vie quotidienne : houes, haches, couteaux, etc. Une recherche est en cours pour d\u00e9crire ces techniques de forgeage et pour comprendre les relations entre les diff\u00e9rents travaux et les d\u00e9chets (scories et battitures).<\/p>\n<div id=\"attachment_700\" style=\"width: 310px\" class=\"wp-caption alignleft\"><a href=\"http:\/\/www.ounjougou.org\/fr\/wp-content\/uploads\/sites\/2\/2013\/07\/RS_02-1-1.jpg\"><img aria-describedby=\"caption-attachment-700\" decoding=\"async\" loading=\"lazy\" class=\"size-medium wp-image-700 \" alt=\"Le forgeron Ti\u00e9g\u00e9 Jo au cours d\u2019une op\u00e9ration de forgeage. Photo R. Soulignac\" src=\"http:\/\/www.ounjougou.org\/fr\/wp-content\/uploads\/sites\/2\/2013\/07\/RS_02-1-300x225.jpg\" width=\"300\" height=\"225\" srcset=\"https:\/\/www.ounjougou.org\/fr\/wp-content\/uploads\/sites\/2\/2013\/07\/RS_02-1-300x225.jpg 300w, https:\/\/www.ounjougou.org\/fr\/wp-content\/uploads\/sites\/2\/2013\/07\/RS_02-1.jpg 350w\" sizes=\"(max-width: 300px) 100vw, 300px\" \/><\/a><\/p>\n<p id=\"caption-attachment-700\" class=\"wp-caption-text\">Le forgeron Ti\u00e9g\u00e9 Jo au cours d\u2019une op\u00e9ration de forgeage. Photo R. Soulignac<\/p>\n<\/div>\n<p>Les observations effectu\u00e9es dans des conditions contr\u00f4l\u00e9es permettront d\u2019interpr\u00e9ter de mani\u00e8re plus rigoureuse les tr\u00e8s nombreuses scories de forge retrouv\u00e9es au cours de fouilles arch\u00e9ologiques au Mali, mais aussi en Europe.<\/p>\n<p>Le but est d\u2019\u00e9tudier les diff\u00e9rents facteurs qui influencent la formation des d\u00e9chets : dur\u00e9e du travail, temp\u00e9ratures atteintes, travail du fer ou de l\u2019acier, travail du fer brut ou propre, traitements thermiques (soudure, recuit, revenu), actes techniques sp\u00e9cifiques (soudure), etc.<\/p>\n<p>&nbsp;<\/p>\n<p><a href=\"http:\/\/www.unifr.ch\/geoscience\/geology\/en\/staff\/phd\/r.-soulignac\">Rapha\u00eblle Soulignac<\/a><\/p>\n","protected":false},"excerpt":{"rendered":"<p>Les forgerons des villages du Pays dogon continuent \u00e0 fabriquer avec les techniques traditionnelles, la plupart des objets de la vie quotidienne : houes, haches, couteaux, etc. Une recherche est en cours pour d\u00e9crire ces techniques de forgeage et pour<span class=\"ellipsis\">&hellip;<\/span><\/p>\n<div class=\"read-more\"><a href=\"https:\/\/www.ounjougou.org\/fr\/projets\/mali\/metallurgie\/ethnoarcheologie-des-techniques-de-forge-traditionnelle\/\">Lire la suite &#8250;<\/a><\/div>\n<p><!-- end of .read-more --><\/p>\n","protected":false},"author":1,"featured_media":0,"parent":78,"menu_order":0,"comment_status":"closed","ping_status":"closed","template":"page-accueil.php","meta":{"footnotes":""},"_links":{"self":[{"href":"https:\/\/www.ounjougou.org\/fr\/wp-json\/wp\/v2\/pages\/696"}],"collection":[{"href":"https:\/\/www.ounjougou.org\/fr\/wp-json\/wp\/v2\/pages"}],"about":[{"href":"https:\/\/www.ounjougou.org\/fr\/wp-json\/wp\/v2\/types\/page"}],"author":[{"embeddable":true,"href":"https:\/\/www.ounjougou.org\/fr\/wp-json\/wp\/v2\/users\/1"}],"replies":[{"embeddable":true,"href":"https:\/\/www.ounjougou.org\/fr\/wp-json\/wp\/v2\/comments?post=696"}],"version-history":[{"count":0,"href":"https:\/\/www.ounjougou.org\/fr\/wp-json\/wp\/v2\/pages\/696\/revisions"}],"up":[{"embeddable":true,"href":"https:\/\/www.ounjougou.org\/fr\/wp-json\/wp\/v2\/pages\/78"}],"wp:attachment":[{"href":"https:\/\/www.ounjougou.org\/fr\/wp-json\/wp\/v2\/media?parent=696"}],"curies":[{"name":"wp","href":"https:\/\/api.w.org\/{rel}","templated":true}]}}