{"id":681,"date":"2013-07-03T12:53:39","date_gmt":"2013-07-03T11:53:39","guid":{"rendered":"http:\/\/www.ounjougou.org\/fr\/?page_id=681"},"modified":"2013-07-03T12:53:39","modified_gmt":"2013-07-03T11:53:39","slug":"etude-archeometallurgique-de-la-production-du-fer-ancienne-en-pays-dogon","status":"publish","type":"page","link":"https:\/\/www.ounjougou.org\/fr\/projets\/mali\/metallurgie\/etude-archeometallurgique-de-la-production-du-fer-ancienne-en-pays-dogon\/","title":{"rendered":"Etude arch\u00e9om\u00e9tallurgique de la production du fer ancienne en Pays Dogon"},"content":{"rendered":"<div id=\"attachment_683\" style=\"width: 310px\" class=\"wp-caption alignright\"><a href=\"http:\/\/www.ounjougou.org\/fr\/wp-content\/uploads\/sites\/2\/2013\/07\/SP_01-1-1.jpg\"><img aria-describedby=\"caption-attachment-683\" decoding=\"async\" loading=\"lazy\" class=\"size-medium wp-image-683  \" alt=\"Fig.1  Reconstitution d'un bas fourneau \u00e0 Kobo. Dessin S. Perret\" src=\"http:\/\/www.ounjougou.org\/fr\/wp-content\/uploads\/sites\/2\/2013\/07\/SP_01-1-300x147.jpg\" width=\"300\" height=\"147\" srcset=\"https:\/\/www.ounjougou.org\/fr\/wp-content\/uploads\/sites\/2\/2013\/07\/SP_01-1-300x147.jpg 300w, https:\/\/www.ounjougou.org\/fr\/wp-content\/uploads\/sites\/2\/2013\/07\/SP_01-1.jpg 450w\" sizes=\"(max-width: 300px) 100vw, 300px\" \/><\/a><\/p>\n<p id=\"caption-attachment-683\" class=\"wp-caption-text\">Fig.1 Reconstitution d&rsquo;un bas fourneau \u00e0 Kobo. Dessin S. Perret<\/p>\n<\/div>\n<h4>Introduction<\/h4>\n<p>Dans le cadre du volet pal\u00e9om\u00e9tallurgique, les prospections extensives et l&rsquo;approche ethnoarch\u00e9ologique sont compl\u00e9t\u00e9es par des \u00e9tudes d\u00e9taill\u00e9es sur des sites appartenant \u00e0 des traditions m\u00e9tallurgiques distinctes. Elles doivent permettent de reconstituer les diff\u00e9rentes \u00e9tapes de cha\u00eene op\u00e9ratoire et de comprendre les sch\u00e9mas d&rsquo;organisation sociale et \u00e9conomique qui sous-tendent ces sid\u00e9rurgies si vari\u00e9es. Ces \u00e9tudes se font par le biais d&rsquo;interventions arch\u00e9ologiques d\u00e9taill\u00e9es sur les vestiges de production (bas fourneaux, am\u00e9nagements divers) et sont suivies par des analyses arch\u00e9om\u00e9triques en laboratoire, sur les r\u00e9sidus m\u00e9tallurgiques (scories, minerai, tuy\u00e8res, parois de fourneaux).<\/p>\n<div id=\"attachment_685\" style=\"width: 262px\" class=\"wp-caption alignleft\"><a href=\"http:\/\/www.ounjougou.org\/fr\/wp-content\/uploads\/sites\/2\/2013\/07\/SP_02-1-1.jpg\"><img aria-describedby=\"caption-attachment-685\" decoding=\"async\" loading=\"lazy\" class=\"size-medium wp-image-685  \" alt=\"Fig.2 Am\u00e9nagements sur le site de Fiko. Dessin S. Perret\" src=\"http:\/\/www.ounjougou.org\/fr\/wp-content\/uploads\/sites\/2\/2013\/07\/SP_02-1-252x300.jpg\" width=\"252\" height=\"300\" srcset=\"https:\/\/www.ounjougou.org\/fr\/wp-content\/uploads\/sites\/2\/2013\/07\/SP_02-1-252x300.jpg 252w, https:\/\/www.ounjougou.org\/fr\/wp-content\/uploads\/sites\/2\/2013\/07\/SP_02-1.jpg 400w\" sizes=\"(max-width: 252px) 100vw, 252px\" \/><\/a><\/p>\n<p id=\"caption-attachment-685\" class=\"wp-caption-text\">Fig.2 Am\u00e9nagements sur le site de Fiko. Dessin S. Perret<\/p>\n<\/div>\n<h4>Les interventions arch\u00e9ologiques<\/h4>\n<p>Sur le terrain, plusieurs aspects sont abord\u00e9s. Les sondages et les fouilles dans les amas de scories permettent de mettre au jour les bas fourneaux (fig. 1) et de les reconstituer. Elles font \u00e9galement appara\u00eetre l&rsquo;organisation spatiale des sites et les divers am\u00e9nagements (fig. 2). Afin de dater les sites et de reconstituer l&rsquo;\u00e9volution de la production sur les sites \u00e0 longue dur\u00e9e, des charbons de bois sont pr\u00e9lev\u00e9s en position stratigraphique. Des \u00e9chantillons sont pr\u00e9lev\u00e9s pour les \u00e9tudes anthracologiques, mettant en \u00e9vidence les strat\u00e9gies d&rsquo;exploitation des ressources bois\u00e9es, mais \u00e9galement l&rsquo;\u00e9ventuel impact \u00e9cologique des productions de fer \u00e0 large \u00e9chelle.<\/p>\n<div id=\"attachment_687\" style=\"width: 310px\" class=\"wp-caption alignright\"><a href=\"http:\/\/www.ounjougou.org\/fr\/wp-content\/uploads\/sites\/2\/2013\/07\/SP_03-1-1.jpg\"><img aria-describedby=\"caption-attachment-687\" decoding=\"async\" loading=\"lazy\" class=\"size-full wp-image-687  \" alt=\"Fig.3  Reconstitution des surfaces des amas de scories de Fiko. Dessin S. Perret\" src=\"http:\/\/www.ounjougou.org\/fr\/wp-content\/uploads\/sites\/2\/2013\/07\/SP_03-1-1.jpg\" width=\"300\" height=\"221\" \/><\/a><\/p>\n<p id=\"caption-attachment-687\" class=\"wp-caption-text\">Fig.3 Reconstitution des surfaces des amas de scories de Fiko. Dessin S. Perret<\/p>\n<\/div>\n<p>Une topographie pr\u00e9cise des amas de scories permet de reconstituer leurs volumes (fig.3). Afin de conna\u00eetre la densit\u00e9 des vestiges (la quantit\u00e9 de scories par m\u00e8tre cube), il est indispensable de faire des cubages repr\u00e9sentatifs. A partir de ces donn\u00e9es, on peut \u00e9valuer de mani\u00e8re relativement pr\u00e9cise le poids des scories sur les diff\u00e9rents sites, \u00e9tape essentielle pour pouvoir quantifier la production de fer.<br \/>\nLes scories (fig.4) et les autres r\u00e9sidus m\u00e9tallurgiques sont \u00e9chantillonn\u00e9s pour les travaux en laboratoire. L&rsquo;\u00e9chantillonnage constitue une \u00e9tape cruciale et doit \u00eatre repr\u00e9sentatif. Ceci n\u00e9cessite un bonne connaissance de l&rsquo;assemblage de ces vestiges, de leur diversit\u00e9 et de leurs proportions, qui varient tr\u00e8s fortement d&rsquo;un site \u00e0 un autre (ou entre diff\u00e9rentes traditions technologiques).<\/p>\n<div id=\"attachment_689\" style=\"width: 310px\" class=\"wp-caption alignleft\"><a href=\"http:\/\/www.ounjougou.org\/fr\/wp-content\/uploads\/sites\/2\/2013\/07\/SP_04-1-1.jpg\"><img aria-describedby=\"caption-attachment-689\" decoding=\"async\" loading=\"lazy\" class=\"size-full wp-image-689  \" alt=\"Fig.4 Une tuy\u00e8re accol\u00e9e \u00e0 une scorie sableuse. Dessin S. Perret\" src=\"http:\/\/www.ounjougou.org\/fr\/wp-content\/uploads\/sites\/2\/2013\/07\/SP_04-1-1.jpg\" width=\"300\" height=\"226\" \/><\/a><\/p>\n<p id=\"caption-attachment-689\" class=\"wp-caption-text\">Fig.4 Une tuy\u00e8re accol\u00e9e \u00e0 une scorie sableuse. Dessin S. Perret<\/p>\n<\/div>\n<h4>L&rsquo;\u00e9tude des r\u00e9sidus m\u00e9tallurgiques<\/h4>\n<p>En laboratoire, les analyses chimiques (fig. 5) ou p\u00e9trographiques sur les diverses cat\u00e9gories de vestiges poursuivent deux buts. D&rsquo;une part, elles permettent de comprendre ces r\u00e9sidus d&rsquo;un point de vue technologique et de reconstituer les gestes techniques, la conduite des op\u00e9rations de r\u00e9duction, les conditions thermiques\/physico-chimiques qui r\u00e9sident dans le bas fourneau, etc. D&rsquo;autre part, c&rsquo;est \u00e0 partir de ces donn\u00e9es que l&rsquo;on peut \u00e9tablir un bilan des masses (un sch\u00e9ma des flux des mat\u00e9riaux). Celui-ci fournit des indications sur l&rsquo;efficacit\u00e9 du proc\u00e9d\u00e9, mais aussi une base de calcul pour quantifier la quantit\u00e9 de fer produit par tonne de scories ou au niveau du site. Si l&rsquo;on dispose d&rsquo;une bonne chronologie pour les sites, il est ainsi possible de faire une estimation de la production de fer annuelle, que l&rsquo;on peut opposer aux chiffres sur la consommation, pour l&rsquo;instant malheureusement trop incomplets. Ces chiffres sont \u00e9galement de premi\u00e8re importance lorsqu&rsquo;on discute d&rsquo;une \u00e9ventuelle d\u00e9forestation, puisque l&rsquo;on peut \u00e9valuer la quantit\u00e9 de charbon de bois n\u00e9cessaire pour produire ce fer.<\/p>\n<div id=\"attachment_692\" style=\"width: 310px\" class=\"wp-caption alignright\"><a href=\"http:\/\/www.ounjougou.org\/fr\/wp-content\/uploads\/sites\/2\/2013\/07\/SP_06-1-1.jpg\"><img aria-describedby=\"caption-attachment-692\" decoding=\"async\" loading=\"lazy\" class=\"size-medium wp-image-692 \" alt=\"Fig.5. Diagramme ternaire repr\u00e9sentant les compositions chimiques de scories coul\u00e9es typiques. Dessin S. Perret\" src=\"http:\/\/www.ounjougou.org\/fr\/wp-content\/uploads\/sites\/2\/2013\/07\/SP_06-1-300x251.jpg\" width=\"300\" height=\"251\" srcset=\"https:\/\/www.ounjougou.org\/fr\/wp-content\/uploads\/sites\/2\/2013\/07\/SP_06-1-300x251.jpg 300w, https:\/\/www.ounjougou.org\/fr\/wp-content\/uploads\/sites\/2\/2013\/07\/SP_06-1.jpg 400w\" sizes=\"(max-width: 300px) 100vw, 300px\" \/><\/a><\/p>\n<p id=\"caption-attachment-692\" class=\"wp-caption-text\">Fig.5. Diagramme ternaire repr\u00e9sentant les compositions chimiques de scories coul\u00e9es typiques. Dessin S. Perret<\/p>\n<\/div>\n<h4>Une extraordinaire diversit\u00e9 technologique<\/h4>\n<p>Une demi-douzaine de sites ont pu \u00eatre fouill\u00e9 \u00e0 ce jour, dont certains de mani\u00e8re extensive. Trois sites font actuellement l&rsquo;objet d&rsquo;\u00e9tudes en laboratoire. Les premiers r\u00e9sultats t\u00e9moignent de l&rsquo;extraordinaire diversit\u00e9 technologique en pays dogon, o\u00f9 se c\u00f4toient des productions \u00e0 caract\u00e8re strictement local et des sid\u00e9rurgies \u00e0 tr\u00e8s large \u00e9chelle. Les diff\u00e9rentes traditions m\u00e9tallurgiques ne se distinguent pas seulement par leur caract\u00e9ristiques techniques (efficacit\u00e9 et fonctionnement des op\u00e9rations de r\u00e9duction), mais \u00e9galement par la structuration de l&rsquo;espace de travail, propre \u00e0 chaque groupe. Il est beaucoup trop t\u00f4t pour \u00e9valuer l&rsquo;\u00e9volution diachronique de ces m\u00e9tallurgies et leur degr\u00e9 de parent\u00e9. Il appara\u00eet cependant que cette diversit\u00e9, tant au niveau technologique que de l&rsquo;organisation de la production, ne t\u00e9moigne pas tant d&rsquo;une d\u00e9marche cherchant \u00e0 maximiser l&rsquo;efficacit\u00e9 du proc\u00e9d\u00e9, mais rel\u00e8ve plut\u00f4t de fortes contraintes sociales et culturelles.<\/p>\n<p>&nbsp;<\/p>\n<p>&nbsp;<br \/>\n<strong><a href=\"http:\/\/www.unifr.ch\/geoscience\/geology\/en\/staff\/phd\/s.-perret\">S\u00e9bastien Perret<\/a><\/strong><\/p>\n","protected":false},"excerpt":{"rendered":"<p>Introduction Dans le cadre du volet pal\u00e9om\u00e9tallurgique, les prospections extensives et l&rsquo;approche ethnoarch\u00e9ologique sont compl\u00e9t\u00e9es par des \u00e9tudes d\u00e9taill\u00e9es sur des sites appartenant \u00e0 des traditions m\u00e9tallurgiques distinctes. Elles doivent permettent de reconstituer les diff\u00e9rentes \u00e9tapes de cha\u00eene op\u00e9ratoire et<span class=\"ellipsis\">&hellip;<\/span><\/p>\n<div class=\"read-more\"><a href=\"https:\/\/www.ounjougou.org\/fr\/projets\/mali\/metallurgie\/etude-archeometallurgique-de-la-production-du-fer-ancienne-en-pays-dogon\/\">Lire la suite &#8250;<\/a><\/div>\n<p><!-- end of .read-more --><\/p>\n","protected":false},"author":1,"featured_media":0,"parent":78,"menu_order":0,"comment_status":"closed","ping_status":"closed","template":"page-accueil.php","meta":{"footnotes":""},"_links":{"self":[{"href":"https:\/\/www.ounjougou.org\/fr\/wp-json\/wp\/v2\/pages\/681"}],"collection":[{"href":"https:\/\/www.ounjougou.org\/fr\/wp-json\/wp\/v2\/pages"}],"about":[{"href":"https:\/\/www.ounjougou.org\/fr\/wp-json\/wp\/v2\/types\/page"}],"author":[{"embeddable":true,"href":"https:\/\/www.ounjougou.org\/fr\/wp-json\/wp\/v2\/users\/1"}],"replies":[{"embeddable":true,"href":"https:\/\/www.ounjougou.org\/fr\/wp-json\/wp\/v2\/comments?post=681"}],"version-history":[{"count":0,"href":"https:\/\/www.ounjougou.org\/fr\/wp-json\/wp\/v2\/pages\/681\/revisions"}],"up":[{"embeddable":true,"href":"https:\/\/www.ounjougou.org\/fr\/wp-json\/wp\/v2\/pages\/78"}],"wp:attachment":[{"href":"https:\/\/www.ounjougou.org\/fr\/wp-json\/wp\/v2\/media?parent=681"}],"curies":[{"name":"wp","href":"https:\/\/api.w.org\/{rel}","templated":true}]}}