{"id":615,"date":"2013-07-01T16:02:13","date_gmt":"2013-07-01T15:02:13","guid":{"rendered":"http:\/\/www.ounjougou.org\/fr\/?page_id=615"},"modified":"2017-04-19T12:48:09","modified_gmt":"2017-04-19T10:48:09","slug":"levolution-des-paysages-fluviaux-du-yame-durant-lholocene","status":"publish","type":"page","link":"https:\/\/www.ounjougou.org\/fr\/projets\/mali\/environnement\/levolution-des-paysages-fluviaux-du-yame-durant-lholocene\/","title":{"rendered":"L&rsquo;\u00e9volution des paysages fluviaux du Yam\u00e9 durant l&rsquo;Holoc\u00e8ne"},"content":{"rendered":"<div id=\"attachment_618\" style=\"width: 710px\" class=\"wp-caption alignright\"><a href=\"http:\/\/www.ounjougou.org\/fr\/wp-content\/uploads\/sites\/2\/2013\/07\/LL_01-1-1.jpg\"><img aria-describedby=\"caption-attachment-618\" decoding=\"async\" loading=\"lazy\" class=\"wp-image-618 size-full\" src=\"http:\/\/www.ounjougou.org\/fr\/wp-content\/uploads\/sites\/2\/2013\/07\/LL_01-1.jpg\" alt=\" Fig. 1. Photographie de la Rive droite du Yam\u00e9 entre les ravins du Hibou et de la Mouche. Photo L.Lespez\" width=\"700\" height=\"135\" srcset=\"https:\/\/www.ounjougou.org\/fr\/wp-content\/uploads\/sites\/2\/2013\/07\/LL_01-1.jpg 700w, https:\/\/www.ounjougou.org\/fr\/wp-content\/uploads\/sites\/2\/2013\/07\/LL_01-1-300x58.jpg 300w\" sizes=\"(max-width: 700px) 100vw, 700px\" \/><\/a><\/p>\n<p id=\"caption-attachment-618\" class=\"wp-caption-text\">Fig. 1. Photographie de la Rive droite du Yam\u00e9 entre les ravins du Hibou et de la Mouche. Photo L.Lespez<\/p>\n<\/div>\n<h4>Objectif g\u00e9n\u00e9raux<\/h4>\n<p>Ces travaux ont \u00e9t\u00e9 effectu\u00e9s dans le cadre des \u00e9tudes pal\u00e9oenvironnementales men\u00e9 par un groupe de chercheur des universit\u00e9s de Caen, de Francfort, d\u2019Angers et de Rouen. En suivant une approche \u00e0 la fois g\u00e9omorphologique, s\u00e9dimentologique et g\u00e9oarch\u00e9ologique, ces recherches portent principalement sur la compr\u00e9hension des mutations des paysages fluviaux du Yam\u00e9 au cours des dix derniers mill\u00e9naires.<\/p>\n<div id=\"attachment_619\" style=\"width: 310px\" class=\"wp-caption alignleft\"><a href=\"http:\/\/www.ounjougou.org\/fr\/wp-content\/uploads\/sites\/2\/2013\/07\/LL_03_500_336-1-1.png\"><img aria-describedby=\"caption-attachment-619\" decoding=\"async\" loading=\"lazy\" class=\"wp-image-619 size-medium\" src=\"http:\/\/www.ounjougou.org\/fr\/wp-content\/uploads\/sites\/2\/2013\/07\/LL_03_500_336-1-300x202.png\" alt=\" Fig. 2.Coupe synth\u00e9tique longitudinale du Ravin sud (Rive droite). Photo L.Lespez\" width=\"300\" height=\"202\" srcset=\"https:\/\/www.ounjougou.org\/fr\/wp-content\/uploads\/sites\/2\/2013\/07\/LL_03_500_336-1-300x202.png 300w, https:\/\/www.ounjougou.org\/fr\/wp-content\/uploads\/sites\/2\/2013\/07\/LL_03_500_336-1.png 500w\" sizes=\"(max-width: 300px) 100vw, 300px\" \/><\/a><\/p>\n<p id=\"caption-attachment-619\" class=\"wp-caption-text\">Fig. 2.Coupe synth\u00e9tique longitudinale du Ravin sud (Rive droite). Photo L.Lespez<\/p>\n<\/div>\n<p>L\u2019objectif est triple. Il s\u2019agit d\u2019abord d\u2019\u00e9tablir un cadre chronostratigraphique g\u00e9n\u00e9ral utilisable par les arch\u00e9ologues et les sp\u00e9cialistes des analyses pal\u00e9obiologiques. Il s\u2019agit ensuite de comprendre le r\u00f4le des oscillations pal\u00e9oclimatiques sur le fonctionnement du cours d\u2019eau et d\u2019en d\u00e9duire leurs cons\u00e9quences pour les soci\u00e9t\u00e9s locales. Il est alors possible de contribuer \u00e0 la discussion sur l\u2019impact des soci\u00e9t\u00e9s sur les zones humides de la vall\u00e9e du Yam\u00e9 et plus g\u00e9n\u00e9ralement sur les environnements de l\u2019ensemble du plateau de Bandiagara au cours des douze derniers mill\u00e9naires.<\/p>\n<div id=\"attachment_620\" style=\"width: 310px\" class=\"wp-caption alignright\"><a href=\"http:\/\/www.ounjougou.org\/fr\/wp-content\/uploads\/sites\/2\/2013\/07\/LL_04_500_378-1-1.png\"><img aria-describedby=\"caption-attachment-620\" decoding=\"async\" loading=\"lazy\" class=\"wp-image-620 size-medium\" src=\"http:\/\/www.ounjougou.org\/fr\/wp-content\/uploads\/sites\/2\/2013\/07\/LL_04_500_378-1-300x227.png\" alt=\"Fig. 3. Coupes synth\u00e9tiques transversales de la vall\u00e9e du Yam\u00e9. Dessin L.Lespez\" width=\"300\" height=\"227\" srcset=\"https:\/\/www.ounjougou.org\/fr\/wp-content\/uploads\/sites\/2\/2013\/07\/LL_04_500_378-1-300x227.png 300w, https:\/\/www.ounjougou.org\/fr\/wp-content\/uploads\/sites\/2\/2013\/07\/LL_04_500_378-1.png 500w\" sizes=\"(max-width: 300px) 100vw, 300px\" \/><\/a><\/p>\n<p id=\"caption-attachment-620\" class=\"wp-caption-text\">Fig. 3. Coupes synth\u00e9tiques transversales de la vall\u00e9e du Yam\u00e9. Dessin L.Lespez<\/p>\n<\/div>\n<h4>D\u00e9marche, m\u00e9thodes et premiers r\u00e9sultats<\/h4>\n<p>En Afrique occidentale soudano-sah\u00e9lienne, le climat poss\u00e8de une distribution globalement zonale, principalement rythm\u00e9e par le d\u00e9placement de la Zone Intertropicale de Convergence (ZITC) en r\u00e9ponse aux changements saisonniers du maximum d\u2019insolation. En hiver, la migration vers le sud de la ZITC soumet les r\u00e9gions \u00e0 l\u2019influence des hautes pressions sahariennes et \u00e0 un flux continental d\u2019est, l\u2019Harmattan. En \u00e9t\u00e9, la migration vers le Nord de la ZITC entra\u00eene l\u2019arriv\u00e9e du flux de mousson responsable des pr\u00e9cipitations de la saison des pluies. C\u2019est en regard des fluctuations de cette dynamique zonale que doivent \u00eatre discut\u00e9es les mutations du syst\u00e8me fluvial enregistr\u00e9es par la vall\u00e9e du Yam\u00e9 au cours de l\u2019Holoc\u00e8ne.<\/p>\n<div id=\"attachment_622\" style=\"width: 134px\" class=\"wp-caption alignleft\"><a href=\"http:\/\/www.ounjougou.org\/fr\/wp-content\/uploads\/sites\/2\/2013\/07\/LL_11a_250_603-1-1.jpg\"><img aria-describedby=\"caption-attachment-622\" decoding=\"async\" loading=\"lazy\" class=\"size-medium wp-image-622 \" src=\"http:\/\/www.ounjougou.org\/fr\/wp-content\/uploads\/sites\/2\/2013\/07\/LL_11a_250_603-1-124x300.jpg\" alt=\" Fig.4 Synth\u00e8se chronostratigraphique des s\u00e9diments holoc\u00e8ne du Yam\u00e9.\" width=\"124\" height=\"300\" srcset=\"https:\/\/www.ounjougou.org\/fr\/wp-content\/uploads\/sites\/2\/2013\/07\/LL_11a_250_603-1-124x300.jpg 124w, https:\/\/www.ounjougou.org\/fr\/wp-content\/uploads\/sites\/2\/2013\/07\/LL_11a_250_603-1.jpg 250w\" sizes=\"(max-width: 124px) 100vw, 124px\" \/><\/a><\/p>\n<p id=\"caption-attachment-622\" class=\"wp-caption-text\">Fig.4 Synth\u00e8se chronostratigraphique des s\u00e9diments holoc\u00e8ne du Yam\u00e9.<\/p>\n<\/div>\n<p>Les recherches ont d\u2019abord consist\u00e9 dans le suivi syst\u00e9matique, sur plusieurs kilom\u00e8tres, des limites stratigraphiques des formations pl\u00e9istoc\u00e8nes et holoc\u00e8nes, \u00e0 partir du relev\u00e9 pr\u00e9cis d&rsquo;une centaine de coupes (fig.1). Ainsi a \u00e9t\u00e9 mise en \u00e9vidence la succession de 18 s\u00e9quences holoc\u00e8nes, caract\u00e9ris\u00e9es par une organisation sp\u00e9cifique des macro- et micro-faci\u00e8s s\u00e9dimentaires. Les dates acquises par la m\u00e9thode du radiocarbone (AMS et conventionnelle) sur des charbons des niveaux holoc\u00e8nes permettent de caler avec pr\u00e9cision ces diff\u00e9rentes s\u00e9quences (fig. 2 &amp; 3). L\u2019analyse des faci\u00e8s s\u00e9dimentaires repose sur l\u2019\u00e9tude des caract\u00e9ristiques observables sur le terrain, ainsi que sur des analyses granulom\u00e9triques r\u00e9alis\u00e9es au granulom\u00e8tre laser et des observations micromorphologiques r\u00e9alis\u00e9es \u00e0 partir de blocs de s\u00e9diments non perturb\u00e9s pr\u00e9lev\u00e9s directement sur les coupes \u00e9tudi\u00e9es. Ces derni\u00e8res permettent d&rsquo;obtenir des renseignements sur l\u2019organisation interne des s\u00e9diments et de passer de la description des macro- aux micro-faci\u00e8s.<\/p>\n<div id=\"attachment_623\" style=\"width: 310px\" class=\"wp-caption alignright\"><a href=\"http:\/\/www.ounjougou.org\/fr\/wp-content\/uploads\/sites\/2\/2013\/07\/LL_11b_700_643-1-1.jpg\"><img aria-describedby=\"caption-attachment-623\" decoding=\"async\" loading=\"lazy\" class=\"wp-image-623 size-medium\" src=\"http:\/\/www.ounjougou.org\/fr\/wp-content\/uploads\/sites\/2\/2013\/07\/LL_11b_700_643-1-300x276.jpg\" alt=\"Fig.5 Synth\u00e8se chronostratigraphique des s\u00e9diments holoc\u00e8ne du Yam\u00e9.\" width=\"300\" height=\"276\" srcset=\"https:\/\/www.ounjougou.org\/fr\/wp-content\/uploads\/sites\/2\/2013\/07\/LL_11b_700_643-1-300x276.jpg 300w, https:\/\/www.ounjougou.org\/fr\/wp-content\/uploads\/sites\/2\/2013\/07\/LL_11b_700_643-1.jpg 700w\" sizes=\"(max-width: 300px) 100vw, 300px\" \/><\/a><\/p>\n<p id=\"caption-attachment-623\" class=\"wp-caption-text\">Fig.5 Synth\u00e8se chronostratigraphique des s\u00e9diments holoc\u00e8ne du Yam\u00e9.<\/p>\n<\/div>\n<p>A ce jour, les enregistrements s\u00e9dimentaires de la vall\u00e9e du Yam\u00e9 sont uniques \u00e0 l\u2019\u00e9chelle de l\u2019Afrique de l\u2019Ouest. Ils offrent en effet une nouvelle s\u00e9quence pour analyser les cons\u00e9quences sur les environnements continentaux des changements climatiques et de l\u2019action des soci\u00e9t\u00e9s depuis les premiers groupes producteurs de c\u00e9ramique qui fr\u00e9quentaient le ravin de la Mouche, il y a plus de 11 000 ans (fig.4 et 5).<\/p>\n<p>La compr\u00e9hension pr\u00e9cise de l\u2019\u00e9volution des paysages fluviaux permet de contribuer, avec les r\u00e9sultats des \u00e9tudes pal\u00e9obiologiques, \u00e0 la d\u00e9finition des ressources offertes par le fond de vall\u00e9e et ses zones humides aux populations qui se sont succ\u00e9d\u00e9es sur les sites d\u2019Ounjougou. Mais comme le syst\u00e8me fluvial est un puissant int\u00e9grateur spatial, il permet \u00e9galement d\u2019acc\u00e9der \u00e0 des informations valides \u00e0 l\u2019\u00e9chelle du bassin versant, c\u2019est-\u00e0-dire de celle des versants dominant le fond de vall\u00e9e jusqu\u2019\u00e0 l\u2019ensemble du plateau de Bandiagara.<\/p>\n<p><strong><a href=\"http:\/\/lettres-sh.u-pec.fr\/departements\/geographie\/equipe-pedagogique\/lespez-laurent-603304.kjsp\">Laurent Lespez<\/a><\/strong><\/p>\n<p>&nbsp;<\/p>\n","protected":false},"excerpt":{"rendered":"<p>Objectif g\u00e9n\u00e9raux Ces travaux ont \u00e9t\u00e9 effectu\u00e9s dans le cadre des \u00e9tudes pal\u00e9oenvironnementales men\u00e9 par un groupe de chercheur des universit\u00e9s de Caen, de Francfort, d\u2019Angers et de Rouen. En suivant une approche \u00e0 la fois g\u00e9omorphologique, s\u00e9dimentologique et g\u00e9oarch\u00e9ologique,<span class=\"ellipsis\">&hellip;<\/span><\/p>\n<div class=\"read-more\"><a href=\"https:\/\/www.ounjougou.org\/fr\/projets\/mali\/environnement\/levolution-des-paysages-fluviaux-du-yame-durant-lholocene\/\">Lire la suite &#8250;<\/a><\/div>\n<p><!-- end of .read-more --><\/p>\n","protected":false},"author":1,"featured_media":0,"parent":44,"menu_order":0,"comment_status":"closed","ping_status":"closed","template":"page-accueil.php","meta":{"footnotes":""},"_links":{"self":[{"href":"https:\/\/www.ounjougou.org\/fr\/wp-json\/wp\/v2\/pages\/615"}],"collection":[{"href":"https:\/\/www.ounjougou.org\/fr\/wp-json\/wp\/v2\/pages"}],"about":[{"href":"https:\/\/www.ounjougou.org\/fr\/wp-json\/wp\/v2\/types\/page"}],"author":[{"embeddable":true,"href":"https:\/\/www.ounjougou.org\/fr\/wp-json\/wp\/v2\/users\/1"}],"replies":[{"embeddable":true,"href":"https:\/\/www.ounjougou.org\/fr\/wp-json\/wp\/v2\/comments?post=615"}],"version-history":[{"count":2,"href":"https:\/\/www.ounjougou.org\/fr\/wp-json\/wp\/v2\/pages\/615\/revisions"}],"predecessor-version":[{"id":1369,"href":"https:\/\/www.ounjougou.org\/fr\/wp-json\/wp\/v2\/pages\/615\/revisions\/1369"}],"up":[{"embeddable":true,"href":"https:\/\/www.ounjougou.org\/fr\/wp-json\/wp\/v2\/pages\/44"}],"wp:attachment":[{"href":"https:\/\/www.ounjougou.org\/fr\/wp-json\/wp\/v2\/media?parent=615"}],"curies":[{"name":"wp","href":"https:\/\/api.w.org\/{rel}","templated":true}]}}