{"id":42,"date":"2013-06-11T15:48:49","date_gmt":"2013-06-11T14:48:49","guid":{"rendered":"http:\/\/www.ounjougou.org\/fr\/?page_id=42"},"modified":"2017-04-19T12:42:59","modified_gmt":"2017-04-19T10:42:59","slug":"archeologie","status":"publish","type":"page","link":"https:\/\/www.ounjougou.org\/fr\/projets\/mali\/archeologie\/","title":{"rendered":"Arch\u00e9ologie"},"content":{"rendered":"<div class=\"two_third\">\n<h3>Pal\u00e9olithique<\/h3>\n<p>A Ounjougou, le plus ancien \u00e9pisode d\u2019occupation attribuable au Pal\u00e9olithique remonte au Pl\u00e9istoc\u00e8ne moyen. Il se caract\u00e9rise par une industrie lithique d\u2019aspect archa\u00efque, d\u00e9couverte dans des d\u00e9p\u00f4ts trop grossiers pour \u00eatre dat\u00e9s directement ; un terminus ante quem fiable de 150\u2019000 ans a toutefois pu \u00eatre \u00e9tabli.<\/p>\n<p>Au Pl\u00e9istoc\u00e8ne sup\u00e9rieur, le Pal\u00e9olithique moyen de la r\u00e9gion est mieux document\u00e9, avec plus d\u2019une vingtaine d\u2019occurrences arch\u00e9ologiques distinctes entre 70&rsquo;000 et 25&rsquo;000 ans. La fin du Pal\u00e9olithique d\u2019Ounjougou, paradoxalement assez mal repr\u00e9sent\u00e9e, intervient probablement entre 25&rsquo;000 et 20&rsquo;000 ans, avant la grande p\u00e9riode aride de l\u2019Ogolien.\n<\/p><\/div>\n<div class=\"one_third last\">\n<h3>Articles:<\/h3>\n<ul>\n<li><a title=\"Le Pal\u00e9olithique moyen d\u2019Ounjougou\" href=\"http:\/\/www.ounjougou.org\/fr\/projets\/mali\/archeologie\/le-paleolithique-moyen-dounjougou\/\">Le Pal\u00e9olithique moyen<\/a><\/li>\n<\/ul>\n<\/div>\n<div class=\"clearboth\"><\/div>\n<hr \/>\n<div class=\"two_third\">\n<h3>N\u00e9olithique<\/h3>\n<p>Le N\u00e9olithique d&rsquo;Ounjougou est constitu\u00e9 de trois grandes phases de peuplement distinctes, marqu\u00e9es par d&rsquo;importants changements techno-\u00e9conomiques et culturels.<\/p>\n<p>AU d\u00e9but de l&rsquo;Holoc\u00e8ne, entre 9500 et 7000 av. J.-C., le N\u00e9olithique ancien voit l&rsquo;\u00e9mergence pr\u00e9coce de la c\u00e9ramique, qui appara\u00eet parall\u00e8lement au d\u00e9veloppement d&rsquo;une strat\u00e9gie de collectes s\u00e9lectives intensives de gramin\u00e9es au sein d&rsquo;un paysage de vastes plaines herbeuses (voir l&rsquo;article \u00ab\u00a0Le d\u00e9but de l&rsquo;Holoc\u00e8ne \u00e0 Ounjougou\u00a0\u00bb).<br \/>\nLe N\u00e9olithique moyen est surtout connu par un aspect technique, \u00e0 savoir la production sp\u00e9cialis\u00e9e de pointes bifaciales en gr\u00e8s quartzitique, dat\u00e9e entre le 6e et le 4e mill\u00e9naire av. J.-C (voir l&rsquo;article \u00ab\u00a0Le N\u00e9olithique moyen\u00a0\u00bb).<\/p>\n<p>Le N\u00e9olithique r\u00e9cent est li\u00e9 \u00e0 de grandes mutations culturelles et \u00e9conomiques, avec l&rsquo;influence vers 2500 av. J.-C. de populations venues du Sahara, puis l&rsquo;arriv\u00e9e d\u00e8s 1800 av. J.-C. des premiers cultivateurs de mil dans la r\u00e9gion (voir l&rsquo;article \u00ab\u00a0Le N\u00e9olithique r\u00e9cent\u00a0\u00bb).<br \/>\nLe N\u00e9olithique du plateau dogon se termine vers 400 av. J.C., avec l&rsquo;arriv\u00e9e d&rsquo;un \u00e9pisode climatique tr\u00e8s aride.\n<\/p><\/div>\n<div class=\"one_third last\">\n<h3>Articles:<\/h3>\n<ul>\n<li><a title=\"Plaidoyer pour un N\u00e9olithique ancien en Afrique subsaharienne\" href=\"http:\/\/www.ounjougou.org\/fr\/projets\/mali\/archeologie\/plaidoyer-pour-un-neolithique-ancien-en-afrique-subsaharienne\/\">Plaidoyer pour un N\u00e9olithique ancien en Afrique subsaharienne<\/a><\/li>\n<li><a title=\"Le d\u00e9but de l\u2019Holoc\u00e8ne \u00e0 Ounjougou\" href=\"http:\/\/www.ounjougou.org\/fr\/projets\/mali\/archeologie\/le-debut-de-lholocene-a-ounjougou\/\">Le d\u00e9but de l&rsquo;Holoc\u00e8ne \u00e0 Ounjougou<\/a><\/li>\n<li><a title=\"Le N\u00e9olithique moyen d\u2019Ounjougou\" href=\"http:\/\/www.ounjougou.org\/fr\/projets\/mali\/archeologie\/le-neolithique-moyen-dounjougou\/\">Le N\u00e9olithique moyen<\/a><\/li>\n<li><a title=\"Le N\u00e9olithique r\u00e9cent du Pays dogon\" href=\"http:\/\/www.ounjougou.org\/fr\/projets\/mali\/archeologie\/le-neolithique-recent-du-pays-dogon\/\">Le N\u00e9olithique r\u00e9cent<\/a><\/li>\n<li><a title=\"L\u2019\u00c2ge du Fer ancien\" href=\"http:\/\/www.ounjougou.org\/fr\/projets\/mali\/archeologie\/lage-du-fer-ancien\/\">La transition N\u00e9olithique-\u00c2ge du Fer ancien<\/a><\/li>\n<\/ul>\n<\/div>\n<div class=\"clearboth\"><\/div>\n<hr \/>\n<div class=\"two_third\">\n<h3>Pr\u00e9-Dogon &amp; Dogon<\/h3>\n<p>La phase de peuplement pr\u00e9-dogon commence au cours des derniers si\u00e8cles avant notre \u00e8re. Les liens avec la fin du N\u00e9olithique r\u00e9cent ne sont pas encore clairement \u00e9tablis. Les populations utilisent alors des objets de fer et, probablement d\u00e8s la seconde moiti\u00e9 du 1er mill\u00e9naire de notre \u00e8re, commencent \u00e0 en ma\u00eetriser la production. Globalement, les caract\u00e9ristiques techniques et stylistiques de la c\u00e9ramique des sites pr\u00e9-dogon se d\u00e9marquent de celles du N\u00e9olithique r\u00e9cent, avec notamment l\u2019apparition progressive de nouveaux d\u00e9cors imprim\u00e9s obtenus \u00e0 l\u2019aide de plusieurs types de roulettes et de vanneries. Ce nouveau contexte culturel situe le Pays dogon \u00e0 l\u2019intersection de trois sph\u00e8res ethnolinguistiques diff\u00e9rentes, Mand\u00e9, Gur et Songhay, dont les influences varient selon les r\u00e9gions et les p\u00e9riodes.<\/p>\n<p>Les sources orales situent le peuplement dogon dans un intervalle compris entre le XIIIe et le XVe si\u00e8cle. Dans cette m\u00eame fourchette chronologique, les recherches arch\u00e9ologiques mettent en \u00e9vidence une nouvelle rupture culturelle, notamment par une forte augmentation de la fr\u00e9quence des poteries fa\u00e7onn\u00e9es par martelage sur vannerie droite \u00e0 brins cord\u00e9s en fibres de baobab, caract\u00e9ristiques de l\u2019une des cinq traditions c\u00e9ramiques actuelles (la tradition A, li\u00e9e aux femmes d\u2019agriculteurs). Les traditions orales d\u00e9voilent quant \u00e0 elles une histoire du peuplement dogon tr\u00e8s complexe, faite de d\u00e9localisations villageoises fr\u00e9quentes li\u00e9es \u00e0 l\u2019instabilit\u00e9 de l\u2019histoire climatique et politique : d\u00e9couverte de points d\u2019eau, ass\u00e8chement de rivi\u00e8res, famine, conflit fonciers, mais aussi repli suite \u00e0 des razzias de Peul, Bambara ou Mossi voisins.<\/p>\n<p>Une dizaine de sites rituels, fun\u00e9raires et d\u2019habitat ont fait l\u2019objet de fouilles arch\u00e9ologiques, sur le plateau, au niveau de la falaise et dans la plaine du S\u00e9no-Gondo.<\/p>\n<\/div>\n<div class=\"one_third last\">\n<h3>Articles:<\/h3>\n<ul>\n<li><a title=\"L\u2019histoire du peuplement en Pays dogon depuis 2000 ans : une dynamique complexe\" href=\"http:\/\/www.ounjougou.org\/fr\/projets\/mali\/archeologie\/lhistoire-du-peuplement-en-pays-dogon-depuis-2000-ans-une-dynamique-complexe\/\">L&rsquo;histoire du peuplement en pays dogon depuis 2000 ans<\/a><\/li>\n<li><a title=\"Histoire du peuplement de la plaine du S\u00e9no-Gondo\" href=\"http:\/\/www.ounjougou.org\/fr\/projets\/mali\/archeologie\/histoire-du-peuplement-de-la-plaine-du-seno-gondo\/\">L&rsquo;histoire du peuplement de la plaine du S\u00e9no-Gondo<\/a><\/li>\n<li><a title=\"Arch\u00e9ologie fun\u00e9raire dans la falaise: recherches \u00e0 P\u00e9gu\u00e9 A et Dourou-Boro\" href=\"http:\/\/www.ounjougou.org\/fr\/projets\/mali\/archeologie\/archeologie-funeraire-dans-la-falaise-recherches-a-pegue-a-et-dourou-boro\/\">Arch\u00e9ologie fun\u00e9raire dans la falaise: recherches \u00e0 P\u00e9gu\u00e9 A et Dourou-Boro<\/a><\/li>\n<li><a title=\"L\u2019occupation humaine de la vall\u00e9e du Guringin\" href=\"http:\/\/www.ounjougou.org\/fr\/projets\/mali\/archeologie\/loccupation-humaine-de-la-vallee-du-guringin\/\">La vall\u00e9e du Guringin<\/a><\/li>\n<li><a title=\"Le tell de Sadia\" href=\"http:\/\/www.ounjougou.org\/fr\/projets\/mali\/archeologie\/le-tell-de-sadia\/\">Le tell de Sadia<\/a><\/li>\n<li><a title=\"Le peuplement dogon du clan Tomo : les recherches sur le site de Tyi\" href=\"http:\/\/www.ounjougou.org\/fr\/projets\/mali\/archeologie\/le-peuplement-dogon-du-clan-tomo-les-recherches-sur-le-site-de-tyi\/\">Le peuplement dogon du clan <i>Tomo\u00a0<\/i>: le site de Tyi<\/a><\/li>\n<\/ul>\n<\/div>\n<div class=\"clearboth\"><\/div>\n","protected":false},"excerpt":{"rendered":"","protected":false},"author":1,"featured_media":0,"parent":14,"menu_order":0,"comment_status":"closed","ping_status":"closed","template":"page-accueil.php","meta":{"footnotes":""},"_links":{"self":[{"href":"https:\/\/www.ounjougou.org\/fr\/wp-json\/wp\/v2\/pages\/42"}],"collection":[{"href":"https:\/\/www.ounjougou.org\/fr\/wp-json\/wp\/v2\/pages"}],"about":[{"href":"https:\/\/www.ounjougou.org\/fr\/wp-json\/wp\/v2\/types\/page"}],"author":[{"embeddable":true,"href":"https:\/\/www.ounjougou.org\/fr\/wp-json\/wp\/v2\/users\/1"}],"replies":[{"embeddable":true,"href":"https:\/\/www.ounjougou.org\/fr\/wp-json\/wp\/v2\/comments?post=42"}],"version-history":[{"count":1,"href":"https:\/\/www.ounjougou.org\/fr\/wp-json\/wp\/v2\/pages\/42\/revisions"}],"predecessor-version":[{"id":1364,"href":"https:\/\/www.ounjougou.org\/fr\/wp-json\/wp\/v2\/pages\/42\/revisions\/1364"}],"up":[{"embeddable":true,"href":"https:\/\/www.ounjougou.org\/fr\/wp-json\/wp\/v2\/pages\/14"}],"wp:attachment":[{"href":"https:\/\/www.ounjougou.org\/fr\/wp-json\/wp\/v2\/media?parent=42"}],"curies":[{"name":"wp","href":"https:\/\/api.w.org\/{rel}","templated":true}]}}