{"id":352,"date":"2013-06-19T15:18:00","date_gmt":"2013-06-19T14:18:00","guid":{"rendered":"http:\/\/www.ounjougou.org\/fr\/?page_id=352"},"modified":"2017-04-19T12:38:09","modified_gmt":"2017-04-19T10:38:09","slug":"le-paleolithique-moyen-dounjougou","status":"publish","type":"page","link":"https:\/\/www.ounjougou.org\/fr\/projets\/mali\/archeologie\/le-paleolithique-moyen-dounjougou\/","title":{"rendered":"Le Pal\u00e9olithique moyen d&rsquo;Ounjougou"},"content":{"rendered":"<h4>Une Afrique de l&rsquo;Ouest \u00e0 l&rsquo;\u00e9cart des recherches sur le Pal\u00e9olithique<\/h4>\n<div id=\"attachment_361\" style=\"width: 310px\" class=\"wp-caption alignright\"><a href=\"http:\/\/www.ounjougou.org\/fr\/wp-content\/uploads\/sites\/2\/2013\/06\/SS_02_397_268-1-1.jpg\"><img aria-describedby=\"caption-attachment-361\" decoding=\"async\" loading=\"lazy\" class=\"wp-image-361 size-medium\" src=\"http:\/\/www.ounjougou.org\/fr\/wp-content\/uploads\/sites\/2\/2013\/06\/SS_02_397_268-1-300x203.jpg\" alt=\"\u00c9rosions en draperies qui ont donn\u00e9 leur nom \u00e0 ce petit ravin. Photo S.Soriano\" width=\"300\" height=\"203\" srcset=\"https:\/\/www.ounjougou.org\/fr\/wp-content\/uploads\/sites\/2\/2013\/06\/SS_02_397_268-1-300x203.jpg 300w, https:\/\/www.ounjougou.org\/fr\/wp-content\/uploads\/sites\/2\/2013\/06\/SS_02_397_268-1.jpg 397w\" sizes=\"(max-width: 300px) 100vw, 300px\" \/><\/a><\/p>\n<p id=\"caption-attachment-361\" class=\"wp-caption-text\">\u00c9rosions en draperies qui ont donn\u00e9 leur nom \u00e0 ce petit ravin. Photo S. Soriano<\/p>\n<\/div>\n<p>Apr\u00e8s un regain d&rsquo;activit\u00e9 dans les ann\u00e9es 80, l&rsquo;Afrique de l&rsquo;Ouest a \u00e9t\u00e9 d\u00e9laiss\u00e9e par les recherches sur le Pal\u00e9olithique. L&rsquo;absence totale de r\u00e9f\u00e9rence \u00e0 cette r\u00e9gion dans les d\u00e9bats actuels sur les conditions d&rsquo;\u00e9mergence anthropologique et culturelle de l&rsquo;Homme moderne, et plus largement dans les synth\u00e8ses sur le Pal\u00e9olithique moyen \/ Middle Stone Age en t\u00e9moigne. Ceci n&rsquo;est pas \u00e9tranger aux conditions de pr\u00e9servation des sites pl\u00e9istoc\u00e8nes dans ces r\u00e9gions, souvent mauvaises, en particulier par l&rsquo;absence de longues stratigraphies alors que les probl\u00e9matiques sont de plus en plus fortement diachroniques.<\/p>\n<h4>Ounjougou, un potentiel exceptionnel pour le Pal\u00e9olithique ouest africain<\/h4>\n<p>Rapidement, il est apparu que l&rsquo;essentiel des d\u00e9p\u00f4ts pouvait \u00eatre rapport\u00e9 \u00e0 la fin du Pl\u00e9istoc\u00e8ne moyen et au Pl\u00e9istoc\u00e8ne sup\u00e9rieur, entre 200.000 et 20.000 ans environ, couvrant globalement l&rsquo;ensemble du Pal\u00e9olithique moyen \/ Middle Stone Age.<\/p>\n<div id=\"attachment_363\" style=\"width: 310px\" class=\"wp-caption alignleft\"><a href=\"http:\/\/www.ounjougou.org\/fr\/wp-content\/uploads\/sites\/2\/2013\/06\/SS_03_350_236-1-1.jpg\"><img aria-describedby=\"caption-attachment-363\" decoding=\"async\" loading=\"lazy\" class=\"size-medium wp-image-363 \" src=\"http:\/\/www.ounjougou.org\/fr\/wp-content\/uploads\/sites\/2\/2013\/06\/SS_03_350_236-1-300x202.jpg\" alt=\"Un niveau pal\u00e9olithique appara\u00eet dans une coupe du ravin des Draperies. Photo S.Soriano.\" width=\"300\" height=\"202\" srcset=\"https:\/\/www.ounjougou.org\/fr\/wp-content\/uploads\/sites\/2\/2013\/06\/SS_03_350_236-1-300x202.jpg 300w, https:\/\/www.ounjougou.org\/fr\/wp-content\/uploads\/sites\/2\/2013\/06\/SS_03_350_236-1.jpg 350w\" sizes=\"(max-width: 300px) 100vw, 300px\" \/><\/a><\/p>\n<p id=\"caption-attachment-363\" class=\"wp-caption-text\">Un niveau pal\u00e9olithique appara\u00eet dans une coupe du ravin des Draperies. Photo S. Soriano<\/p>\n<\/div>\n<p>Le complexe de sites arch\u00e9ologiques de plein air d&rsquo;Ounjougou offrait un potentiel exceptionnel pour l&rsquo;\u00e9tude du Pal\u00e9olithique ouest africain : des milliers de m\u00e8tres de coupes naturelles d\u00e9gag\u00e9es dans d&rsquo;\u00e9paisses archives s\u00e9dimentaires pl\u00e9istoc\u00e8nes o\u00f9 sont interstratifi\u00e9s les niveaux arch\u00e9ologiques pal\u00e9olithiques. Les d\u00e9p\u00f4ts, \u00e0 dominante silto-sableuse, se pr\u00eataient bien \u00e0 la datation par la m\u00e9thode OSL. Tous les ingr\u00e9dients \u00e9taient r\u00e9unis pour construire une chronostratigraphie et une chronologie culturelle, lesquelles font d\u00e9faut en Afrique de l&rsquo;Ouest.<\/p>\n<h4>Les enjeux scientifiques<\/h4>\n<p>Si pour l&rsquo;Afrique du Nord, l&rsquo;Afrique australe et orientale, la chronologie du Pal\u00e9olithique moyen \/ Middle Stone Age a \u00e9t\u00e9 \u00e9claircie significativement depuis dix ans, elle \u00e9tait presque inconnue pour l&rsquo;Afrique sah\u00e9lienne. Asseoir la chronologie \u00e9tait une premi\u00e8re \u00e9tape pour aborder les dynamiques culturelle et de peuplement de ces r\u00e9gions. Entre un espace saharien o\u00f9 l&rsquo;At\u00e9rien est la figure dominante et les zones foresti\u00e8res d&rsquo;Afrique centrale, associ\u00e9es au Lupembien, quelle a \u00e9t\u00e9 l&rsquo;identit\u00e9 culturelle et la dynamique du peuplement de l&rsquo;Afrique de l&rsquo;Ouest sah\u00e9lienne ?<\/p>\n<div id=\"attachment_365\" style=\"width: 213px\" class=\"wp-caption alignright\"><a href=\"http:\/\/www.ounjougou.org\/fr\/wp-content\/uploads\/sites\/2\/2013\/06\/SS_04_268_397-1-1.jpg\"><img aria-describedby=\"caption-attachment-365\" decoding=\"async\" loading=\"lazy\" class=\"wp-image-365 size-medium\" src=\"http:\/\/www.ounjougou.org\/fr\/wp-content\/uploads\/sites\/2\/2013\/06\/SS_04_268_397-1-203x300.jpg\" alt=\"Une coupe pr\u00eate pour \u00eatre relev\u00e9e. La base de la mire repose sur un niveau pal\u00e9olithique. Photo S.Soriano\" width=\"203\" height=\"300\" srcset=\"https:\/\/www.ounjougou.org\/fr\/wp-content\/uploads\/sites\/2\/2013\/06\/SS_04_268_397-1-203x300.jpg 203w, https:\/\/www.ounjougou.org\/fr\/wp-content\/uploads\/sites\/2\/2013\/06\/SS_04_268_397-1.jpg 268w\" sizes=\"(max-width: 203px) 100vw, 203px\" \/><\/a><\/p>\n<p id=\"caption-attachment-365\" class=\"wp-caption-text\">Une coupe pr\u00eate pour \u00eatre relev\u00e9e. La base de la mire repose sur un niveau pal\u00e9olithique. Photo S. Soriano<\/p>\n<\/div>\n<h4><\/h4>\n<h4>Nos objectifs<\/h4>\n<p>Sans faune ni restes d&rsquo;hominid\u00e9s, lesquels ne sont pas conserv\u00e9s, avec seules les industries lithiques mais avec de longues stratigraphies, \u00e0 quoi pouvait pr\u00e9tendre une recherche sur le Pal\u00e9olithique moyen ouest africain ? Notre objectif \u00e9tait chronoculturel : reconstituer la succession stratigraphique des diff\u00e9rents groupes culturels pal\u00e9olithiques dans la r\u00e9gion en les individualisant par leurs productions techniques, \u00e0 savoir leurs industries lithiques. La collaboration d&rsquo;un g\u00e9omorphologue (Michel Rasse) et d&rsquo;une g\u00e9ochronologue (Chantal Tribolo) a permis de reconstruire une chronostratigraphie et de replacer les occupations pal\u00e9olithiques dans une \u00e9chelle de temps absolue gr\u00e2ce aux datations des s\u00e9diments eux-m\u00eames par la m\u00e9thode OSL.<\/p>\n<h4>Des r\u00e9sultats inattendus<\/h4>\n<p>Le Pal\u00e9olithique moyen Ounjougou est d\u00e9sormais repr\u00e9sent\u00e9 par pr\u00e8s d&rsquo;une trentaine de niveaux arch\u00e9ologiques stratigraphiquement distincts, principalement entre 80.000 ans et 20.000 ans, avec une concentration particuli\u00e8re au cours du stade isotopique 3 (env. 59.000 \/ 22.000 ans) o\u00f9, gr\u00e2ce \u00e0 des taux de s\u00e9dimentation \u00e9lev\u00e9s, on atteint la moyenne d&rsquo;un \u00e9v\u00e8nement arch\u00e9ologique identifi\u00e9 pour 2500 ans. On peut donc parler de s\u00e9quence \u00e0 haute r\u00e9solution arch\u00e9ologique et chronologique. Par ailleurs, cette s\u00e9quence continentale a manifestement enregistr\u00e9 certains \u00e9v\u00e8nements climatiques abrupts globaux du Pl\u00e9istoc\u00e8ne sup\u00e9rieur.<\/p>\n<div id=\"attachment_367\" style=\"width: 310px\" class=\"wp-caption alignright\"><a href=\"http:\/\/www.ounjougou.org\/fr\/wp-content\/uploads\/sites\/2\/2013\/06\/SS_06_350_236-1-1.jpg\"><img aria-describedby=\"caption-attachment-367\" decoding=\"async\" loading=\"lazy\" class=\"size-medium wp-image-367 \" src=\"http:\/\/www.ounjougou.org\/fr\/wp-content\/uploads\/sites\/2\/2013\/06\/SS_06_350_236-1-300x202.jpg\" alt=\"Lavage, marquage et inventaire du mat\u00e9riel lithique. Photo Sandrine Soriano\" width=\"300\" height=\"202\" srcset=\"https:\/\/www.ounjougou.org\/fr\/wp-content\/uploads\/sites\/2\/2013\/06\/SS_06_350_236-1-300x202.jpg 300w, https:\/\/www.ounjougou.org\/fr\/wp-content\/uploads\/sites\/2\/2013\/06\/SS_06_350_236-1.jpg 350w\" sizes=\"(max-width: 300px) 100vw, 300px\" \/><\/a><\/p>\n<p id=\"caption-attachment-367\" class=\"wp-caption-text\">Lavage, marquage et inventaire du mat\u00e9riel lithique. Photo Sandrine Soriano<\/p>\n<\/div>\n<p>La diversit\u00e9 et la fr\u00e9quence des changements dans les industries lithiques pour le Pal\u00e9olithique moyen sont une autre caract\u00e9ristique de cette s\u00e9quence d&rsquo;Ounjougou. En dehors d&rsquo;\u00eatre incompatible avec l&rsquo;hypoth\u00e8se d&rsquo;une \u00e9volution strictement locale, elle tranche avec la monotonie apparente de l&rsquo;At\u00e9rien saharien. L&rsquo;explication de ces changements repose probablement dans le remplacement p\u00e9riodique des peuplements, dont le moteur reste \u00e0 d\u00e9terminer.<\/p>\n<h4>Identit\u00e9 et traditions techniques au Pal\u00e9olithique moyen \u00e0 Ounjougou<\/h4>\n<p>Le plus ancien indice de peuplement de la r\u00e9gion au Pal\u00e9olithique moyen, un nucl\u00e9us Levallois \u00e0 enl\u00e8vement pr\u00e9f\u00e9rentiel, remonte \u00e0 la fin du Pl\u00e9istoc\u00e8ne moyen, entre 150 000 et 200 000 ans mais ce n&rsquo;est qu&rsquo;\u00e0 partir de 80 000 ans que les traces de peuplement se multiplient. Vont alors se succ\u00e9der diff\u00e9rentes industries jusque autour de 22 000 \u00e0 26 000 ans avant de laisser place au dernier grand aride, lequel semble avoir vid\u00e9 la r\u00e9gion de ses occupants.<\/p>\n<div id=\"attachment_369\" style=\"width: 310px\" class=\"wp-caption alignright\"><a href=\"http:\/\/www.ounjougou.org\/fr\/wp-content\/uploads\/sites\/2\/2013\/06\/SS_07_300_203-1-1.jpg\"><img aria-describedby=\"caption-attachment-369\" decoding=\"async\" loading=\"lazy\" class=\"wp-image-369 size-full\" src=\"http:\/\/www.ounjougou.org\/fr\/wp-content\/uploads\/sites\/2\/2013\/06\/SS_07_300_203-1.jpg\" alt=\"Une concentration d\u2019\u00e9clats de quartz dans un niveau du Ravin de la Vip\u00e8re. Photo S. Soriano\" width=\"300\" height=\"203\" \/><\/a><\/p>\n<p id=\"caption-attachment-369\" class=\"wp-caption-text\">Une concentration d\u2019\u00e9clats de quartz dans un niveau du Ravin de la Vip\u00e8re. Photo S. Soriano<\/p>\n<\/div>\n<p>Malgr\u00e9 des mati\u00e8res premi\u00e8res ingrates, quartz et gr\u00e8s essentiellement, certaines de ces industries vont pr\u00e9senter des caract\u00e8res techniques et typologiques typiques du Pal\u00e9olithique moyen : d\u00e9bitage Levallois, d\u00e9bitage disco\u00efde, autre d\u00e9bitage de type centrip\u00e8te ou bien encore d\u00e9bitage en s\u00e9ries unipolaires. L&rsquo;outillage, rare ou absent, comme souvent pour les sites de plein air, qui plus est sur de telles mati\u00e8res premi\u00e8res, comprend racloirs, encoches et denticul\u00e9s.<\/p>\n<p>Certaines industries sont d\u2019ailleurs tr\u00e8s comparables au Pal\u00e9olithique moyen d\u2019Europe occidentale. Mais il faut aussi mentionner des industries plus originales, presque toujours uniques dans la s\u00e9quence. Ainsi, on remarque une industrie au d\u00e9bitage laminaire, une autre avec des rabots massifs ou encore avec un d\u00e9bitage bipolaire sur enclume.<\/p>\n<h4>La plaine du S\u00e9no<\/h4>\n<p>Les recherches ont \u00e9t\u00e9 \u00e9tendues \u00e0 une quinzaine de kilom\u00e8tres au sud-est d&rsquo;Ounjougou, dans les fortes accumulations sableuses de la plaine du S\u00e9no qui, au contact de la falaise, sont profond\u00e9ment incis\u00e9es par l&rsquo;\u00e9rosion.<\/p>\n<div id=\"attachment_380\" style=\"width: 310px\" class=\"wp-caption alignright\"><a href=\"http:\/\/www.ounjougou.org\/fr\/wp-content\/uploads\/sites\/2\/2013\/06\/SS_11_300_203-1-1.jpg\"><img aria-describedby=\"caption-attachment-380\" decoding=\"async\" loading=\"lazy\" class=\"wp-image-380 size-full\" src=\"http:\/\/www.ounjougou.org\/fr\/wp-content\/uploads\/sites\/2\/2013\/06\/SS_11_300_203-1.jpg\" alt=\"Un poly\u00e8dre en gr\u00e8s ; un des plus vieux outils d\u2019Ounjougou. Photo S. Soriano\" width=\"300\" height=\"203\" \/><\/a><\/p>\n<p id=\"caption-attachment-380\" class=\"wp-caption-text\">Un poly\u00e8dre en gr\u00e8s ; un des plus vieux outils d\u2019Ounjougou. Photo S. Soriano<\/p>\n<\/div>\n<p>Les premiers r\u00e9sultats sur ce secteur tendent \u00e0 valider la s\u00e9quence chronostratigraphique obtenue \u00e0 Ounjougou, confirmant la valeur extra-r\u00e9gionale des enregistrements p\u00e9do-s\u00e9dimentaires. De nouvelles industries lithiques du Pal\u00e9olithique moyen ont \u00e9t\u00e9 individualis\u00e9es, amplifiant \u00e0 nouveau\u00a0la diversit\u00e9 d\u00e9j\u00e0 document\u00e9e \u00e0 Ounjougou.<\/p>\n<div id=\"attachment_378\" style=\"width: 310px\" class=\"wp-caption alignnone\"><a href=\"http:\/\/www.ounjougou.org\/fr\/wp-content\/uploads\/sites\/2\/2013\/06\/SS_09_400_154-1-1.jpg\"><img aria-describedby=\"caption-attachment-378\" decoding=\"async\" loading=\"lazy\" class=\"wp-image-378 size-medium\" src=\"http:\/\/www.ounjougou.org\/fr\/wp-content\/uploads\/sites\/2\/2013\/06\/SS_09_400_154-1-300x116.jpg\" alt=\"Un nucl\u00e9us Levallois particuli\u00e8rement typique. Dessin S. Soriano\" width=\"300\" height=\"116\" srcset=\"https:\/\/www.ounjougou.org\/fr\/wp-content\/uploads\/sites\/2\/2013\/06\/SS_09_400_154-1-300x116.jpg 300w, https:\/\/www.ounjougou.org\/fr\/wp-content\/uploads\/sites\/2\/2013\/06\/SS_09_400_154-1.jpg 400w\" sizes=\"(max-width: 300px) 100vw, 300px\" \/><\/a><\/p>\n<p id=\"caption-attachment-378\" class=\"wp-caption-text\">Un nucl\u00e9us Levallois particuli\u00e8rement typique. Dessin S. Soriano<\/p>\n<\/div>\n<p><a href=\"http:\/\/www.mae.u-paris10.fr\/arscan-antet\/fr\/soriano_fr.html\">Sylvain Soriano<\/a><\/p>\n","protected":false},"excerpt":{"rendered":"<p>Une Afrique de l&rsquo;Ouest \u00e0 l&rsquo;\u00e9cart des recherches sur le Pal\u00e9olithique Apr\u00e8s un regain d&rsquo;activit\u00e9 dans les ann\u00e9es 80, l&rsquo;Afrique de l&rsquo;Ouest a \u00e9t\u00e9 d\u00e9laiss\u00e9e par les recherches sur le Pal\u00e9olithique. L&rsquo;absence totale de r\u00e9f\u00e9rence \u00e0 cette r\u00e9gion dans les<span class=\"ellipsis\">&hellip;<\/span><\/p>\n<div class=\"read-more\"><a href=\"https:\/\/www.ounjougou.org\/fr\/projets\/mali\/archeologie\/le-paleolithique-moyen-dounjougou\/\">Lire la suite &#8250;<\/a><\/div>\n<p><!-- end of .read-more --><\/p>\n","protected":false},"author":1,"featured_media":0,"parent":42,"menu_order":0,"comment_status":"closed","ping_status":"closed","template":"page-accueil.php","meta":{"footnotes":""},"_links":{"self":[{"href":"https:\/\/www.ounjougou.org\/fr\/wp-json\/wp\/v2\/pages\/352"}],"collection":[{"href":"https:\/\/www.ounjougou.org\/fr\/wp-json\/wp\/v2\/pages"}],"about":[{"href":"https:\/\/www.ounjougou.org\/fr\/wp-json\/wp\/v2\/types\/page"}],"author":[{"embeddable":true,"href":"https:\/\/www.ounjougou.org\/fr\/wp-json\/wp\/v2\/users\/1"}],"replies":[{"embeddable":true,"href":"https:\/\/www.ounjougou.org\/fr\/wp-json\/wp\/v2\/comments?post=352"}],"version-history":[{"count":1,"href":"https:\/\/www.ounjougou.org\/fr\/wp-json\/wp\/v2\/pages\/352\/revisions"}],"predecessor-version":[{"id":1354,"href":"https:\/\/www.ounjougou.org\/fr\/wp-json\/wp\/v2\/pages\/352\/revisions\/1354"}],"up":[{"embeddable":true,"href":"https:\/\/www.ounjougou.org\/fr\/wp-json\/wp\/v2\/pages\/42"}],"wp:attachment":[{"href":"https:\/\/www.ounjougou.org\/fr\/wp-json\/wp\/v2\/media?parent=352"}],"curies":[{"name":"wp","href":"https:\/\/api.w.org\/{rel}","templated":true}]}}