{"id":344,"date":"2013-06-19T15:09:28","date_gmt":"2013-06-19T14:09:28","guid":{"rendered":"http:\/\/www.ounjougou.org\/fr\/?page_id=344"},"modified":"2013-06-19T15:09:28","modified_gmt":"2013-06-19T14:09:28","slug":"ethnoarcheologie","status":"publish","type":"page","link":"https:\/\/www.ounjougou.org\/fr\/projets\/mali\/ethnoarcheologie\/","title":{"rendered":"Ethnoarch\u00e9ologie et ethnologie"},"content":{"rendered":"<div class=\"two_third\">\n<p>Les vestiges arch\u00e9ologiques n&rsquo;ouvrent qu&rsquo;une fen\u00eatre \u00e9troite sur la richesse et la complexit\u00e9 des soci\u00e9t\u00e9s disparues et ne parlent pas d\u2019eux-m\u00eames. Une fa\u00e7on de faire revivre le pass\u00e9 est de se tourner vers le pr\u00e9sent pour y rechercher des cl\u00e9s d\u2019interpr\u00e9tation, une science nomm\u00e9e l\u2019 \u00ab ethnoarch\u00e9ologie \u00bb. Les recherches ethnoarch\u00e9ologiques men\u00e9es dans le delta int\u00e9rieur du Niger et le Pays dogon ont montr\u00e9 que l\u2019\u00e9tude des traditions c\u00e9ramiques actuelles, encore tr\u00e8s vivantes, nous renseigne beaucoup sur l\u2019histoire du peuplement des derniers mill\u00e9naires.<br \/>\nCes recherches ont \u00e9t\u00e9 men\u00e9es depuis 1988 par l\u2019\u00e9quipe de la MAESAO de l\u2019Universit\u00e9 de Gen\u00e8ve, en collaboration avec l\u2019Institut des sciences Humaines et le Mus\u00e9e national du Mali. Elles se poursuivent au Laboratoire APA \u00e0 Gen\u00e8ve dans le cadre du programme Ounjougou.<\/p>\n<p>De 2007 \u00e0 2010, une approche ethnographique d&rsquo;une culture mat\u00e9rielle actuelle, \u00a0le tissage, a \u00e9galement \u00e9t\u00e9 r\u00e9alis\u00e9e dans le but d&rsquo;obtenir des clefs d&rsquo;interpr\u00e9tation en terme d\u2019histoire du peuplement. Effectu\u00e9es dans le cadre d&rsquo;un travail de fin d&rsquo;\u00e9tude (Heidrun Mezger, Universit\u00e9 de Cologne), ces recherches consacr\u00e9es \u00e0 la fabrication des textiles ont consist\u00e9 en une s\u00e9rie d&rsquo;enqu\u00eates men\u00e9es dans plusieurs villages localis\u00e9s dans des environnements physiques et linguistiques diff\u00e9rents (plateau et falaise de Bandiagara, plaine du S\u00e9no).<\/p>\n<\/div>\n<p><em id=\"__mceDel\"> <\/p>\n<div class=\"one_third last\"><\/em><\/p>\n<h3>Articles:<\/h3>\n<ul>\n<li><a title=\"Etudier le pr\u00e9sent pour comprendre le pass\u00e9 : les traditions c\u00e9ramiques du Mali\" href=\"http:\/\/www.ounjougou.org\/fr\/projets\/mali\/ethnoarcheologie\/etudier-le-present-pour-comprendre-le-passe-les-traditions-ceramiques-du-mali\/\">Etudier le pr\u00e9sent pour comprendre le pass\u00e9: les traditions c\u00e9ramiques du Mali<\/a><\/li>\n<li><a title=\"Etude ethnologique du tissage en Pays dogon\" href=\"http:\/\/www.ounjougou.org\/fr\/projets\/mali\/ethnoarcheologie\/830-2\/\">Etude ethnologique du tissage en Pays dogon<\/a><\/li>\n<\/ul>\n<\/div>\n<div class=\"clearboth\"><\/div>\n<hr \/>\n<div class=\"two_third\"><\/div>\n","protected":false},"excerpt":{"rendered":"","protected":false},"author":1,"featured_media":0,"parent":14,"menu_order":0,"comment_status":"closed","ping_status":"closed","template":"page-accueil.php","meta":{"footnotes":""},"_links":{"self":[{"href":"https:\/\/www.ounjougou.org\/fr\/wp-json\/wp\/v2\/pages\/344"}],"collection":[{"href":"https:\/\/www.ounjougou.org\/fr\/wp-json\/wp\/v2\/pages"}],"about":[{"href":"https:\/\/www.ounjougou.org\/fr\/wp-json\/wp\/v2\/types\/page"}],"author":[{"embeddable":true,"href":"https:\/\/www.ounjougou.org\/fr\/wp-json\/wp\/v2\/users\/1"}],"replies":[{"embeddable":true,"href":"https:\/\/www.ounjougou.org\/fr\/wp-json\/wp\/v2\/comments?post=344"}],"version-history":[{"count":0,"href":"https:\/\/www.ounjougou.org\/fr\/wp-json\/wp\/v2\/pages\/344\/revisions"}],"up":[{"embeddable":true,"href":"https:\/\/www.ounjougou.org\/fr\/wp-json\/wp\/v2\/pages\/14"}],"wp:attachment":[{"href":"https:\/\/www.ounjougou.org\/fr\/wp-json\/wp\/v2\/media?parent=344"}],"curies":[{"name":"wp","href":"https:\/\/api.w.org\/{rel}","templated":true}]}}