{"id":334,"date":"2013-06-19T14:50:17","date_gmt":"2013-06-19T13:50:17","guid":{"rendered":"http:\/\/www.ounjougou.org\/fr\/?page_id=334"},"modified":"2019-11-25T16:26:53","modified_gmt":"2019-11-25T15:26:53","slug":"equipes-de-recherche","status":"publish","type":"page","link":"https:\/\/www.ounjougou.org\/fr\/equipes-de-recherche\/","title":{"rendered":"Equipes de recherche"},"content":{"rendered":"<h2><a href=\"http:\/\/www.ounjougou.org\/fr\/projets\/senegal\/\">Fal\u00e9m\u00e9 &#8211;  S\u00e9n\u00e9gal (projet en cours depuis 2011).<\/a><\/h2>\n<h3>Coordination g\u00e9n\u00e9rale du programme:<\/h3>\n<p><a>Eric Huysecom<\/a>, Professeur au <a href=\"http:\/\/ua.unige.ch\/fr\/apa\/\">Laboratoire Arch\u00e9ologie et Peuplement de l&rsquo;Afrique\u00a0\u00e0 l&rsquo;Unit\u00e9 d&rsquo;anthropologie du D\u00e9partement de G\u00e9n\u00e9tique et Evolution<\/a> de l&rsquo;Universit\u00e9 de Gen\u00e8ve (Suisse).<\/p>\n<h3>Collaboration institutionnelle:<\/h3>\n<p>\t<a>S\u00e9n\u00e9gal<\/a>:  Universit\u00e9 Cheikh Anta Diop, Dakar (UCAD) ; Institut Fondamental d&rsquo;Afrique Noire, Dakar (IFAN); Mus\u00e9e des Civilisations Noires, Dakar (MCN).<br \/>\n\t<a>Mali<\/a>: Institut des Sciences Humaines (ISH); Centre National de la Recherche Scientifique et Technique (CNRST); Mission Culturelle de Kayes (MCK).<br \/>\n\t<a>Suisse<\/a>: Universit\u00e9 de Gen\u00e8ve (UniGe) ; \u00c9cole polytechnique f\u00e9d\u00e9rale de Z\u00fcrich (ETHZ) ; Universit\u00e9 de Fribourg (UniFr)<br \/>\n\t<a>France<\/a>: Universit\u00e9 de Paris XII &#8211; Cr\u00e9teil ; Universit\u00e9 de Bordeaux Montaigne ; Universit\u00e9 Lumi\u00e8re de Lyon 2; Universit\u00e9 d&rsquo;Angers, Universit\u00e9 de Paris X- Nanterre;<br \/>\n\t<a>Allemagne<\/a>: Johann Wolfgang Goethe-Universit\u00e4t, Francfort.<\/p>\n<h4>Equipe arch\u00e9ologique, th\u00e9matique Pal\u00e9olithique:<\/h4>\n<ul>\n<li><a href=\"http:\/\/ua.unige.ch\/fr\/personne\/katjadouze\/\">Katja Douze<\/a>, <a href=\"http:\/\/ua.unige.ch\/fr\/apa\/\">Laboratoire Arch\u00e9ologie et Peuplement de l&rsquo;Afrique, Unit\u00e9 d&rsquo;anthropologie du D\u00e9partement de G\u00e9n\u00e9tique et Evolution<\/a>, Universit\u00e9 de Gen\u00e8ve (Suisse).<\/li>\n<li><a href=\"https:\/\/www.researchgate.net\/profile\/Matar_Ndiaye4\/research\">Matar Ndiaye<\/a><a href=\"http:\/\/ifan.ucad.sn\/index.php?option=com_content&amp;task=view&amp;id=31&amp;Itemid=68\">, Institut fondamental d\u2019Afrique Noire<\/a> (IFAN), Universit\u00e9 Cheikh Anta Diop (UCAD), Dakar, S\u00e9n\u00e9gal.<\/li>\n<li><a href=\"http:\/\/ua.unige.ch\/fr\/personne\/erichuysecom\/\">Eric Huysecom<\/a>, <a href=\"http:\/\/ua.unige.ch\/fr\/apa\/\">Laboratoire Arch\u00e9ologie et Peuplement de l&rsquo;Afrique, Unit\u00e9 d&rsquo;anthropologie du D\u00e9partement de G\u00e9n\u00e9tique et Evolution<\/a>,Universit\u00e9 de Gen\u00e8ve (Suisse).<\/li>\n<li><a href=\"https:\/\/www.researchgate.net\/profile\/Viola_C_Schmid\">Viola Schmid<\/a>, Universit\u00e9 de T\u00fcbingen.<\/li>\n<li><a href=\"https:\/\/www.researchgate.net\/profile\/Luca_Pollarolo\">Luca Pollarolo<\/a>, <a href=\"http:\/\/ua.unige.ch\/fr\/apa\/\">Laboratoire Arch\u00e9ologie et Peuplement de l&rsquo;Afrique, Unit\u00e9 d&rsquo;anthropologie du D\u00e9partement de G\u00e9n\u00e9tique et Evolution<\/a>,Universit\u00e9 de Gen\u00e8ve (Suisse).<\/li>\n<p><em>Par le pass\u00e9 ont \u00e9galement contribu\u00e9 :<\/em><br \/>\n\tAbdoulaye Camara, <a href=\"http:\/\/ua.unige.ch\/fr\/personne\/benoitchevrier\/\">Beno\u00eet Chevrier<\/a>, Alice Leplongeon, Mar\u00eda Lorenzo Martinez.<\/p>\n<h4>Equipe arch\u00e9ologique, Protohistoire, Histoire ancienne et Ethnoarch\u00e9ologie:<\/h4>\n<li><a href=\"http:\/\/ua.unige.ch\/fr\/personne\/annemayor\/\">Anne Mayor<\/a>, <a href=\"http:\/\/ua.unige.ch\/fr\/apa\/\">Laboratoire Arch\u00e9ologie et Peuplement de l&rsquo;Afrique, Unit\u00e9 d&rsquo;anthropologie du D\u00e9partement de G\u00e9n\u00e9tique et Evolution<\/a>, Universit\u00e9 de Gen\u00e8ve (Suisse).<\/li>\n<li><a href=\"http:\/\/ua.unige.ch\/fr\/personne\/celinecervera\/\">C\u00e9line Cervera<\/a>, <a href=\"http:\/\/ua.unige.ch\/fr\/apa\/\">Laboratoire Arch\u00e9ologie et Peuplement de l&rsquo;Afrique, Unit\u00e9 d&rsquo;anthropologie du D\u00e9partement de G\u00e9n\u00e9tique et Evolution<\/a>, Universit\u00e9 de Gen\u00e8ve (Suisse).<\/li>\n<li><a href=\"http:\/\/ua.unige.ch\/fr\/personne\/erichuysecom\/\">Eric Huysecom<\/a>, <a href=\"http:\/\/ua.unige.ch\/fr\/apa\/\">Laboratoire Arch\u00e9ologie et Peuplement de l&rsquo;Afrique, Unit\u00e9 d&rsquo;anthropologie du D\u00e9partement de G\u00e9n\u00e9tique et Evolution<\/a>, Universit\u00e9 de Gen\u00e8ve (Suisse).<\/li>\n<li><a href=\"http:\/\/ua.unige.ch\/fr\/personne\/pierrelamotte\/\">Pierre Lamotte<\/a>, <a href=\"http:\/\/ua.unige.ch\/fr\/apa\/\">Laboratoire Arch\u00e9ologie et Peuplement de l&rsquo;Afrique, Unit\u00e9 d&rsquo;anthropologie du D\u00e9partement de G\u00e9n\u00e9tique et Evolution<\/a>, Universit\u00e9 de Gen\u00e8ve (Suisse).<\/li>\n<li><a href=\"http:\/\/ua.unige.ch\/fr\/personne\/thomaspelmoine\/\">Thomas Pelmoine<\/a>, <a href=\"http:\/\/ua.unige.ch\/fr\/apa\/\">Laboratoire Arch\u00e9ologie et Peuplement de l&rsquo;Afrique, Unit\u00e9 d&rsquo;anthropologie du D\u00e9partement de G\u00e9n\u00e9tique et Evolution<\/a>, Universit\u00e9 de Gen\u00e8ve (Suisse).<\/li>\n<li>N\u00e9ma Guindo, D\u00e9partement d&rsquo;histoire et d&rsquo;arch\u00e9ologie, Universit\u00e9 de Bamako, Mali.<\/li>\n<li>Vincent Serneels, <a href=\"http:\/\/www.unifr.ch\/science\/fr\/etudes\/domaines\/geosciences\/sciencesterre\">D\u00e9partement de g\u00e9osciences<\/a>, Universit\u00e9 de Fribourg.<\/li>\n<li><a href=\"http:\/\/ua.unige.ch\/fr\/personne\/jacquesaymeric\/\">Jacques Aymeric<\/a>, <a href=\"http:\/\/ua.unige.ch\/fr\/apa\/\">Laboratoire Arch\u00e9ologie et Peuplement de l&rsquo;Afrique, Unit\u00e9 d&rsquo;anthropologie du D\u00e9partement de G\u00e9n\u00e9tique et Evolution<\/a>, Universit\u00e9 de Gen\u00e8ve (Suisse).<\/li>\n<li><a href=\"http:\/\/ua.unige.ch\/fr\/personne\/miriamtruffagiachet\/\">Miriam Truffa-Giachet<\/a>, <a href=\"http:\/\/ua.unige.ch\/fr\/apa\/\">Laboratoire Arch\u00e9ologie et Peuplement de l&rsquo;Afrique, Unit\u00e9 d&rsquo;anthropologie du D\u00e9partement de G\u00e9n\u00e9tique et Evolution<\/a>, Universit\u00e9 de Gen\u00e8ve (Suisse).<\/li>\n<li><a href=\"https:\/\/www.researchgate.net\/profile\/Nadia_Cantin\">Nadia Cantin<\/a>, <a href=\"http:\/\/www.iramat-crp2a.cnrs.fr\/spip\/spip.php?article1\">Laboratoire IRAMAT-CRP2A<\/a>, CNRS, Universit\u00e9 de Bordeaux Montaigne, France.<\/li>\n<li>Hamady Bocoum, <a href=\"http:\/\/ifan.ucad.sn\/index.php?option=com_content&amp;task=view&amp;id=31&amp;Itemid=68\">Institut fondamental d\u2019Afrique Noire<\/a> (IFAN), Universit\u00e9 Cheikh Anta Diop (UCAD), Dakar, S\u00e9n\u00e9gal, Directeur du Mus\u00e9e des Civilisations Noires (M.C.N).<\/li>\n<li><a href=\"http:\/\/ua.unige.ch\/fr\/personne\/julienvieugue\/\">Julien Vieugu\u00e9<\/a>, <a href=\"http:\/\/ua.unige.ch\/fr\/apa\/\">Laboratoire Arch\u00e9ologie et Peuplement de l&rsquo;Afrique, Unit\u00e9 d&rsquo;anthropologie du D\u00e9partement de G\u00e9n\u00e9tique et Evolution<\/a>, Universit\u00e9 de Gen\u00e8ve (Suisse).<\/li>\n<p><em>Par le pass\u00e9 ont \u00e9galement contribu\u00e9 :<\/em><br \/>\n\tSerge Loukou, Amy Sonko, Nd\u00e8ye Sokhna Gueye \u2020, Alexander Walmsley, Margaux Chappuis, Mamoudou Diallo, Gu\u00e9mou Kassogu\u00e9, Fatoumata Dykel Sankar\u00e9, Cheikh Oumar Kant\u00e9, Kl\u00e9na Sanogo, Boubacar D. Traor\u00e9, Oumar Sy.<\/p>\n<h4>Equipe Pal\u00e9oenvironnement, Arch\u00e9obotanique, Arch\u00e9ozoologie, G\u00e9omorphologie:<\/h4>\n<ul>\n<li>Michel Rasse, <a href=\"http:\/\/www.archeorient.mom.fr\/\">Laboratoire Arch\u00e9orient<\/a>, Universit\u00e9 de Lyon 2, France.<\/li>\n<li>Laurent Lespez, Universit\u00e9 Paris Est Cr\u00e9teil, Laboratoire de G\u00e9ographie Physique.<\/li>\n<li><a href=\"https:\/\/www.lgp.cnrs.fr\/spip\/spip.php?article42\">Aline Garnier<\/a>, Universit\u00e9 Paris Est Cr\u00e9teil, Laboratoire de G\u00e9ographie Physique.<\/li>\n<li>Sarah Davidoux, Universit\u00e9 Paris Est Cr\u00e9teil, Laboratoire de G\u00e9ographie Physique.<\/li>\n<li><a href=\"http:\/\/ua.unige.ch\/fr\/personne\/patriciachiquet\/\">Patricia Chiquet<\/a>, <a href=\"http:\/\/ua.unige.ch\/fr\/apa\/\">Laboratoire Arch\u00e9ologie et Peuplement de l&rsquo;Afrique, Unit\u00e9 d&rsquo;anthropologie du D\u00e9partement de G\u00e9n\u00e9tique et Evolution<\/a>, Universit\u00e9 de Gen\u00e8ve (Suisse).<\/li>\n<li><a href=\"https:\/\/www.researchgate.net\/profile\/Louis_Champion\">Louis Champion<\/a>, <a href=\"http:\/\/ua.unige.ch\/fr\/apa\/\">Laboratoire Arch\u00e9ologie et Peuplement de l&rsquo;Afrique, Unit\u00e9 d&rsquo;anthropologie du D\u00e9partement de G\u00e9n\u00e9tique et Evolution<\/a>, Universit\u00e9 de Gen\u00e8ve (Suisse).<\/li>\n<li>Camille Ollier, E.N.S., Universit\u00e9 de Lyon 2, France.<\/li>\n<\/ul>\n<p><em>Par le pass\u00e9 ont \u00e9galement contribu\u00e9 :<\/em><br \/>\n\tAziz Ballouche, Louis Chaix, Fatima Mokadem, Cl\u00e9ment Virmoux.<\/p>\n<h4>Equipe Chronologie absolue:<\/h4>\n<ul>\n<li><a href=\"https:\/\/web-ast.dsi.cnrs.fr\/l3c\/owa\/personnel.frame_infos?p_etat=pe&amp;p_numero_sel=996952&amp;p_i=0&amp;p_nb_res=0&amp;p_numero=0\">Chantal Tribolo<\/a> (OSL, TL), <a href=\"http:\/\/www.iramat-crp2a.cnrs.fr\/spip\/spip.php?article1\">Laboratoire IRAMAT-CRP2A<\/a>, CNRS, Universit\u00e9 de Bordeaux Montaigne, France.<\/li>\n<li><a href=\"http:\/\/www.iramat-crp2a.cnrs.fr\/spip\/spip.php?article1\">Norbert Mercier<\/a> (OSL), <a href=\"http:\/\/www.iramat-crp2a.cnrs.fr\/spip\/spip.php?article1\">Laboratoire IRAMAT-CRP2A<\/a>, CNRS, Universit\u00e9 de Bordeaux Montaigne, France.<\/li>\n<li><a href=\"http:\/\/www.ams.ethz.ch\/people\/staff\/Hajdas\">Irka Hajdas (14C), <a href=\"http:\/\/www.ams.ethz.ch\/\">Laboratory of Ion Beam Physics<\/a>, Eidgen\u00f6ssische Technische Hochschule, Z\u00fcrich (ETH-Z)<\/a><\/li>\n<\/ul>\n<p><em>Par le pass\u00e9 ont \u00e9galement contribu\u00e9 :<\/em><br \/>\n\tBrice Lebrun (OSL)<\/p>\n<h2><a href=\"http:\/\/www.ounjougou.org\/fr\/projets\/iles-eotile\/\">Eotil\u00e9 &#8211;  C\u00f4te d&rsquo;Ivoire (projet en cours depuis 2016).<\/a><\/h2>\n<h3>Coordination g\u00e9n\u00e9rale du programme:<\/h3>\n<p>\t<a>Eric Huysecom<\/a>, Professeur au <a href=\"http:\/\/ua.unige.ch\/fr\/apa\/\">Laboratoire Arch\u00e9ologie et Peuplement de l&rsquo;Afrique\u00a0\u00e0 l&rsquo;Unit\u00e9 d&rsquo;anthropologie du D\u00e9partement de G\u00e9n\u00e9tique et Evolution<\/a> de l&rsquo;Universit\u00e9 de Gen\u00e8ve (Suisse), et H\u00e9l\u00e8ne Kienon-Kabor\u00e9, D\u00e9partement d&rsquo;arch\u00e9ologie de l&rsquo;Institut des Sciences Anthropologiques de D\u00e9veloppement, Universit\u00e9 F\u00e9lix Houphou\u00ebt-Boigny, Abidjan, C\u00f4te d&rsquo;Ivoire<\/p>\n<h3>Collaboration institutionnelle:<\/h3>\n<p>\t<a>C\u00f4te d&rsquo;Ivoire<\/a>:  Universit\u00e9 F\u00e9lix-Houphou\u00ebt-Boigny, Abidjan (UFHB) ; Centre Suisse de Recherches Scientifiques en C\u00f4te d&rsquo;Ivoire, Yopougon (CSRS).<br \/>\n\t<a>Suisse<\/a>: Universit\u00e9 de Gen\u00e8ve (UniGe)<\/p>\n<h4>Equipe arch\u00e9ologique:<\/h4>\n<ul>\n<li><a href=\"http:\/\/ua.unige.ch\/fr\/personne\/erichuysecom\/\">Eric Huysecom<\/a>, <a href=\"http:\/\/ua.unige.ch\/fr\/apa\/\">Laboratoire Arch\u00e9ologie et Peuplement de l&rsquo;Afrique, Unit\u00e9 d&rsquo;anthropologie du D\u00e9partement de G\u00e9n\u00e9tique et Evolution<\/a>, Universit\u00e9 de Gen\u00e8ve (Suisse)<\/li>\n<li><a href=\"http:\/\/ua.unige.ch\/fr\/personne\/sergeloukou\/\">Serge Loukou<\/a>,<a href=\"http:\/\/ua.unige.ch\/fr\/apa\/\">Laboratoire Arch\u00e9ologie et Peuplement de l&rsquo;Afrique, Unit\u00e9 d&rsquo;anthropologie du D\u00e9partement de G\u00e9n\u00e9tique et Evolution<\/a>, Universit\u00e9 de Gen\u00e8ve (Suisse).<\/li>\n<li>H\u00e9l\u00e8ne Kienon-Kabor\u00e9.<\/li>\n<li>Sylvain Kouakou.<\/li>\n<\/ul>\n<h2><a href=\"http:\/\/www.ounjougou.org\/fr\/projets\/mali\/\">Pays Dogon &#8211; Mali (projet achev\u00e9, 1997-2012).<\/a><\/h2>\n<h3>Coordination g\u00e9n\u00e9rale du programme:<\/h3>\n<p><a>Eric Huysecom<\/a>, Professeur au <a href=\"http:\/\/ua.unige.ch\/fr\/apa\/\">Laboratoire Arch\u00e9ologie et Peuplement de l&rsquo;Afrique\u00a0\u00e0 l&rsquo;Unit\u00e9 d&rsquo;anthropologie du D\u00e9partement de G\u00e9n\u00e9tique et Evolution<\/a> de l&rsquo;Universit\u00e9 de Gen\u00e8ve (Suisse).<\/p>\n<h3>Collaboration institutionnelle:<\/h3>\n<p>\t<a>Mali<\/a>: Institut des Sciences Humaines (ISH); Universit\u00e9 de Bamako (FLASH); Centre National de la Recherche Scientifique et Technique (CNRST); Mission Culturelle de Bandiagara (MCB).<br \/>\n\t<a>Suisse<\/a>: Universit\u00e9 de Gen\u00e8ve (UniGe) ; Universit\u00e9 de Fribourg (UniFr).<br \/>\n\t<a>France<\/a>: Universit\u00e9 de Paris X- Nanterre, Universit\u00e9 de Caen, Universit\u00e9 de Rouen, Universit\u00e9 de Bordeaux, Universit\u00e9 d&rsquo;Angers.<br \/>\n\t<a>Belgique<\/a>: Afrika Museum, Tervuren.<br \/>\n\t<a>Allemagne<\/a>: Johann Wolfgang Goethe-Universit\u00e4t, Francfort; Rautenstrauch-Joest Museum, Cologne.<br \/>\n\t<a>Grande-Bretagne<\/a>: University of Oxford, Oxford.<\/p>\n<h4>Equipe arch\u00e9ologique, th\u00e9matique Pal\u00e9olithique:<\/h4>\n<p>\tEric Bo\u00ebda, Sylvain Soriano, Aline Robert, Katja Schaer, Louis de Weyer, <a href=\"http:\/\/ua.unige.ch\/fr\/personne\/erichuysecom\/\">Eric Huysecom<\/a>.<\/p>\n<h4>Equipe arch\u00e9ologique, th\u00e9matique Epipal\u00e9olithique et N\u00e9olithique:<\/h4>\n<p>\t<a href=\"http:\/\/ua.unige.ch\/fr\/personne\/erichuysecom\/\">Eric Huysecom<\/a>, Sylvain Ozainne, Francesco Raeli, Souad Kouti, Jocelyne Desideri<\/p>\n<h4>Equipe arch\u00e9ologique, th\u00e9matique Arch\u00e9om\u00e9tallurgie et Ethnom\u00e9tallurgie:<\/h4>\n<p>\tCaroline Robion-Brunner, Vincent Serneels, S\u00e9bastien Perret, Eric Huysecom, Rapha\u00eblle Soulignac, Boubacar D. Traor\u00e9.<\/p>\n<h4>Equipe arch\u00e9ologique, th\u00e9matique Protohistoire et Histoire ancienne:<\/h4>\n<p>\t<a href=\"http:\/\/ua.unige.ch\/fr\/personne\/annemayor\/\">Anne Mayor<\/a>, <a href=\"http:\/\/ua.unige.ch\/fr\/personne\/erichuysecom\/\">Eric Huysecom<\/a>, Sylvain Ozainne, <a href=\"http:\/\/ua.unige.ch\/fr\/personne\/mariecanetti\/\">Marie Canetti<\/a>, N\u00e9ma Guindo, Daouda Ke\u00efta, Chrystel Jeanbourquin, Ileina Colaizzi, Laurence Cappa, Nafogo Coulibaly, Amba\u00e9r\u00e9 Andr\u00e9 Temb\u00e9ly \u2020, Alexander Downing, Doulaye Konat\u00e9, Ousmane Sow, Aur\u00e9lie Terrier, Messac Poudiougo, <a href=\"http:\/\/ua.unige.ch\/fr\/personne\/sergeloukou\/\">Serge Loukou<\/a>, Kl\u00e9na Sanogo, Adama Demb\u00e9l\u00e9.<\/p>\n<h4>Equipe arch\u00e9ologique, Ethnoarch\u00e9ologie, ethnologie et linguistique:<\/h4>\n<p>\tAnne Mayor, Alain Gallay, Nadia Cantin,Elena Burri, Roger Blench, Denis Douyon, Camille Selleger, Heidrun Mezger.<\/p>\n<h4>Equipe Pal\u00e9oenvironnement, Arch\u00e9obotanique, Arch\u00e9ozoologie et G\u00e9omorphologie:<\/h4>\n<p>\tMichel Rasse, Laurent Lespez, Aline Garnier, Yann Le Drezen, Katharina Neumann, Barbara Eichhorn, Stefanie Kahlheber, Aziz Ballouche, Nuscia Taibi, Jan Moyersons, Nicolas Fedoroff \u2020, Hugues Doutrelepont \u2020, Koen Deforce, Jan van de Velde, Sylvie Coutard, Louis Chaix, \u00c9mile Roche, Hans Beeckman.<\/p>\n<h4>Equipe Chronologie absolue:<\/h4>\n<p>\tChantal Tribolo, Stephen Stokes \u2020, Irka Hajdas.<\/p>\n","protected":false},"excerpt":{"rendered":"<p>Fal\u00e9m\u00e9 &#8211; S\u00e9n\u00e9gal (projet en cours depuis 2011). Coordination g\u00e9n\u00e9rale du programme: Eric Huysecom, Professeur au Laboratoire Arch\u00e9ologie et Peuplement de l&rsquo;Afrique\u00a0\u00e0 l&rsquo;Unit\u00e9 d&rsquo;anthropologie du D\u00e9partement de G\u00e9n\u00e9tique et Evolution de l&rsquo;Universit\u00e9 de Gen\u00e8ve (Suisse). Collaboration institutionnelle: S\u00e9n\u00e9gal: Universit\u00e9 Cheikh<span class=\"ellipsis\">&hellip;<\/span><\/p>\n<div class=\"read-more\"><a href=\"https:\/\/www.ounjougou.org\/fr\/equipes-de-recherche\/\">Lire la suite &#8250;<\/a><\/div>\n<p><!-- end of .read-more --><\/p>\n","protected":false},"author":1,"featured_media":0,"parent":0,"menu_order":0,"comment_status":"closed","ping_status":"closed","template":"page-accueil.php","meta":{"footnotes":""},"_links":{"self":[{"href":"https:\/\/www.ounjougou.org\/fr\/wp-json\/wp\/v2\/pages\/334"}],"collection":[{"href":"https:\/\/www.ounjougou.org\/fr\/wp-json\/wp\/v2\/pages"}],"about":[{"href":"https:\/\/www.ounjougou.org\/fr\/wp-json\/wp\/v2\/types\/page"}],"author":[{"embeddable":true,"href":"https:\/\/www.ounjougou.org\/fr\/wp-json\/wp\/v2\/users\/1"}],"replies":[{"embeddable":true,"href":"https:\/\/www.ounjougou.org\/fr\/wp-json\/wp\/v2\/comments?post=334"}],"version-history":[{"count":14,"href":"https:\/\/www.ounjougou.org\/fr\/wp-json\/wp\/v2\/pages\/334\/revisions"}],"predecessor-version":[{"id":1426,"href":"https:\/\/www.ounjougou.org\/fr\/wp-json\/wp\/v2\/pages\/334\/revisions\/1426"}],"wp:attachment":[{"href":"https:\/\/www.ounjougou.org\/fr\/wp-json\/wp\/v2\/media?parent=334"}],"curies":[{"name":"wp","href":"https:\/\/api.w.org\/{rel}","templated":true}]}}