{"id":322,"date":"2013-06-19T14:09:32","date_gmt":"2013-06-19T13:09:32","guid":{"rendered":"http:\/\/www.ounjougou.org\/fr\/?page_id=322"},"modified":"2017-04-19T12:42:22","modified_gmt":"2017-04-19T10:42:22","slug":"historique-des-recherches","status":"publish","type":"page","link":"https:\/\/www.ounjougou.org\/fr\/historique-des-recherches\/","title":{"rendered":"Historique des recherches"},"content":{"rendered":"<p>Le programme de recherche international et interdisciplinaire \u00ab Peuplement humain et pal\u00e9oenvironnement en Afrique\u00bb\u00a0 est coordonn\u00e9 par le laboratoire Arch\u00e9ologie et Peuplement de l&rsquo;Afrique, \u00e0 l&rsquo;Universit\u00e9 de Gen\u00e8ve (Suisse). Son objectif principal est d&rsquo;\u00e9tudier l&rsquo;histoire des interactions entre populations humaines et variations climatiques et environnementales, du Pl\u00e9istoc\u00e8ne \u00e0 nos jours. Le programme a \u00e9t\u00e9 initi\u00e9 en 1997, suite \u00e0 la d\u00e9couverte du site d&rsquo;Ounjougou en Pays dogon (Mali).<\/p>\n<p>Bien que l&rsquo;existence de t\u00e9moignages arch\u00e9ologiques en Pays dogon ait \u00e9t\u00e9 rapport\u00e9e par le lieutenant Desplagnes d\u00e8s 1907, la connaissance de la Pr\u00e9histoire dans la r\u00e9gion s&rsquo;est longtemps r\u00e9sum\u00e9e \u00e0 un seul article publi\u00e9 par G. Szumowski en 1956, relatant la pr\u00e9sence d&rsquo;industrie lithique et de c\u00e9ramique dans deux abris-sous-roche situ\u00e9s \u00e0 40 km \u00e0 l&rsquo;ouest de la ville de Bandiagara.\u00a0En 1988, le g\u00e9ologue M. Burri recueille une hache polie, une armature de fl\u00e8che en gr\u00e8s et quelques \u00e9clats lithiques dans la vall\u00e9e du Yam\u00e9, \u00e0 l&rsquo;est de Bandiagara. Ces trouvailles motivent une s\u00e9rie de prospections qui seront men\u00e9es durant l\u2019hiver 1993-1994 par Eric Huysecom, aujourd&rsquo;hui Professeur et directeur du laboratoire Arch\u00e9ologie et Peuplement de l&rsquo;Afrique \u00e0 l&rsquo;Universit\u00e9 de Gen\u00e8ve. La d\u00e9couverte de nombreux vestiges indiquant des occupations remontant au moins jusqu&rsquo;au Pal\u00e9olithique moyen est rapidement \u00e9tablie. L&rsquo;ensemble des sites r\u00e9pertori\u00e9s dans la zone prospect\u00e9e re\u00e7oit alors l&rsquo;appellation de \u00ab\u00a0Gisement d&rsquo;Ounjougou\u00a0\u00bb, d&rsquo;apr\u00e8s le nom du lieu-dit o\u00f9 les premiers pr\u00e9l\u00e8vements ont \u00e9t\u00e9 effectu\u00e9s.<\/p>\n<p>Situ\u00e9 sur le plateau de Bandiagara, \u00e0 une quinzaine de kilom\u00e8tres \u00e0 l&rsquo;est de la ville du m\u00eame nom, le complexe d&rsquo;Ounjougou rassemble de nombreux sites de taille et de nature tr\u00e8s diverses, r\u00e9partis dans une zone d&rsquo;environ 10 km2 et gravitant autour de la confluence du Yam\u00e9 et de trois cours d&rsquo;eau temporaires. En 1936, une crue importante a consid\u00e9rablement modifi\u00e9 la configuration du cours d&rsquo;eau en redessinant sa trajectoire beaucoup plus bas, ce qui a entra\u00een\u00e9 une forte \u00e9rosion r\u00e9gressive dans les formations quaternaires environnantes. Cette incision verticale, responsable des spectaculaires ravinements aujourd&rsquo;hui visibles dans la zone, a engendr\u00e9 des coupes naturelles pouvant d\u00e9passer 10 m\u00e8tres de hauteur.<\/p>\n<p>La stratigraphie ainsi r\u00e9v\u00e9l\u00e9e a permis la d\u00e9couverte de tr\u00e8s nombreux niveaux arch\u00e9ologiques attribuables \u00e0 une large fourchette chronologique, s&rsquo;\u00e9tendant du Pal\u00e9olithique ancien \u00e0 nos jours. La s\u00e9quence d&rsquo;Ounjougou se distingue \u00e9galement par une s\u00e9rie de niveaux holoc\u00e8nes extr\u00eamement riches en vestiges organiques exceptionnellement bien conserv\u00e9s (charbons de bois, mais aussi pollens, feuilles, graines et bois), offrant l&rsquo;opportunit\u00e9 de mettre en relation directe occupations humaines et variations climatiques et environnementales sur une longue s\u00e9quence. C&rsquo;est afin d&rsquo;\u00e9tudier de fa\u00e7on optimale ce site unique en Afrique de l&rsquo;Ouest que le programme de recherche international \u00ab\u00a0Peuplement humain et pal\u00e9oenvironnement en Afrique\u00a0\u00bb a vu le jour en 1997.<\/p>\n<p>Les travaux men\u00e9s sur le gisement d\u2019Ounjougou entre 1997 et 2004 ont conduit \u00e0 l&rsquo;\u00e9laboration d&rsquo;un premier sc\u00e9nario de l\u2019histoire du peuplement du Pays dogon, r\u00e9v\u00e9lant toutefois plusieurs hiatus arch\u00e9ologiques ou s\u00e9dimentaires. A partir de 2005, les recherches ont progressivement \u00e9t\u00e9 \u00e9tendues \u00e0 la falaise de Bandiagara et \u00e0 la plaine du S\u00e9no, dans l&rsquo;optique de tester le mod\u00e8le de peuplement d\u00e9fini \u00e0 Ounjougou et de comprendre les diff\u00e9rents hiatus mis en \u00e9vidence dans la s\u00e9quence de la vall\u00e9e du Yam\u00e9. Cette seconde \u00e9tape de recherches, plus extensive, avait \u00e9galement pour objectif de relier l&rsquo;histoire du peuplement du Pays dogon \u00e0 celles des r\u00e9gions p\u00e9riph\u00e9riques. De nombreux sites du Pl\u00e9istoc\u00e8ne et de l&rsquo;Holoc\u00e8ne ont alors \u00e9t\u00e9 d\u00e9couverts. Les travaux en Pays dogon se sont achev\u00e9s en 2011 avec la deuxi\u00e8me campagne de fouille men\u00e9e sur le site de Sadia, une importante butte d&rsquo;habitat de la p\u00e9riode pr\u00e9-dogon, dat\u00e9e entre le 8<sup>\u00e8me<\/sup> et le 13<sup>\u00e8me<\/sup> si\u00e8cle de notre \u00e8re.<\/p>\n<p>Aujourd&rsquo;hui, les chercheurs impliqu\u00e9s dans le programme s&rsquo;int\u00e9ressent \u00e9galement \u00e0 d&rsquo;autres r\u00e9gions importantes pour la compr\u00e9hension du peuplement de l&rsquo;Afrique de l&rsquo;Ouest. Depuis 2011, des recherches men\u00e9es au S\u00e9n\u00e9gal oriental s&rsquo;efforcent de restituer le contexte arch\u00e9ologique et pal\u00e9oenvironnemental de la vall\u00e9e de la Fal\u00e9m\u00e9. Le d\u00e9veloppement d&rsquo;une fouille-\u00e9cole internationale en C\u00f4te d&rsquo;Ivoire est \u00e9galement en cours.<\/p>\n","protected":false},"excerpt":{"rendered":"<p>Le programme de recherche international et interdisciplinaire \u00ab Peuplement humain et pal\u00e9oenvironnement en Afrique\u00bb\u00a0 est coordonn\u00e9 par le laboratoire Arch\u00e9ologie et Peuplement de l&rsquo;Afrique, \u00e0 l&rsquo;Universit\u00e9 de Gen\u00e8ve (Suisse). Son objectif principal est d&rsquo;\u00e9tudier l&rsquo;histoire des interactions entre populations humaines<span class=\"ellipsis\">&hellip;<\/span><\/p>\n<div class=\"read-more\"><a href=\"https:\/\/www.ounjougou.org\/fr\/historique-des-recherches\/\">Lire la suite &#8250;<\/a><\/div>\n<p><!-- end of .read-more --><\/p>\n","protected":false},"author":1,"featured_media":0,"parent":0,"menu_order":0,"comment_status":"closed","ping_status":"closed","template":"page-accueil.php","meta":{"footnotes":""},"_links":{"self":[{"href":"https:\/\/www.ounjougou.org\/fr\/wp-json\/wp\/v2\/pages\/322"}],"collection":[{"href":"https:\/\/www.ounjougou.org\/fr\/wp-json\/wp\/v2\/pages"}],"about":[{"href":"https:\/\/www.ounjougou.org\/fr\/wp-json\/wp\/v2\/types\/page"}],"author":[{"embeddable":true,"href":"https:\/\/www.ounjougou.org\/fr\/wp-json\/wp\/v2\/users\/1"}],"replies":[{"embeddable":true,"href":"https:\/\/www.ounjougou.org\/fr\/wp-json\/wp\/v2\/comments?post=322"}],"version-history":[{"count":1,"href":"https:\/\/www.ounjougou.org\/fr\/wp-json\/wp\/v2\/pages\/322\/revisions"}],"predecessor-version":[{"id":1362,"href":"https:\/\/www.ounjougou.org\/fr\/wp-json\/wp\/v2\/pages\/322\/revisions\/1362"}],"wp:attachment":[{"href":"https:\/\/www.ounjougou.org\/fr\/wp-json\/wp\/v2\/media?parent=322"}],"curies":[{"name":"wp","href":"https:\/\/api.w.org\/{rel}","templated":true}]}}