{"id":28,"date":"2013-06-11T15:36:07","date_gmt":"2013-06-11T14:36:07","guid":{"rendered":"http:\/\/www.ounjougou.org\/fr\/?page_id=28"},"modified":"2019-11-14T10:46:47","modified_gmt":"2019-11-14T09:46:47","slug":"contacts","status":"publish","type":"page","link":"https:\/\/www.ounjougou.org\/fr\/contacts\/","title":{"rendered":"Contacts"},"content":{"rendered":"<p>Le site du programme Ounjougou est administr\u00e9 \u00a0\u00e0 l&rsquo;<a href=\"http:\/\/ua.unige.ch\/fr\/\"><strong>Unit\u00e9 d&rsquo;Anthropologie<\/strong><\/a> de l&rsquo;Universit\u00e9 de Gen\u00e8ve par <a href=\"http:\/\/ua.unige.ch\/fr\/personne\/davidroessli\/\"><strong>David Roessli<\/strong><\/a>,\u00a0<a href=\"http:\/\/ua.unige.ch\/fr\/personne\/stephanweber\/\"><strong>Stephan Weber<\/strong><\/a>, et <a href=\"http:\/\/ua.unige.ch\/fr\/personne\/jacquesaymeric\/\"><strong>Jacques Aymeric<\/strong><\/a>. Il est r\u00e9guli\u00e8rement mis \u00e0 jour par\u00a0les membres du <a href=\"http:\/\/ua.unige.ch\/fr\/apa\/\"><strong>Laboratoire Arch\u00e9ologie et Peuplement de l&rsquo;Afrique<\/strong><\/a>.<\/p>\n","protected":false},"excerpt":{"rendered":"<p>Le site du programme Ounjougou est administr\u00e9 \u00a0\u00e0 l&rsquo;Unit\u00e9 d&rsquo;Anthropologie de l&rsquo;Universit\u00e9 de Gen\u00e8ve par David Roessli,\u00a0Stephan Weber, et Jacques Aymeric. Il est r\u00e9guli\u00e8rement mis \u00e0 jour par\u00a0les membres du Laboratoire Arch\u00e9ologie et Peuplement de l&rsquo;Afrique.<\/p>\n","protected":false},"author":1,"featured_media":0,"parent":0,"menu_order":0,"comment_status":"closed","ping_status":"closed","template":"page-accueil.php","meta":{"footnotes":""},"_links":{"self":[{"href":"https:\/\/www.ounjougou.org\/fr\/wp-json\/wp\/v2\/pages\/28"}],"collection":[{"href":"https:\/\/www.ounjougou.org\/fr\/wp-json\/wp\/v2\/pages"}],"about":[{"href":"https:\/\/www.ounjougou.org\/fr\/wp-json\/wp\/v2\/types\/page"}],"author":[{"embeddable":true,"href":"https:\/\/www.ounjougou.org\/fr\/wp-json\/wp\/v2\/users\/1"}],"replies":[{"embeddable":true,"href":"https:\/\/www.ounjougou.org\/fr\/wp-json\/wp\/v2\/comments?post=28"}],"version-history":[{"count":3,"href":"https:\/\/www.ounjougou.org\/fr\/wp-json\/wp\/v2\/pages\/28\/revisions"}],"predecessor-version":[{"id":1424,"href":"https:\/\/www.ounjougou.org\/fr\/wp-json\/wp\/v2\/pages\/28\/revisions\/1424"}],"wp:attachment":[{"href":"https:\/\/www.ounjougou.org\/fr\/wp-json\/wp\/v2\/media?parent=28"}],"curies":[{"name":"wp","href":"https:\/\/api.w.org\/{rel}","templated":true}]}}