{"id":26,"date":"2013-06-11T15:35:59","date_gmt":"2013-06-11T14:35:59","guid":{"rendered":"http:\/\/www.ounjougou.org\/fr\/?page_id=26"},"modified":"2017-04-19T14:47:41","modified_gmt":"2017-04-19T12:47:41","slug":"publications","status":"publish","type":"page","link":"https:\/\/www.ounjougou.org\/fr\/publications\/","title":{"rendered":"Publications"},"content":{"rendered":"<div class=\"one_half\">\n<h4><a title=\"Articles, monographies et rapports\" href=\"http:\/\/www.ounjougou.org\/fr\/publications\/articles\/\">Articles, monographies et rapports<\/a><\/h4>\n<div id=\"attachment_868\" style=\"width: 364px\" class=\"wp-caption alignleft\"><a title=\"Articles, monographies et rapports\" href=\"http:\/\/www.ounjougou.org\/fr\/publications\/articles\/\"><img aria-describedby=\"caption-attachment-868\" decoding=\"async\" loading=\"lazy\" class=\"wp-image-868 size-full\" src=\"http:\/\/www.ounjougou.org\/fr\/wp-content\/uploads\/sites\/2\/2013\/06\/publi1-1.jpg\" alt=\"Articles, monographies, actes de colloques, rapports publi\u00e9s\" width=\"354\" height=\"147\" srcset=\"https:\/\/www.ounjougou.org\/fr\/wp-content\/uploads\/sites\/2\/2013\/06\/publi1-1.jpg 354w, https:\/\/www.ounjougou.org\/fr\/wp-content\/uploads\/sites\/2\/2013\/06\/publi1-1-300x125.jpg 300w\" sizes=\"(max-width: 354px) 100vw, 354px\" \/><\/a><\/p>\n<p id=\"caption-attachment-868\" class=\"wp-caption-text\">Articles, monographies, actes de colloques, rapports publi\u00e9s<\/p>\n<\/div>\n<p>&nbsp;<\/p>\n<p>&nbsp;<\/p>\n<p>&nbsp;<\/p>\n<p>&nbsp;<\/p>\n<p>&nbsp;<\/p>\n<p>&nbsp;<\/p>\n<p>&nbsp;<\/p>\n<\/div>\n<div class=\"one_half last\">\n<h4><a title=\"Th\u00e8ses et masters\" href=\"http:\/\/www.ounjougou.org\/fr\/publications\/theses-et-masters\/\">M\u00e9moires de th\u00e8se et de master<\/a><\/h4>\n<div id=\"attachment_869\" style=\"width: 354px\" class=\"wp-caption alignleft\"><a title=\"Th\u00e8ses et masters\" href=\"http:\/\/www.ounjougou.org\/fr\/publications\/theses-et-masters\/\"><img aria-describedby=\"caption-attachment-869\" decoding=\"async\" loading=\"lazy\" class=\"wp-image-869 size-full\" src=\"http:\/\/www.ounjougou.org\/fr\/wp-content\/uploads\/sites\/2\/2013\/06\/publi2-1.jpg\" alt=\"M\u00e9moires de licence, master, th\u00e8se et habilitations \u00e0 diriger des recherches\" width=\"344\" height=\"146\" srcset=\"https:\/\/www.ounjougou.org\/fr\/wp-content\/uploads\/sites\/2\/2013\/06\/publi2-1.jpg 344w, https:\/\/www.ounjougou.org\/fr\/wp-content\/uploads\/sites\/2\/2013\/06\/publi2-1-300x127.jpg 300w\" sizes=\"(max-width: 344px) 100vw, 344px\" \/><\/a><\/p>\n<p id=\"caption-attachment-869\" class=\"wp-caption-text\">Masters, th\u00e8ses et habilitations \u00e0 diriger des recherches<\/p>\n<\/div>\n<p>&nbsp;<\/p>\n<p>&nbsp;<\/p>\n<p>&nbsp;<\/p>\n<p>&nbsp;<\/p>\n<p>&nbsp;<\/p>\n<p>&nbsp;<\/p>\n<p>&nbsp;<\/p>\n<\/div>\n<div class=\"clearboth\"><\/div>\n","protected":false},"excerpt":{"rendered":"","protected":false},"author":1,"featured_media":0,"parent":0,"menu_order":0,"comment_status":"closed","ping_status":"closed","template":"page-accueil.php","meta":{"footnotes":""},"_links":{"self":[{"href":"https:\/\/www.ounjougou.org\/fr\/wp-json\/wp\/v2\/pages\/26"}],"collection":[{"href":"https:\/\/www.ounjougou.org\/fr\/wp-json\/wp\/v2\/pages"}],"about":[{"href":"https:\/\/www.ounjougou.org\/fr\/wp-json\/wp\/v2\/types\/page"}],"author":[{"embeddable":true,"href":"https:\/\/www.ounjougou.org\/fr\/wp-json\/wp\/v2\/users\/1"}],"replies":[{"embeddable":true,"href":"https:\/\/www.ounjougou.org\/fr\/wp-json\/wp\/v2\/comments?post=26"}],"version-history":[{"count":1,"href":"https:\/\/www.ounjougou.org\/fr\/wp-json\/wp\/v2\/pages\/26\/revisions"}],"predecessor-version":[{"id":1374,"href":"https:\/\/www.ounjougou.org\/fr\/wp-json\/wp\/v2\/pages\/26\/revisions\/1374"}],"wp:attachment":[{"href":"https:\/\/www.ounjougou.org\/fr\/wp-json\/wp\/v2\/media?parent=26"}],"curies":[{"name":"wp","href":"https:\/\/api.w.org\/{rel}","templated":true}]}}