{"id":179,"date":"2013-06-14T11:27:23","date_gmt":"2013-06-14T10:27:23","guid":{"rendered":"http:\/\/www.ounjougou.org\/fr\/?page_id=179"},"modified":"2013-06-14T11:27:23","modified_gmt":"2013-06-14T10:27:23","slug":"ethnoarcheologie","status":"publish","type":"page","link":"https:\/\/www.ounjougou.org\/fr\/projets\/senegal\/ethnoarcheologie\/","title":{"rendered":"Ethnoarch\u00e9ologie et ethnohistoire"},"content":{"rendered":"<div class=\"two_third\">\n<p>Les premi\u00e8res missions le long de la Fal\u00e9m\u00e9 ont permis de constater l\u2019importante mobilit\u00e9 de certaines populations de la vall\u00e9e. Cette mobilit\u00e9 est souvent synonyme d\u2019abandon des villages, dont les vestiges pr\u00e9sentent des caract\u00e9ristiques variables, notamment dans certains cas l\u2019absence significative de certaines cat\u00e9gories de structures ou d\u2019artefacts en surface. Les causes de cette mobilit\u00e9 semblent diverses et n\u2019ont jamais fait l\u2019objet d\u2019\u00e9tudes syst\u00e9matiques. Une approche confrontant observations des sites abandonn\u00e9s, \u00e9tude ethnoarch\u00e9ologique de l\u2019architecture vernaculaire et enqu\u00eates ethnohistoriques sur l\u2019histoire du peuplement vise \u00e0 \u00e9tablir les m\u00e9canismes de ces migrations. L\u2019objectif \u00e0 plus long terme est de contribuer \u00e0 la compr\u00e9hension des vestiges laiss\u00e9s par des populations mobiles dans des contextes de savane africaine. La d\u00e9couverte de fours de r\u00e9duction presque intacts, dont le fonctionnement est encore connu de certains forgerons de la r\u00e9gion de Kondokhou, offre l\u2019opportunit\u00e9 unique de documenter une technique sid\u00e9rurgique aujourd\u2019hui abandonn\u00e9e. Enfin, une approche ethnoarch\u00e9ologique est d\u00e9velopp\u00e9e pour documenter les traditions c\u00e9ramiques peul et malink\u00e9 de la moyenne et haute vall\u00e9e de la Fal\u00e9m\u00e9, la production de poteries ayant tendance \u00e0 diminuer parall\u00e8lement \u00e0 l\u2019intensification de l\u2019orpaillage.<\/p>\n<\/div>\n<div class=\"one_third last\">\n<h3>Articles:<\/h3>\n<ul>\n<li><a title=\"Ethnoarch\u00e9ologie et ethnohistoire\" href=\"http:\/\/www.ounjougou.org\/fr\/projets\/senegal\/ethnoarcheologie\/recherches-ethnoarcheologiques-et-ethnohistoriques\/\">Objectifs de recherche<\/a><\/li>\n<\/ul>\n<\/div>\n<div class=\"clearboth\"><\/div>\n","protected":false},"excerpt":{"rendered":"","protected":false},"author":1,"featured_media":0,"parent":17,"menu_order":0,"comment_status":"closed","ping_status":"closed","template":"page-accueil.php","meta":{"footnotes":""},"_links":{"self":[{"href":"https:\/\/www.ounjougou.org\/fr\/wp-json\/wp\/v2\/pages\/179"}],"collection":[{"href":"https:\/\/www.ounjougou.org\/fr\/wp-json\/wp\/v2\/pages"}],"about":[{"href":"https:\/\/www.ounjougou.org\/fr\/wp-json\/wp\/v2\/types\/page"}],"author":[{"embeddable":true,"href":"https:\/\/www.ounjougou.org\/fr\/wp-json\/wp\/v2\/users\/1"}],"replies":[{"embeddable":true,"href":"https:\/\/www.ounjougou.org\/fr\/wp-json\/wp\/v2\/comments?post=179"}],"version-history":[{"count":0,"href":"https:\/\/www.ounjougou.org\/fr\/wp-json\/wp\/v2\/pages\/179\/revisions"}],"up":[{"embeddable":true,"href":"https:\/\/www.ounjougou.org\/fr\/wp-json\/wp\/v2\/pages\/17"}],"wp:attachment":[{"href":"https:\/\/www.ounjougou.org\/fr\/wp-json\/wp\/v2\/media?parent=179"}],"curies":[{"name":"wp","href":"https:\/\/api.w.org\/{rel}","templated":true}]}}