{"id":17,"date":"2013-06-11T15:33:05","date_gmt":"2013-06-11T14:33:05","guid":{"rendered":"http:\/\/www.ounjougou.org\/fr\/?page_id=17"},"modified":"2019-12-05T13:09:48","modified_gmt":"2019-12-05T12:09:48","slug":"senegal","status":"publish","type":"page","link":"https:\/\/www.ounjougou.org\/fr\/projets\/senegal\/","title":{"rendered":"Fal\u00e9m\u00e9 &#8211; S\u00e9n\u00e9gal"},"content":{"rendered":"<h2><strong><a title=\"Le projet Fal\u00e9m\u00e9\" href=\"http:\/\/www.ounjougou.org\/fr\/le-projet-faleme\/\">Le projet Fal\u00e9m\u00e9<\/a><\/strong><\/h2>\n<p>La Vall\u00e9e de la Fal\u00e9m\u00e9 se trouve \u00e0 l\u2019extr\u00eame Est du S\u00e9n\u00e9gal, aux abords de la fronti\u00e8re malienne, \u00e0 plus de 700 km de Dakar. La Fal\u00e9m\u00e9 qui prend sa source en Guin\u00e9e, est le principal affluent du fleuve S\u00e9n\u00e9gal. Cette r\u00e9gion s\u2019est r\u00e9v\u00e9l\u00e9e propice au d\u00e9veloppement d\u2019un projet d\u2019envergure \u00e0 long terme, car elle pr\u00e9sente des \u00e9rosions donnant acc\u00e8s \u00e0 des donn\u00e9es g\u00e9omorphologiques bien d\u00e9velopp\u00e9es et \u00e0 de nombreux sites arch\u00e9ologiques datant de diff\u00e9rentes p\u00e9riodes chronologiques, ainsi qu\u2019\u00e0 un contexte ethnographique permettant de mener des \u00e9tudes ethnoarch\u00e9ologiques.<br \/>\nLes premi\u00e8res missions de prospection en 2011 et 2012 ont permis de rep\u00e9rer pr\u00e8s de 250 sites et occurrences arch\u00e9ologiques. Depuis, les missions r\u00e9guli\u00e8res dans la vall\u00e9e de la Fal\u00e9m\u00e9 ont permis de nombreuses avanc\u00e9es scientifiques pour la compr\u00e9hension du pass\u00e9 de l\u2019Afrique de l\u2019Ouest, depuis les p\u00e9riodes tr\u00e8s recul\u00e9es &#8211; l\u2019Acheul\u00e9en aux environs 300 000 ans &#8211; jusqu\u2019aux pratiques culturelles du pass\u00e9 r\u00e9cent, dont t\u00e9moignent notamment les m\u00e9moires actuelles (Huysecom et al. 2012 \u00e0 2017 ; Mayor et al. 2018, 2019). Le projet est fondamentalement pluridisciplinaire et repose sur la collaboration de plusieurs \u00e9quipes de recherche affili\u00e9es \u00e0 diff\u00e9rentes institutions et r\u00e9unies dans l\u2019objectif commun de r\u00e9v\u00e9ler l\u2019histoire de l\u2019occupation de la r\u00e9gion, les \u00e9mergences culturelles majeures et les mouvements populationnels, ainsi que leurs rapports avec les contextes pal\u00e9o-environnementaux changeants. <\/p>\n<h3>\n<li><a href=\"http:\/\/www.ounjougou.org\/fr\/projets\/senegal\/1445-2\/\">NOS DIFFERENTS PROJETS DANS LA FALEME (2012-2022)<\/a><\/li>\n<\/h3>\n<h3>\n<li><a href=\"http:\/\/www.ounjougou.org\/fr\/les-themes-archeologiques-abordes-actuellement\/\">LES THEMES ARCHEOLOGIQUES ABORDES ACTUELLEMENT<\/a><\/li>\n<\/h3>\n<div class=\"one_third\">\n<h3><a title=\"Arch\u00e9ologie\" href=\"http:\/\/www.ounjougou.org\/fr\/projets\/senegal\/archeologie\/\">Arch\u00e9ologie<\/a><\/h3>\n<div id=\"attachment_161\" style=\"width: 210px\" class=\"wp-caption alignnone\"><a title=\"Arch\u00e9ologie\" href=\"http:\/\/www.ounjougou.org\/fr\/projets\/senegal\/archeologie\/\"><img aria-describedby=\"caption-attachment-161\" decoding=\"async\" loading=\"lazy\" class=\"wp-image-161 size-medium\" src=\"http:\/\/www.ounjougou.org\/fr\/wp-content\/uploads\/sites\/2\/2013\/06\/DSC6662-2-1-200x300.jpg\" alt=\"Remontages c\u00e9ramiques au camp, mission 2012.\" width=\"200\" height=\"300\" srcset=\"https:\/\/www.ounjougou.org\/fr\/wp-content\/uploads\/sites\/2\/2013\/06\/DSC6662-2-1-200x300.jpg 200w, https:\/\/www.ounjougou.org\/fr\/wp-content\/uploads\/sites\/2\/2013\/06\/DSC6662-2-1-768x1154.jpg 768w, https:\/\/www.ounjougou.org\/fr\/wp-content\/uploads\/sites\/2\/2013\/06\/DSC6662-2-1-682x1024.jpg 682w, https:\/\/www.ounjougou.org\/fr\/wp-content\/uploads\/sites\/2\/2013\/06\/DSC6662-2-1.jpg 1198w\" sizes=\"(max-width: 200px) 100vw, 200px\" \/><\/a><\/p>\n<p id=\"caption-attachment-161\" class=\"wp-caption-text\">Remontages c\u00e9ramiques au camp, 2012. Photo N. Spuhler<\/p>\n<\/div>\n<\/div>\n<div class=\"one_third\">\n<h3><a title=\"Environnement\" href=\"http:\/\/www.ounjougou.org\/fr\/projets\/senegal\/environnement\/\">Environnement<\/a><\/h3>\n<div id=\"attachment_183\" style=\"width: 210px\" class=\"wp-caption alignnone\"><a title=\"Environnement\" href=\"http:\/\/www.ounjougou.org\/fr\/projets\/senegal\/environnement\/\"><img aria-describedby=\"caption-attachment-183\" decoding=\"async\" loading=\"lazy\" class=\"wp-image-183 size-medium\" src=\"http:\/\/www.ounjougou.org\/fr\/wp-content\/uploads\/sites\/2\/2013\/06\/DSC2277-1-200x300.jpg\" alt=\"Site arch\u00e9ologique \u00e9rod\u00e9, mission 2012.\" width=\"200\" height=\"300\" srcset=\"https:\/\/www.ounjougou.org\/fr\/wp-content\/uploads\/sites\/2\/2013\/06\/DSC2277-1-200x300.jpg 200w, https:\/\/www.ounjougou.org\/fr\/wp-content\/uploads\/sites\/2\/2013\/06\/DSC2277-1-768x1154.jpg 768w, https:\/\/www.ounjougou.org\/fr\/wp-content\/uploads\/sites\/2\/2013\/06\/DSC2277-1-682x1024.jpg 682w, https:\/\/www.ounjougou.org\/fr\/wp-content\/uploads\/sites\/2\/2013\/06\/DSC2277-1.jpg 1198w\" sizes=\"(max-width: 200px) 100vw, 200px\" \/><\/a><\/p>\n<p id=\"caption-attachment-183\" class=\"wp-caption-text\">Site arch\u00e9ologique \u00e9rod\u00e9, 2012. Photo N. Spuhler<\/p>\n<\/div>\n<\/div>\n<div class=\"one_third last\">\n<h3><a title=\"Ethnoarch\u00e9ologie\" href=\"http:\/\/www.ounjougou.org\/fr\/projets\/senegal\/ethnoarcheologie\/\">Ethnoarch\u00e9ologie<\/a><\/h3>\n<div id=\"attachment_174\" style=\"width: 210px\" class=\"wp-caption alignnone\"><a title=\"Ethnoarch\u00e9ologie et ethnohistoire\" href=\"http:\/\/www.ounjougou.org\/fr\/projets\/senegal\/ethnoarcheologie\/\"><img aria-describedby=\"caption-attachment-174\" decoding=\"async\" loading=\"lazy\" class=\"wp-image-174 size-medium\" src=\"http:\/\/www.ounjougou.org\/fr\/wp-content\/uploads\/sites\/2\/2013\/06\/DSC5761-2-1-200x300.jpg\" alt=\"_DSC5761-2\" width=\"200\" height=\"300\" srcset=\"https:\/\/www.ounjougou.org\/fr\/wp-content\/uploads\/sites\/2\/2013\/06\/DSC5761-2-1-200x300.jpg 200w, https:\/\/www.ounjougou.org\/fr\/wp-content\/uploads\/sites\/2\/2013\/06\/DSC5761-2-1-768x1154.jpg 768w, https:\/\/www.ounjougou.org\/fr\/wp-content\/uploads\/sites\/2\/2013\/06\/DSC5761-2-1-682x1024.jpg 682w, https:\/\/www.ounjougou.org\/fr\/wp-content\/uploads\/sites\/2\/2013\/06\/DSC5761-2-1.jpg 1198w\" sizes=\"(max-width: 200px) 100vw, 200px\" \/><\/a><\/p>\n<p id=\"caption-attachment-174\" class=\"wp-caption-text\">Montage d&rsquo;une poterie, 2012. Photo N. Spuhler<\/p>\n<\/div>\n<\/div>\n<div class=\"clearboth\"><\/div>\n<h2><a href=\"http:\/\/www.ounjougou.org\/fr\/projets\/senegal\/projet-anr-fns-2017-2020\/\"><strong>Le projet ANR-FNS 2016-2018<\/strong><\/a><\/h2>\n<p>Ce nouveau projet de recherche sur la vall\u00e9e de la Fal\u00e9m\u00e9 r\u00e9unit des \u00e9quipes fran\u00e7aises, suisses et s\u00e9n\u00e9galaises.<\/p>\n","protected":false},"excerpt":{"rendered":"<p>Le projet Fal\u00e9m\u00e9 La Vall\u00e9e de la Fal\u00e9m\u00e9 se trouve \u00e0 l\u2019extr\u00eame Est du S\u00e9n\u00e9gal, aux abords de la fronti\u00e8re malienne, \u00e0 plus de 700 km de Dakar. La Fal\u00e9m\u00e9 qui prend sa source en Guin\u00e9e, est le principal affluent<span class=\"ellipsis\">&hellip;<\/span><\/p>\n<div class=\"read-more\"><a href=\"https:\/\/www.ounjougou.org\/fr\/projets\/senegal\/\">Lire la suite &#8250;<\/a><\/div>\n<p><!-- end of .read-more --><\/p>\n","protected":false},"author":1,"featured_media":0,"parent":1315,"menu_order":4,"comment_status":"closed","ping_status":"closed","template":"page-accueil.php","meta":{"footnotes":""},"_links":{"self":[{"href":"https:\/\/www.ounjougou.org\/fr\/wp-json\/wp\/v2\/pages\/17"}],"collection":[{"href":"https:\/\/www.ounjougou.org\/fr\/wp-json\/wp\/v2\/pages"}],"about":[{"href":"https:\/\/www.ounjougou.org\/fr\/wp-json\/wp\/v2\/types\/page"}],"author":[{"embeddable":true,"href":"https:\/\/www.ounjougou.org\/fr\/wp-json\/wp\/v2\/users\/1"}],"replies":[{"embeddable":true,"href":"https:\/\/www.ounjougou.org\/fr\/wp-json\/wp\/v2\/comments?post=17"}],"version-history":[{"count":9,"href":"https:\/\/www.ounjougou.org\/fr\/wp-json\/wp\/v2\/pages\/17\/revisions"}],"predecessor-version":[{"id":1467,"href":"https:\/\/www.ounjougou.org\/fr\/wp-json\/wp\/v2\/pages\/17\/revisions\/1467"}],"up":[{"embeddable":true,"href":"https:\/\/www.ounjougou.org\/fr\/wp-json\/wp\/v2\/pages\/1315"}],"wp:attachment":[{"href":"https:\/\/www.ounjougou.org\/fr\/wp-json\/wp\/v2\/media?parent=17"}],"curies":[{"name":"wp","href":"https:\/\/api.w.org\/{rel}","templated":true}]}}