{"id":1461,"date":"2019-12-05T13:06:14","date_gmt":"2019-12-05T12:06:14","guid":{"rendered":"http:\/\/www.ounjougou.org\/fr\/?page_id=1461"},"modified":"2019-12-05T13:22:00","modified_gmt":"2019-12-05T12:22:00","slug":"les-themes-archeologiques-abordes-actuellement","status":"publish","type":"page","link":"https:\/\/www.ounjougou.org\/fr\/projets\/senegal\/le-projet-faleme\/les-themes-archeologiques-abordes-actuellement\/","title":{"rendered":"LES THEMES ARCHEOLOGIQUES ABORDES ACTUELLEMENT"},"content":{"rendered":"<p><img decoding=\"async\" loading=\"lazy\" class=\"size-medium wp-image-1462 aligncenter\" src=\"http:\/\/www.ounjougou.org\/fr\/wp-content\/uploads\/sites\/2\/2019\/12\/FNS18-illustration-DefOK-copie-300x212.jpg\" alt=\"\" width=\"900\" height=\"636\" srcset=\"https:\/\/www.ounjougou.org\/fr\/wp-content\/uploads\/sites\/2\/2019\/12\/FNS18-illustration-DefOK-copie-300x212.jpg 300w, https:\/\/www.ounjougou.org\/fr\/wp-content\/uploads\/sites\/2\/2019\/12\/FNS18-illustration-DefOK-copie-768x543.jpg 768w, https:\/\/www.ounjougou.org\/fr\/wp-content\/uploads\/sites\/2\/2019\/12\/FNS18-illustration-DefOK-copie-1024x724.jpg 1024w, https:\/\/www.ounjougou.org\/fr\/wp-content\/uploads\/sites\/2\/2019\/12\/FNS18-illustration-DefOK-copie-100x71.jpg 100w, https:\/\/www.ounjougou.org\/fr\/wp-content\/uploads\/sites\/2\/2019\/12\/FNS18-illustration-DefOK-copie-150x106.jpg 150w, https:\/\/www.ounjougou.org\/fr\/wp-content\/uploads\/sites\/2\/2019\/12\/FNS18-illustration-DefOK-copie-200x141.jpg 200w, https:\/\/www.ounjougou.org\/fr\/wp-content\/uploads\/sites\/2\/2019\/12\/FNS18-illustration-DefOK-copie-450x318.jpg 450w, https:\/\/www.ounjougou.org\/fr\/wp-content\/uploads\/sites\/2\/2019\/12\/FNS18-illustration-DefOK-copie-600x424.jpg 600w, https:\/\/www.ounjougou.org\/fr\/wp-content\/uploads\/sites\/2\/2019\/12\/FNS18-illustration-DefOK-copie-900x636.jpg 900w\" sizes=\"(max-width: 900px) 100vw, 900px\" \/><\/p>\n<ul>\n<li>Th\u00e8me 1 : Dynamiques anciennes d\u2019occupation de la Fal\u00e9m\u00e9 de l\u2019Acheul\u00e9en au MSA<\/li>\n<p>Dans le contexte actuel qui semble indiquer des dynamiques culturelles sp\u00e9cifiques \u00e0 l\u2019Afrique de l\u2019Ouest au cours du Pal\u00e9olithique (Scerri et al. 2017, Allsworth-Jones 2019), l\u2019objectif de ce th\u00e8me est de mieux cerner les occupations anciennes de la Fal\u00e9m\u00e9 sur la base de la fouille de diff\u00e9rents sites stratifi\u00e9s qui devront \u00eatre dat\u00e9s, et de l\u2019\u00e9tude techno-\u00e9conomique des industries lithiques collect\u00e9es.<br \/>\nIl s\u2019agit tout d\u2019abord de poursuivre la fouille du Ravin Blanc IV (RBIV), dat\u00e9 de mani\u00e8re pr\u00e9liminaire entre 250 et 200 ka, qui est le site de r\u00e9f\u00e9rence pour ce th\u00e8me et le seul site ouest-africain de la p\u00e9riode acheul\u00e9enne qui offre des possibilit\u00e9s de datations et un contexte stratigraphique bien cern\u00e9. Les fouilles de 2017 avaient permis de tester le site sur 9 m\u00b2 jusqu\u2019au substrat, et de constituer une collection diagnostique de ~ 1700 artefacts permettant une premi\u00e8re \u00e9valuation des productions lithiques acheul\u00e9ennes. Le potentiel du site a \u00e9t\u00e9 confirm\u00e9 par la fouille de 2018, qui a consist\u00e9 en une tranch\u00e9e de 11&#215;1,5m vers l\u2019int\u00e9rieur du champ, et qui a permis de s\u2019\u00e9loigner des perturbations s\u00e9dimentaires visibles dans la zone fouill\u00e9e en 2017, li\u00e9es \u00e0 l\u2019incision r\u00e9cente du ravin. Cette fouille, effectu\u00e9e plus finement, a permis de mettre au jour une zone o\u00f9 les niveaux sont mieux conserv\u00e9s et d\u2019enrichir le corpus lithique de ~1800 artefacts.<\/p>\n<p>En outre, un niveau superficiel situ\u00e9 au sommet de l\u2019Acheul\u00e9en a \u00e9t\u00e9 identifi\u00e9 et pourrait, d\u2019apr\u00e8s les caract\u00e9ristiques du mat\u00e9riel lithique (petits nucl\u00e9us disco\u00efdes, bifaces plus r\u00e9duits et en mati\u00e8res premi\u00e8res exog\u00e8nes, etc.), se rapporter \u00e0 une phase transitionnelle vers le Middle Stone Age. Plus intrigant encore, ce niveau a \u00e9galement r\u00e9v\u00e9l\u00e9 la pr\u00e9sence d\u2019agencements circulaires, possiblement anthropiques, de grosses pierres ayant \u00e9t\u00e9 l\u00e9g\u00e8rement am\u00e9nag\u00e9es en p\u00e9riph\u00e9rie avant leur disposition particuli\u00e8re. Des pr\u00e9l\u00e8vements OSL (n=8) ont \u00e9t\u00e9 effectu\u00e9s par Ch. Tribolo (Universit\u00e9 Bordeaux Montaigne) dans les niveaux mis au jour en 2018, notamment dans le niveau contenant l\u2019agencement de pierre, et permettront de pr\u00e9ciser les datations des occupations du site. L\u2019\u00e9tude spatiale est primordiale pour cette surface et il s\u2019agit maintenant d\u2019\u00e9largir la zone de fouille pour mieux \u00e9valuer l\u2019organisation de ces agencements qui peuvent se rapporter \u00e0 des bases d\u2019habitat ou \u00e0 des foyers.<\/p>\n<p>En parall\u00e8le, il s\u2019agit de fouiller d\u2019autres sites dans les niveaux s\u00e9dimentaires du Pl\u00e9istoc\u00e8ne ancien et moyen conserv\u00e9s dans la Vall\u00e9e de la Fal\u00e9m\u00e9, afin de constituer une premi\u00e8re s\u00e9quence chrono-culturelle pour ces occupations anciennes. Gr\u00e2ce \u00e0 une meilleure compr\u00e9hension g\u00e9omorphologique acquise au cours des deux derni\u00e8res ann\u00e9es par M. Rasse (Universit\u00e9 Lumi\u00e8re Lyon 2) et L. Lespez (Universit\u00e9 Paris-Est Cr\u00e9teil), il est possible de cibler les topographies \u00e0 prospecter et \u00e0 sonder. Lors de la campagne de 2018, un sondage a \u00e9t\u00e9 effectu\u00e9 \u00e0 quelques centaines de m\u00e8tres du RBIV et a livr\u00e9 un mat\u00e9riel lithique qui semble, de mani\u00e8re pr\u00e9liminaire, pr\u00e9senter des diff\u00e9rences technologiques, bien que produit sur des mati\u00e8res premi\u00e8res similaires. Il s\u2019agit donc \u00e9galement de poursuivre la fouille \u00e0 cet endroit pour \u00e9valuer la variabilit\u00e9 chrono-culturelle dans un contexte g\u00e9omorphologique comparable.<\/p>\n<p>Mais plus int\u00e9ressant encore, un autre site, nomm\u00e9 le site du Chacal, a \u00e9t\u00e9 d\u00e9couvert en 2019 dans une coupe de l\u2019amont du ravin de Sansand\u00e9, \u00e0 une dizaine de km au sud du Ravin Blanc IV. Le mat\u00e9riel collect\u00e9 en surface au pied de la coupe est tout \u00e0 fait diff\u00e9rent de celui observ\u00e9 au Ravin Blanc IV, tant dans les caract\u00e9ristiques technologiques que typologiques m\u00eame s\u2019il s\u2019assimile tout \u00e0 fait \u00e0 un ensemble Acheul\u00e9en. En effet, parmi les ~70 pi\u00e8ces trouv\u00e9es, il y a un grand nombre de hachereaux en plus des bifaces, et tr\u00e8s peu (ou pas) d\u2019\u00e9l\u00e9ments de rapportant \u00e0 des activit\u00e9s de taille sur place sont pr\u00e9sents. L\u2019\u00e9tude et la fouille de ce site est donc \u00e9galement une priorit\u00e9 de cette th\u00e9matique.<\/p>\n<p>Pour ce th\u00e8me, qui a pour but de fournir un cas d\u2019\u00e9tude de r\u00e9f\u00e9rence pour ces p\u00e9riodes anciennes en Afrique de l\u2019Ouest, il s\u2019agit \u00e9galement de mettre un accent particulier sur les datations. Des dates sont d\u00e9j\u00e0 disponibles pour le MSA et le LSA de la Fal\u00e9m\u00e9 \u00e0 l\u2019issue de la th\u00e8se de doctorat de B. Lebrun (Lebrun 2018). Cet aspect sera d\u00e9velopp\u00e9 pour les p\u00e9riodes plus anciennes par Ch. Tribolo qui multipliera les m\u00e9thodes de datations pour un contr\u00f4le g\u00e9ochronologique optimal, telles que l\u2019OSL, la r\u00e9sonance de spin \u00e9lectronique (ESR) et la thermoluminescence (TL), qui serait \u00e0 tester en particulier sur les arrangements de pierre du RBIV.<\/p>\n","protected":false},"excerpt":{"rendered":"<p>Th\u00e8me 1 : Dynamiques anciennes d\u2019occupation de la Fal\u00e9m\u00e9 de l\u2019Acheul\u00e9en au MSA Dans le contexte actuel qui semble indiquer des dynamiques culturelles sp\u00e9cifiques \u00e0 l\u2019Afrique de l\u2019Ouest au cours du Pal\u00e9olithique (Scerri et al. 2017, Allsworth-Jones 2019), l\u2019objectif de<span class=\"ellipsis\">&hellip;<\/span><\/p>\n<div class=\"read-more\"><a href=\"https:\/\/www.ounjougou.org\/fr\/projets\/senegal\/le-projet-faleme\/les-themes-archeologiques-abordes-actuellement\/\">Lire la suite &#8250;<\/a><\/div>\n<p><!-- end of .read-more --><\/p>\n","protected":false},"author":7,"featured_media":0,"parent":149,"menu_order":2,"comment_status":"closed","ping_status":"closed","template":"full-width-page.php","meta":{"footnotes":""},"_links":{"self":[{"href":"https:\/\/www.ounjougou.org\/fr\/wp-json\/wp\/v2\/pages\/1461"}],"collection":[{"href":"https:\/\/www.ounjougou.org\/fr\/wp-json\/wp\/v2\/pages"}],"about":[{"href":"https:\/\/www.ounjougou.org\/fr\/wp-json\/wp\/v2\/types\/page"}],"author":[{"embeddable":true,"href":"https:\/\/www.ounjougou.org\/fr\/wp-json\/wp\/v2\/users\/7"}],"replies":[{"embeddable":true,"href":"https:\/\/www.ounjougou.org\/fr\/wp-json\/wp\/v2\/comments?post=1461"}],"version-history":[{"count":6,"href":"https:\/\/www.ounjougou.org\/fr\/wp-json\/wp\/v2\/pages\/1461\/revisions"}],"predecessor-version":[{"id":1469,"href":"https:\/\/www.ounjougou.org\/fr\/wp-json\/wp\/v2\/pages\/1461\/revisions\/1469"}],"up":[{"embeddable":true,"href":"https:\/\/www.ounjougou.org\/fr\/wp-json\/wp\/v2\/pages\/149"}],"wp:attachment":[{"href":"https:\/\/www.ounjougou.org\/fr\/wp-json\/wp\/v2\/media?parent=1461"}],"curies":[{"name":"wp","href":"https:\/\/api.w.org\/{rel}","templated":true}]}}