{"id":1445,"date":"2019-11-29T14:13:31","date_gmt":"2019-11-29T13:13:31","guid":{"rendered":"http:\/\/www.ounjougou.org\/fr\/?page_id=1445"},"modified":"2019-11-29T14:22:01","modified_gmt":"2019-11-29T13:22:01","slug":"1445-2","status":"publish","type":"page","link":"https:\/\/www.ounjougou.org\/fr\/projets\/senegal\/1445-2\/","title":{"rendered":"NOS DIFFERENTS PROJETS DANS LA FALEME (2012-2022)"},"content":{"rendered":"<h3>Projet Fal\u00e9m\u00e9 (2019-2022) \u2013 en cours<\/h3>\n<p>Cette troisi\u00e8me phase du projet Fal\u00e9m\u00e9 (2019-2022) s&rsquo;inscrit, comme pr\u00e9c\u00e9demment, dans la th\u00e9matique g\u00e9n\u00e9rale des dynamiques techniques, en lien avec l\u2019histoire du peuplement sur le temps long et avec les variations environnementales. Il se justifie par la d\u00e9couverte r\u00e9cente de sites arch\u00e9ologiques majeurs pour la compr\u00e9hension du peuplement de l&rsquo;Afrique en g\u00e9n\u00e9ral et de celui de l&rsquo;Afrique de l&rsquo;Ouest en particulier. Quatre volets constituent le focus du projet actuel:<br \/>\n1. Caract\u00e9riser les dynamiques d\u2019occupation anciennes de la Fal\u00e9m\u00e9 (dir. Katja Douze) : ce volet s&rsquo;attache essentiellement \u00e0 l&rsquo;\u00e9tude du site du Ravin blanc IV, le premier gisement Acheul\u00e9en in situ et en stratigraphie d\u00e9couvert en Afrique de l&rsquo;ouest. Dat\u00e9 entre 250 et 200 ka, ce large atelier de taille s\u2019av\u00e8re d\u00e8s lors contemporain, voire post\u00e9rieur, \u00e0 certains sites du Middle Stone Age ou \u00e0 des vestiges d\u2019Hommes anatomiquement modernes, et pourrait t\u00e9moigner d&rsquo;une mosa\u00efque culturelle \u00e0 la p\u00e9riode d\u2019\u00e9mergence des Homo sapiens. Un site additionnel, le site du Chacal, vient s\u2019ajouter \u00e0 ce corpus sur les occupations anciennes de la Fal\u00e9m\u00e9.<br \/>\n2. Discerner le passage des derniers chasseurs-cueilleurs aux soci\u00e9t\u00e9s productrices (dir. Eric Huysecom &amp; Matar Ndiaye) : la d\u00e9couverte de plusieurs sites du Late Stone Age in situ et bien stratifi\u00e9s, dans un contexte pa\u00e9loenvironnemental maintenant bien cern\u00e9, ont \u00e9t\u00e9 dat\u00e9s \u00e0 partir de 17&rsquo;000 calBC (OSL et C14), certains d\u2019entre eux livrant des vestiges c\u00e9ramiques d\u00e8s 4\u2019500 calBC dans leurs niveaux sup\u00e9rieurs. Cet ensemble de sites constitue un quatri\u00e8me point sur la carte de l&rsquo;Afrique de l&rsquo;Ouest et apporte des donn\u00e9es totalement nouvelles sur les derniers chasseurs-cueilleurs et l&rsquo;av\u00e8nement des soci\u00e9t\u00e9s productrices dans cette r\u00e9gion.<br \/>\n3. Documenter la variabilit\u00e9 technologique et culturelle de la m\u00e9tallurgie du fer (dir. Pierre Lamotte &amp; Anne Mayor) : les derni\u00e8res missions de terrain ont permis d&rsquo;identifier un \u00c2ge du fer ancien remontant au 4e s. calBC, livrant des sites de r\u00e9duction du fer aux technologies vari\u00e9es, et au moins un site d&rsquo;habitat en lien. L&rsquo;\u00e9tude de ces sites permet de fournir des informations inexistantes jusqu\u2019alors sur le contexte de l&rsquo;\u00e9mergence de la m\u00e9tallurgie du fer dans cette partie de l&rsquo;Afrique et sur l&rsquo;\u00e9volution complexe de sa technologie.<br \/>\n4. Comprendre le r\u00f4le de la Fal\u00e9m\u00e9 pendant la p\u00e9riode des grands empires m\u00e9di\u00e9vaux (dir. C\u00e9line Cervera &amp; Eric Huysecom): la d\u00e9couverte tout \u00e0 fait exceptionnelle, sur le site de Djoutoubaya dat\u00e9 entre 800 et 1400 AD, de creusets destin\u00e9s \u00e0 la transformation de l&rsquo;or jouxtant un b\u00e2timent quadrangulaire massif en briques \u00e9voquant les maisons-fortes des m\u00e9tropoles d&rsquo;Afrique du Nord, relance toute la question du r\u00f4le des mines d&rsquo;or du Bambouk dans les relations commerciales entre l&rsquo;Afrique occidentale et le reste du Monde. L&rsquo;apport de ce site arch\u00e9ologique sera majeur pour une meilleure compr\u00e9hension du r\u00f4le de \u00ab\u00a0l&rsquo;or africain\u00a0\u00bb au Moyen-Age.<br \/>\nL\u2019objectif de ces th\u00e8mes chronologiquement compl\u00e9mentaires est d\u2019apporter des \u00e9clairages nouveaux sur plusieurs fen\u00eatres du pass\u00e9 africain \u00e0 partir de sites au potentiel informatif unique et d\u2019une approche pluridisciplinaire \u00e9prouv\u00e9e depuis plus de 20 ans. L\u2019ensemble des travaux s\u2019effectue en coop\u00e9ration avec l\u2019Institut Fondamental d\u2019Afrique Noire (IFAN) de l\u2019Universit\u00e9 Cheikh Anta Diop de Dakar (UCAD), ainsi qu&rsquo;avec le Mus\u00e9e des Civilisations Noires (MCN) de Dakar. La collaboration \u00e9troite entre partenaires europ\u00e9ens et africains, dans les domaines de la fouille, de la valorisation des r\u00e9sultats et de la formation de la rel\u00e8ve, assure que les r\u00e9sultats escompt\u00e9s serviront de r\u00e9f\u00e9rence dans les diff\u00e9rents domaines abord\u00e9s.<\/p>\n<h3>Projet Fal\u00e9m\u00e9 \u2013 CHeRCHA (2016-2018)<\/h3>\n<p>Le projet CHeRCHA (2016-2018), concentr\u00e9 sur les p\u00e9riodes du Pal\u00e9olithique et du N\u00e9olithique, s\u2019est d\u00e9velopp\u00e9 conjointement, avec comme objectifs principaux la construction d\u2019un cadre chrono-culturel pour la fin du Pl\u00e9istoc\u00e8ne et l\u2019Holoc\u00e8ne ancien\/moyen, et la compr\u00e9hension des changements climatiques et environnementaux et leur impact sur les populations humaines. L\u2019Afrique de l\u2019Ouest est g\u00e9n\u00e9ralement le parent pauvre des mod\u00e8les d\u2019\u00e9volution humaine en Afrique en raison d\u2019un manque de sites bien stratifi\u00e9s et dat\u00e9s, \u00e0 l\u2019exception des s\u00e9quences de r\u00e9f\u00e9rence construites \u00e0 Ounjoungou, au Mali, par les m\u00eames chercheurs que ceux impliqu\u00e9s dans CHeRCHA (eg. Tribolo et al. 2015). En sus d\u2019une meilleure compr\u00e9hension du fonctionnement hydrologique de la Fal\u00e9m\u00e9 en relation avec ses affluents, les pr\u00e9l\u00e8vements s\u00e9dimentaires ont permis une approche des bioindicateurs sur les sites arch\u00e9ologiques et dans des coupes naturelles. Le projet s\u2019est orient\u00e9 vers les formations ant\u00e9rieures au Pl\u00e9istoc\u00e8ne r\u00e9cent et l\u2019Holoc\u00e8ne \u00e0 la faveur de la d\u00e9couverte fortuite en 2017, d\u2019un site d\u2019envergure attribu\u00e9 \u00e0 l\u2019Acheul\u00e9en. Ce site majeur et unique au S\u00e9n\u00e9gal, constitue un v\u00e9ritable tremplin pour la poursuite des recherches sur la s\u00e9quence Pal\u00e9olithique de la Vall\u00e9e de la Fal\u00e9m\u00e9. D\u2019autres sites Pal\u00e9olithiques ont \u00e9galement \u00e9t\u00e9 d\u00e9couverts, notamment pour la fin du Middle Stone Age (37-33 ka), contenant une industrie in\u00e9dite orient\u00e9e vers la production de pi\u00e8ces bifaciales. Enfin, ce projet a permis les datations absolues par OSL des principales s\u00e9quences Pl\u00e9istoc\u00e8nes et Holoc\u00e8nes de la Fal\u00e9m\u00e9, pr\u00e9sent\u00e9es dans le cadre d\u2019une th\u00e8se doctorale soutenue en 2018 \u00e0 l\u2019Universit\u00e9 de Bordeaux Montaigne (Lebrun 2018), et une compr\u00e9hension approfondie de la g\u00e9omorphologie de la vall\u00e9e de la Fal\u00e9m\u00e9 et de ses ravins lat\u00e9raux au travers d\u2019une autre th\u00e8se de doctorat en cours d\u2019ach\u00e8vement \u00e0 l\u2019Universit\u00e9 de Paris Est-Cr\u00e9teil (S. Davidoux).<\/p>\n<h3>Projet Fal\u00e9m\u00e9 (2015-2018)<\/h3>\n<p>Le second projet FNS (2015-2018) a eu pour but d\u2019approfondir la th\u00e9matique des dynamiques techniques, en lien avec l\u2019histoire du peuplement, l\u2019histoire des royaumes pr\u00e9-coloniaux et les variations environnementales des deux derniers mill\u00e9naires (Davidoux et al. 2018), alors que les p\u00e9riodes anciennes ont fait l\u2019objet d\u2019une requ\u00eate ind\u00e9pendante CHeRCHA.  La plupart des objectifs ce cette seconde phase du projet Fal\u00e9m\u00e9 a \u00e9t\u00e9 remplie, aliment\u00e9e par de nouvelles d\u00e9couvertes. Il s\u2019agit notamment de la mise au jour, \u00e0 la faveur de fouilles extensives, d\u2019un plan de b\u00e2timent quadrangulaire en briques dat\u00e9 du 11\u00e8me au 14\u00e8me si\u00e8cle AD, unique en son genre, sur le site m\u00e9di\u00e9val de Djoutoubaya. En outre, plusieurs sondages p\u00e9riph\u00e9riques effectu\u00e9s en 2018 ont montr\u00e9 l\u2019importance de l\u2019\u00e9tendue du site ainsi qu\u2019une conservation exceptionnelle des restes organiques et c\u00e9ramiques. La poursuite des prospections sur le th\u00e8me de la m\u00e9tallurgie du fer a conduit \u00e0 la d\u00e9couverte en 2017 de types de fours uniques et particuli\u00e8rement anciens (d\u00e8s le 4\u00e8me si\u00e8cle BC), ainsi qu\u2019\u00e0 des zones d\u2019habitat li\u00e9s \u00e0 cette exploitation du fer. L\u2019\u00e9tude des traditions c\u00e9ramiques dans le pays bedik a montr\u00e9 un contraste tr\u00e8s fort avec la vall\u00e9e de la Fal\u00e9m\u00e9, en termes de diversit\u00e9 des techniques et des mati\u00e8res premi\u00e8res en lien avec les communaut\u00e9s de pratiques, et a permis de terminer la constitution du r\u00e9f\u00e9rentiel c\u00e9ramique actualiste. En lien avec ce second projet FNS, deux th\u00e8ses de doctorat ont \u00e9t\u00e9 soutenu en 2019, respectivement intitul\u00e9es <em><a href=\"https:\/\/archive-ouverte.unige.ch\/unige:124134\">D\u00e9fendre sa communaut\u00e9 pendant l\u2019\u00e8re atlantique\u00a0: \u00e9tude des fortifications endog\u00e8nes de la vall\u00e9e de la Fal\u00e9m\u00e9<\/a><\/em> (J. Aymeric) et <em><a href=\"https:\/\/archive-ouverte.unige.ch\/unige:126527\">\u00c9tude arch\u00e9om\u00e9trique des perles en verre d\u2019Afrique de l\u2019Ouest : vers une meilleure compr\u00e9hension des dynamiques techniques et commerciales \u00e0 l\u2019\u00e9poque des empires pr\u00e9coloniaux<\/a><\/em> (M. Truffa Giachet). Une troisi\u00e8me th\u00e8se est actuellement en cours de finition \u00e0 l\u2019Universit\u00e9 de Gen\u00e8ve, sur les th\u00e8mes de l\u2019ethnoarch\u00e9ologie de l\u2019architecture vernaculaire (T. Pelmoine).<\/p>\n<h3>Projet Fal\u00e9m\u00e9 (2012-2015)<\/h3>\n<p>Le premier projet FNS (2012-2015), exploratoire, a permis plusieurs d\u00e9couvertes majeures. Concernant le Pl\u00e9istoc\u00e8ne, les travaux de terrain ont r\u00e9v\u00e9l\u00e9, pour la premi\u00e8re fois, une histoire environnementale et humaine complexe au cours de l\u2019OIS 2 (environs 24 ka \u00e0 14 ka), au travers de diff\u00e9rents sites (Chevrier et al. 2016, 2018\u00a0; Lebrun et al. 2016), alors que cette p\u00e9riode se caract\u00e9rise g\u00e9n\u00e9ralement par un hiatus s\u00e9dimentaire et arch\u00e9ologique en Afrique sah\u00e9lo-soudanienne. La n\u00e9cessit\u00e9 de mieux cerner la chronologie absolue des sites Pl\u00e9istoc\u00e8nes au sein des s\u00e9quences climatiques et environnementales dans la Fal\u00e9m\u00e9 a donn\u00e9 lieu au d\u00e9veloppement d\u2019un projet ANR-FNS sp\u00e9cifique (2015-2018) intitul\u00e9 \u00ab\u00a0CHronology of Rapid Climatic Changes and Human adaptation in West Africa\u00a0\u00bb (CHeRCHA) sur lequel nous reviendrons. La p\u00e9riode Holoc\u00e8ne moyen et r\u00e9cent, qui voit l\u2019\u00e9mergence de la c\u00e9ramique et des techniques de production vivri\u00e8re est rest\u00e9e plus difficile \u00e0 cerner alors que les donn\u00e9es sont nombreuses pour les deux derniers mill\u00e9naires. Les \u00e9tudes ont port\u00e9 sur les sites d\u2019Alinguel et Toumbounto documentant ensemble une p\u00e9riode allant de 2\u00e8me au 19\u00e8me si\u00e8cle, qui voit des changements importants dans l\u2019architecture, la c\u00e9ramique et l\u2019\u00e9conomie de subsistance. Un vaste habitat m\u00e9di\u00e9val a \u00e9galement \u00e9t\u00e9 d\u00e9couvert sur la rive droite de la Fal\u00e9m\u00e9\u00a0: le site de Djoutoubaya. La d\u00e9couverte de nombreux creusets semble indiquer qu\u2019il existait alors une transformation de l\u2019or sur le site. Ce premier projet FNS a \u00e9galement vu une premi\u00e8re fouille du fortin de Farabana, documentant la phase de transition entre les soci\u00e9t\u00e9s pr\u00e9coloniales et coloniales en deux phases d\u2019occupation. En parall\u00e8le, dans le domaine de la m\u00e9tallurgie, les enqu\u00eates aupr\u00e8s des forgerons et les prospections ont r\u00e9v\u00e9l\u00e9 de nombreux sites de r\u00e9duction du fer, avec des fours bien conserv\u00e9s, indiquant plusieurs traditions techniques. L\u2019ethnoarch\u00e9ologie de la c\u00e9ramique a montr\u00e9 quant \u00e0 elle la grande homog\u00e9n\u00e9it\u00e9 actuelle des techniques de fa\u00e7onnage, des recettes de p\u00e2te et des argiles r\u00e9colt\u00e9es sur des berges de la Fal\u00e9m\u00e9, ceci quel que soit l\u2019identit\u00e9 des artisanes install\u00e9es sur le territoire de l\u2019ancien royaume peul du Boundou (Cantin &amp; Mayor, 2018). L\u2019ensemble de ces d\u00e9couvertes (Huysecom et al. 2012 \u00e0 2016) a permis d\u2019\u00e9valuer les axes majeurs \u00e0 d\u00e9velopper, \u00e0 savoir l\u2019histoire du peuplement et les dynamiques techniques des deux derniers mill\u00e9naires, ainsi que la reconstruction des variations climatiques et pal\u00e9o-environnementales et les datations absolues, notamment pour le Pal\u00e9olithique. Une th\u00e8se a \u00e9galement r\u00e9cemment \u00e9t\u00e9 soutenue \u00e0 l\u2019Universit\u00e9 de Gen\u00e8ve sur la Protohistoire et l\u2019\u00e9mergence du Royaume du Boundu, qui s\u2019\u00e9tendait sur les berges de la Fal\u00e9m\u00e9 (Loukou 2018).   <\/p>\n","protected":false},"excerpt":{"rendered":"<p>Projet Fal\u00e9m\u00e9 (2019-2022) \u2013 en cours Cette troisi\u00e8me phase du projet Fal\u00e9m\u00e9 (2019-2022) s&rsquo;inscrit, comme pr\u00e9c\u00e9demment, dans la th\u00e9matique g\u00e9n\u00e9rale des dynamiques techniques, en lien avec l\u2019histoire du peuplement sur le temps long et avec les variations environnementales. Il se<span class=\"ellipsis\">&hellip;<\/span><\/p>\n<div class=\"read-more\"><a href=\"https:\/\/www.ounjougou.org\/fr\/projets\/senegal\/1445-2\/\">Lire la suite &#8250;<\/a><\/div>\n<p><!-- end of .read-more --><\/p>\n","protected":false},"author":7,"featured_media":0,"parent":17,"menu_order":0,"comment_status":"closed","ping_status":"closed","template":"page-accueil.php","meta":{"footnotes":""},"_links":{"self":[{"href":"https:\/\/www.ounjougou.org\/fr\/wp-json\/wp\/v2\/pages\/1445"}],"collection":[{"href":"https:\/\/www.ounjougou.org\/fr\/wp-json\/wp\/v2\/pages"}],"about":[{"href":"https:\/\/www.ounjougou.org\/fr\/wp-json\/wp\/v2\/types\/page"}],"author":[{"embeddable":true,"href":"https:\/\/www.ounjougou.org\/fr\/wp-json\/wp\/v2\/users\/7"}],"replies":[{"embeddable":true,"href":"https:\/\/www.ounjougou.org\/fr\/wp-json\/wp\/v2\/comments?post=1445"}],"version-history":[{"count":6,"href":"https:\/\/www.ounjougou.org\/fr\/wp-json\/wp\/v2\/pages\/1445\/revisions"}],"predecessor-version":[{"id":1453,"href":"https:\/\/www.ounjougou.org\/fr\/wp-json\/wp\/v2\/pages\/1445\/revisions\/1453"}],"up":[{"embeddable":true,"href":"https:\/\/www.ounjougou.org\/fr\/wp-json\/wp\/v2\/pages\/17"}],"wp:attachment":[{"href":"https:\/\/www.ounjougou.org\/fr\/wp-json\/wp\/v2\/media?parent=1445"}],"curies":[{"name":"wp","href":"https:\/\/api.w.org\/{rel}","templated":true}]}}