{"id":1321,"date":"2016-10-14T12:20:07","date_gmt":"2016-10-14T11:20:07","guid":{"rendered":"http:\/\/www.ounjougou.org\/fr\/?page_id=1321"},"modified":"2016-10-14T12:20:07","modified_gmt":"2016-10-14T11:20:07","slug":"projet-anr-fns-2017-2020","status":"publish","type":"page","link":"https:\/\/www.ounjougou.org\/fr\/projets\/senegal\/projet-anr-fns-2017-2020\/","title":{"rendered":"Le projet ANR-FNS 2016-2018"},"content":{"rendered":"<p>Les mod\u00e8les discutant des dynamiques de peuplement et de diffusion culturelle au Pal\u00e9olithique et au N\u00e9olithique en Afrique utilisent souvent, \u00e0 tort ou \u00e0 raison, des arguments mettant en avant l\u2019influence des changements climatiques, et en particulier ceux des p\u00e9riodes arides pl\u00e9istoc\u00e8nes ou celui de la fin du \u00ab\u00a0Sahara vert\u00a0\u00bb \u00e0 l\u2019Holoc\u00e8ne. Cependant, ces mod\u00e8les n\u2019int\u00e8grent, le plus souvent, qu\u2019une partie du continent\u00a0; l\u2019Afrique de l\u2019Ouest y est quasiment inexistante et n\u2019aurait eu aucun r\u00f4le, aucune interaction avec les autres r\u00e9gions. Loin de refl\u00e9ter la r\u00e9alit\u00e9, ceci r\u00e9sulte probablement davantage d\u2019un raisonnement par d\u00e9faut que d\u2019une v\u00e9ritable r\u00e9flexion bas\u00e9e sur l\u2019analyse de donn\u00e9es. Et pour cause, l\u2019Afrique de l\u2019Ouest souffre d\u2019un manque de recherches, tant sur le plan arch\u00e9ologique que pal\u00e9oenvironnemental : tr\u00e8s peu nombreux sont les gisements pal\u00e9olithiques ou n\u00e9olithiques bien dat\u00e9s, et les donn\u00e9es pal\u00e9oenvironnementales reposent souvent sur l\u2019\u00e9tude de carottages marins ou lacustres, dont la pertinence pour la p\u00e9riode \u00e9tudi\u00e9e \u00e0 l\u2019\u00e9chelle ouest-africaine reste discutable.<\/p>\n<p>Les recherches pr\u00e9liminaires men\u00e9es dans la vall\u00e9e de la Fal\u00e9m\u00e9, \u00e0 l\u2019est du S\u00e9n\u00e9gal, ont cependant montr\u00e9 le potentiel de cette r\u00e9gion pour la r\u00e9alisation d\u2019une \u00e9tude int\u00e9grant \u00e0 la fois des donn\u00e9es pal\u00e9olithiques et n\u00e9olithiques nouvelles et des donn\u00e9es pal\u00e9oenvironnementales locales\u00a0: l\u2019enregistrement stratigraphique de la vall\u00e9e, quoique complexe, est bien conserv\u00e9 et les datations pr\u00e9liminaires effectu\u00e9es par OSL et radiocarbone indiquent qu\u2019il couvre l\u2019ensemble du Pl\u00e9istoc\u00e8ne Sup\u00e9rieur et de l\u2019Holoc\u00e8ne. L\u2019alternance de d\u00e9p\u00f4ts silto-limoneux et de chenaux grossiers qui le caract\u00e9rise reste \u00e0 expliquer d\u2019un point de vue pal\u00e9oclimatique. Les d\u00e9p\u00f4ts li\u00e9s au stade isotopique 2 (OIS 2, 24-12 ka), \u00a0pour partie contemporains de \u00ab\u00a0l\u2019Aride Ogolien\u00a0\u00bb (20-12 ka), sont particuli\u00e8rement d\u00e9velopp\u00e9s et permettront une \u00e9tude fine de cette p\u00e9riode. Les assemblages arch\u00e9ologiques sont pr\u00e9sents sur toute la puissance de la s\u00e9quence stratigraphique, et tout particuli\u00e8rement dans les niveaux pr\u00e9liminairement dat\u00e9s du OIS 2, p\u00e9riode\u00a0 encore tr\u00e8s mal connue au sud du Sahara. A cette \u00e9poque, les populations humaines semblent dispara\u00eetre subitement, hypoth\u00e9tiquement d\u00e9cim\u00e9es par la s\u00e9cheresse ou r\u00e9fugi\u00e9es dans des zones plus favorables.<\/p>\n<p>Notre projet vise donc \u00e0 coupler des \u00e9tudes arch\u00e9ologiques, pal\u00e9oenvironnementales et g\u00e9ochronologiques (OSL et C14) sur un tron\u00e7on de la vall\u00e9e de la Fal\u00e9m\u00e9 de plus de 100 km de longueur. Les principaux objectifs sont les suivants\u00a0:<\/p>\n<p>1)\u00a0 Etablir un nouveau cadre chrono-culturel pour le Pl\u00e9istoc\u00e8ne final et le d\u00e9but de l\u2019Holoc\u00e8ne en Afrique de l\u2019Ouest, qui pourra compl\u00e9ter et \u00eatre compar\u00e9 \u00e0 celui d\u2019Ounjougou\u00a0\u00a0\u00a0 (Mali), \u00e0 950 km au Nord-Est, dans une r\u00e9gion actuellement plus aride\u00a0;<\/p>\n<p>2) Retracer l\u2019\u00e9volution climatique et environnementale, au moins sur les derniers 70 ka. Il s\u2019agira notamment de voir comment les \u00e9v\u00e8nements de type Heinrich \u00e0 la fin du Pl\u00e9istoc\u00e8ne et les diff\u00e9rents \u00e9pisodes de s\u00e9cheresse de l\u2019Holoc\u00e8ne ancien et moyen se sont traduits dans la vall\u00e9e sur le plan environnemental (pr\u00e9cipitations, hydrologie, apports \u00e9oliens, v\u00e9g\u00e9tation\u2026) et de d\u00e9terminer leur impact \u00e9ventuel sur le plan humain (dynamique de peuplement, changements techniques et culturels).<\/p>\n<p>Notre projet, pr\u00e9vu sur 3 ans, s\u2019appuiera sur les comp\u00e9tences compl\u00e9mentaires des quatre \u00e9quipes fran\u00e7aises et suisses formant le consortium, en collaboration avec l\u2019IFAN (Universit\u00e9 de Dakar, S\u00e9n\u00e9gal), l\u2019IRAMAT-CRP2A (CNRS-Universit\u00e9 Bordeaux Montaigne, France) en charge des datations OSL, le LPG (CNRS- Universit\u00e9 Paris-Est Cr\u00e9teil, France) qui r\u00e9alisera les analyses pal\u00e9oenvironnementales, le Laboratoire APA (Universit\u00e9 de Gen\u00e8ve, Suisse) qui a la ma\u00eetrise du volet arch\u00e9ologique et, enfin, l\u2019IBP (ETH Z\u00fcrich) pour les datations radiocarbones. Le budget s\u2019\u00e9l\u00e8ve \u00e0 390 k\u20ac HT pour les \u00e9quipes fran\u00e7aises et 468 k\u20ac HT pour les \u00e9quipes suisses.<\/p>\n","protected":false},"excerpt":{"rendered":"<p>Les mod\u00e8les discutant des dynamiques de peuplement et de diffusion culturelle au Pal\u00e9olithique et au N\u00e9olithique en Afrique utilisent souvent, \u00e0 tort ou \u00e0 raison, des arguments mettant en avant l\u2019influence des changements climatiques, et en particulier ceux des p\u00e9riodes<span class=\"ellipsis\">&hellip;<\/span><\/p>\n<div class=\"read-more\"><a href=\"https:\/\/www.ounjougou.org\/fr\/projets\/senegal\/projet-anr-fns-2017-2020\/\">Lire la suite &#8250;<\/a><\/div>\n<p><!-- end of .read-more --><\/p>\n","protected":false},"author":1,"featured_media":0,"parent":17,"menu_order":0,"comment_status":"closed","ping_status":"closed","template":"page-accueil.php","meta":{"footnotes":""},"_links":{"self":[{"href":"https:\/\/www.ounjougou.org\/fr\/wp-json\/wp\/v2\/pages\/1321"}],"collection":[{"href":"https:\/\/www.ounjougou.org\/fr\/wp-json\/wp\/v2\/pages"}],"about":[{"href":"https:\/\/www.ounjougou.org\/fr\/wp-json\/wp\/v2\/types\/page"}],"author":[{"embeddable":true,"href":"https:\/\/www.ounjougou.org\/fr\/wp-json\/wp\/v2\/users\/1"}],"replies":[{"embeddable":true,"href":"https:\/\/www.ounjougou.org\/fr\/wp-json\/wp\/v2\/comments?post=1321"}],"version-history":[{"count":0,"href":"https:\/\/www.ounjougou.org\/fr\/wp-json\/wp\/v2\/pages\/1321\/revisions"}],"up":[{"embeddable":true,"href":"https:\/\/www.ounjougou.org\/fr\/wp-json\/wp\/v2\/pages\/17"}],"wp:attachment":[{"href":"https:\/\/www.ounjougou.org\/fr\/wp-json\/wp\/v2\/media?parent=1321"}],"curies":[{"name":"wp","href":"https:\/\/api.w.org\/{rel}","templated":true}]}}