{"id":1315,"date":"2013-06-11T13:55:08","date_gmt":"2013-06-11T13:55:08","guid":{"rendered":"http:\/\/www.ounjougou.org\/fr\/?page_id=2"},"modified":"2019-11-26T17:17:03","modified_gmt":"2019-11-26T16:17:03","slug":"projets","status":"publish","type":"page","link":"https:\/\/www.ounjougou.org\/fr\/","title":{"rendered":"Projets"},"content":{"rendered":"<p>Le programme de recherche international <em>Peuplement humain et pal\u00e9oenvironnement en Afrique<\/em> a pour principal objectif l&rsquo;\u00e9tude des interactions entre populations humaines et variations climatiques et environnementales. Il a d\u00e9but\u00e9 en 1997 en Pays dogon (Mali) avec l&rsquo;\u00e9tude du gisement d\u2019Ounjougou et s&rsquo;int\u00e9resse aujourd&rsquo;hui \u00e9galement \u00e0 d&rsquo;autres r\u00e9gions importantes pour la compr\u00e9hension du peuplement de l&rsquo;Afrique, comme la vall\u00e9e de la Fal\u00e9m\u00e9 au S\u00e9n\u00e9gal oriental. Le nom d&rsquo;Ounjougou, li\u00e9 au d\u00e9veloppement de l&rsquo;approche transdisciplinaire qui caract\u00e9rise le programme, est d\u00e9sormais associ\u00e9 \u00e0 l&rsquo;ensemble des recherches pr\u00e9sentes et \u00e0 venir.<\/p>\n<div class=\"one_third\">\n<h3><a href=\"http:\/\/www.ounjougou.org\/fr\/projets\/senegal\/\">Fal\u00e9m\u00e9 &#8211; S\u00e9n\u00e9gal<\/a><\/h3>\n<h4>Projet en cours depuis 2011<\/h4>\n<div id=\"attachment_86\" style=\"width: 210px\" class=\"wp-caption alignnone\"><a title=\"Fal\u00e9m\u00e9 \u2013 S\u00e9n\u00e9gal\" href=\"http:\/\/www.ounjougou.org\/fr\/projets\/senegal\/\"><img aria-describedby=\"caption-attachment-86\" decoding=\"async\" loading=\"lazy\" class=\"wp-image-86 size-medium\" src=\"http:\/\/www.ounjougou.org\/fr\/wp-content\/uploads\/sites\/2\/2013\/06\/DSC4603-2-1-200x300.jpg\" alt=\"Mission Fal\u00e9m\u00e9 2012\" width=\"200\" height=\"300\" srcset=\"https:\/\/www.ounjougou.org\/fr\/wp-content\/uploads\/sites\/2\/2013\/06\/DSC4603-2-1-200x300.jpg 200w, https:\/\/www.ounjougou.org\/fr\/wp-content\/uploads\/sites\/2\/2013\/06\/DSC4603-2-1-768x1154.jpg 768w, https:\/\/www.ounjougou.org\/fr\/wp-content\/uploads\/sites\/2\/2013\/06\/DSC4603-2-1-682x1024.jpg 682w, https:\/\/www.ounjougou.org\/fr\/wp-content\/uploads\/sites\/2\/2013\/06\/DSC4603-2-1.jpg 1198w\" sizes=\"(max-width: 200px) 100vw, 200px\" \/><\/a><\/p>\n<p id=\"caption-attachment-86\" class=\"wp-caption-text\">D\u00e9couverte d&rsquo;une structure d&rsquo;habitat, 2012. Photo N. Spuhler.<\/p>\n<\/div>\n<\/div>\n<div class=\"one_third\">\n<h3><a title=\"Iles Eotil\u00e9\" href=\"http:\/\/www.ounjougou.org\/fr\/projets\/cote-divoire\/iles-eotile\/\">Eotil\u00e9 &#8211; C\u00f4te d&rsquo;Ivoire<\/a><\/h3>\n<h4>Projet en cours depuis 2016<\/h4>\n<div id=\"attachment_1035\" style=\"width: 226px\" class=\"wp-caption alignleft\"><a title=\"Eotil\u00e9 \u2013 C\u00f4te d\u2019Ivoire\" href=\"http:\/\/www.ounjougou.org\/fr\/projets\/iles-eotile\/\"><img aria-describedby=\"caption-attachment-1035\" decoding=\"async\" loading=\"lazy\" class=\"wp-image-1035 size-medium\" src=\"http:\/\/www.ounjougou.org\/fr\/wp-content\/uploads\/sites\/2\/2013\/06\/Eotile-11-1-216x300.jpg\" alt=\"Assinie. Photo S. Loukou\" width=\"216\" height=\"300\" srcset=\"https:\/\/www.ounjougou.org\/fr\/wp-content\/uploads\/sites\/2\/2013\/06\/Eotile-11-1-216x300.jpg 216w, https:\/\/www.ounjougou.org\/fr\/wp-content\/uploads\/sites\/2\/2013\/06\/Eotile-11-1-768x1065.jpg 768w, https:\/\/www.ounjougou.org\/fr\/wp-content\/uploads\/sites\/2\/2013\/06\/Eotile-11-1-738x1024.jpg 738w, https:\/\/www.ounjougou.org\/fr\/wp-content\/uploads\/sites\/2\/2013\/06\/Eotile-11-1.jpg 1384w\" sizes=\"(max-width: 216px) 100vw, 216px\" \/><\/a><\/p>\n<p id=\"caption-attachment-1035\" class=\"wp-caption-text\">Assinie, 2013. Photo S. Loukou<\/p>\n<\/div>\n<\/div>\n<div class=\"one_third last\">\n<h3><a href=\"http:\/\/www.ounjougou.org\/fr\/projets\/mali\/\">Pays Dogon &#8211; Mali<\/a><\/h3>\n<h4>Projet achev\u00e9, 1997-2012<\/h4>\n<div id=\"attachment_51\" style=\"width: 206px\" class=\"wp-caption alignnone\"><a title=\"Pays dogon \u2013 Mali\" href=\"http:\/\/www.ounjougou.org\/fr\/projets\/mali\/\"><img aria-describedby=\"caption-attachment-51\" decoding=\"async\" loading=\"lazy\" class=\"wp-image-51 size-medium\" src=\"http:\/\/www.ounjougou.org\/fr\/wp-content\/uploads\/sites\/2\/2013\/06\/OUN0304_SO-02_320_491-e1370963921184-1-196x300.jpg\" alt=\"Fouilles dans les niveaux de l'Holoc\u00e8ne ancien d'Ounjougou. Photo APA\" width=\"196\" height=\"300\" srcset=\"https:\/\/www.ounjougou.org\/fr\/wp-content\/uploads\/sites\/2\/2013\/06\/OUN0304_SO-02_320_491-e1370963921184-1-196x300.jpg 196w, https:\/\/www.ounjougou.org\/fr\/wp-content\/uploads\/sites\/2\/2013\/06\/OUN0304_SO-02_320_491-e1370963921184-1.jpg 320w\" sizes=\"(max-width: 196px) 100vw, 196px\" \/><\/a><\/p>\n<p id=\"caption-attachment-51\" class=\"wp-caption-text\">Fouilles dans les niveaux de l&rsquo;Holoc\u00e8ne ancien d&rsquo;Ounjougou, 2003. Photo S. Ozainne<\/p>\n<\/div>\n<\/div>\n<div class=\"clearboth\"><\/div>\n","protected":false},"excerpt":{"rendered":"<p>Le programme de recherche international Peuplement humain et pal\u00e9oenvironnement en Afrique a pour principal objectif l&rsquo;\u00e9tude des interactions entre populations humaines et variations climatiques et environnementales. Il a d\u00e9but\u00e9 en 1997 en Pays dogon (Mali) avec l&rsquo;\u00e9tude du gisement d\u2019Ounjougou<span class=\"ellipsis\">&hellip;<\/span><\/p>\n<div class=\"read-more\"><a href=\"https:\/\/www.ounjougou.org\/fr\/\">Lire la suite &#8250;<\/a><\/div>\n<p><!-- end of .read-more --><\/p>\n","protected":false},"author":1,"featured_media":0,"parent":0,"menu_order":0,"comment_status":"closed","ping_status":"closed","template":"page-accueil.php","meta":{"footnotes":""},"_links":{"self":[{"href":"https:\/\/www.ounjougou.org\/fr\/wp-json\/wp\/v2\/pages\/1315"}],"collection":[{"href":"https:\/\/www.ounjougou.org\/fr\/wp-json\/wp\/v2\/pages"}],"about":[{"href":"https:\/\/www.ounjougou.org\/fr\/wp-json\/wp\/v2\/types\/page"}],"author":[{"embeddable":true,"href":"https:\/\/www.ounjougou.org\/fr\/wp-json\/wp\/v2\/users\/1"}],"replies":[{"embeddable":true,"href":"https:\/\/www.ounjougou.org\/fr\/wp-json\/wp\/v2\/comments?post=1315"}],"version-history":[{"count":4,"href":"https:\/\/www.ounjougou.org\/fr\/wp-json\/wp\/v2\/pages\/1315\/revisions"}],"predecessor-version":[{"id":1455,"href":"https:\/\/www.ounjougou.org\/fr\/wp-json\/wp\/v2\/pages\/1315\/revisions\/1455"}],"wp:attachment":[{"href":"https:\/\/www.ounjougou.org\/fr\/wp-json\/wp\/v2\/media?parent=1315"}],"curies":[{"name":"wp","href":"https:\/\/api.w.org\/{rel}","templated":true}]}}