{"id":1244,"date":"2015-05-05T15:00:38","date_gmt":"2015-05-05T14:00:38","guid":{"rendered":"http:\/\/www.ounjougou.org\/fr\/?page_id=1244"},"modified":"2015-05-05T15:00:38","modified_gmt":"2015-05-05T14:00:38","slug":"remerciements","status":"publish","type":"page","link":"https:\/\/www.ounjougou.org\/fr\/remerciements\/","title":{"rendered":"Remerciements"},"content":{"rendered":"<p>Les institutions ou personnes suivantes contribuent, ou ont contribu\u00e9, \u00e0 la r\u00e9alisation et au succ\u00e8s du programme de recherche, par leur soutien financier ou technique :<\/p>\n<p><strong>Projet Mali<\/strong><\/p>\n<ul>\n<li>Fonds national suisse pour la recherche scientifique (FNS, requ\u00eates n\u00b0 100011-143445, 101212-112395, 10112-100519, 1213-0595714 et 1214-0494725);<\/li>\n<li>Facult\u00e9 des Sciences, Universit\u00e9 de Gen\u00e8ve (ligne budg\u00e9taire AFRI) ;<\/li>\n<li>Fondation Suisse-Liechtenstein pour les recherches arch\u00e9ologiques \u00e0 l&rsquo;\u00e9tranger (SLSA) ;<\/li>\n<li>Minist\u00e8re fran\u00e7ais des affaires \u00e9trang\u00e8res (MAE)\u00a0;<\/li>\n<li>Projet Franco-Allemand\u00a0: Agence Nationale de la Recherche fran\u00e7aise (ANR) et Deutsche Forschungsgemeinschaft (DFG) (ANR-07-FRAL-001).<\/li>\n<\/ul>\n<p>Et aussi\u00a0:<\/p>\n<ul>\n<li>Agence Nationale de la Recherche fran\u00e7aise (ANR)\u00a0: projet Jeune chercheur ANR-09-JCJC-0123-01\u00a0;<\/li>\n<li>Rectorat et Facult\u00e9 des Sciences, Universit\u00e9 de Gen\u00e8ve (fonds d\u2019investissement) ;<\/li>\n<li>Acad\u00e9mie Suisse des Sciences Humaines et Sociales, Berne (ASSHS) ;<\/li>\n<li>Fondation Ernst et Lucie Schmidheiny, Gen\u00e8ve ;<\/li>\n<li>Fonds Augustin Lombard, Gen\u00e8ve\u00a0;<\/li>\n<li>Fonds Marc Birkigt, Gen\u00e8ve\u00a0;<\/li>\n<li>Soci\u00e9t\u00e9 Acad\u00e9mique, Gen\u00e8ve\u00a0;<\/li>\n<li>Union Europ\u00e9enne (Intra European Marie Curie Fellowship\u00a0: MEIF-CT-2003-501195)\u00a0;<\/li>\n<li>Partenariat Hubert Curien (PHC) \u2013 Germaine de Sta\u00ebl : Acad\u00e9mie suisse des sciences techniques (SATW), minist\u00e8re fran\u00e7ais des Affaires \u00e9trang\u00e8res et du D\u00e9veloppement international (MAEDI) et minist\u00e8re fran\u00e7ais de l\u2019Education nationale, de l\u2019Enseignement sup\u00e9rieur et de la Recherche (MENESR) ;<\/li>\n<li>Agence Universitaire de la Francophonie (AUF)\u00a0;<\/li>\n<li>Institut National des Sciences de l\u2019Univers (INSU), CNRS, programmes ECLIPSE et ARTEMIS\u00a0;<\/li>\n<li>CNRS, programme ATIP\u00a0;<\/li>\n<li>Fondation FYSSEN, Paris\u00a0;<\/li>\n<li>Madame Mich\u00e8le Lechien\u00a0;<\/li>\n<li>Dr. Hartmann P. Koechlin.<\/li>\n<\/ul>\n<p>Et pour leur soutien logistique :<\/p>\n<ul>\n<li>Bureau de la coordination de la coop\u00e9ration suisse (BUCO), Bamako ;<\/li>\n<li>Service de coop\u00e9ration et d\u2019action culturelle de l\u2019Ambassade de France, Bamako\u00a0;<\/li>\n<li>Institut des Sciences Humaines (ISH), Bamako ;<\/li>\n<li>Universit\u00e9 de Bamako ;<\/li>\n<li>Centre national de la recherche scientifique et technique (CNRST), Bamako.<\/li>\n<\/ul>\n<p><strong>Projets S\u00e9n\u00e9gal<\/strong><\/p>\n<ul>\n<li>Fonds national suisse pour la recherche scientifique (FNS requ\u00eates n\u00b0 101212\u2013124657 et 100019E-164071)\u00a0;<\/li>\n<li>Facult\u00e9 des Sciences, Universit\u00e9 de Gen\u00e8ve (ligne budg\u00e9taire AFRI) ;<\/li>\n<li>Fondation Suisse-Liechtenstein pour les recherches arch\u00e9ologiques \u00e0 l&rsquo;\u00e9tranger (SLSA) ;<\/li>\n<li>Agence Nationale de la Recherche (ANR15-CE33-0009-01) ;<\/li>\n<li>Minist\u00e8re fran\u00e7ais des affaires \u00e9trang\u00e8res (MAE).<\/li>\n<\/ul>\n<p>Et aussi\u00a0:<\/p>\n<ul>\n<li>Partenariat Hubert Curien (PHC) \u2013 Germaine de Sta\u00ebl\u00a0: Acad\u00e9mie suisse des sciences techniques (SATW), minist\u00e8re fran\u00e7ais des Affaires \u00e9trang\u00e8res et du D\u00e9veloppement international (MAEDI) et minist\u00e8re fran\u00e7ais de l\u2019Education nationale, de l\u2019Enseignement sup\u00e9rieur et de la Recherche (MENESR)\u00a0;<\/li>\n<li>Universit\u00e9 Bordeaux Montaigne (Politique Scientifique d\u2019Etablissement)\u00a0;<\/li>\n<li>Labex Laboratoire des Sciences Arch\u00e9ologiques de Bordeaux (LaScArBx)\u00a0;<\/li>\n<li>Madame Mich\u00e8le Lechien.<\/li>\n<\/ul>\n<p>Et pour leur soutien logistique :<\/p>\n<ul>\n<li>Ambassade de Suisse au S\u00e9n\u00e9gal, Dakar ;<\/li>\n<li>Institut Fondamental d\u2019Afrique Noire (IFAN), Universit\u00e9 Cheikh Anta Diop, Dakar (UCAD).<\/li>\n<\/ul>\n<p><strong>Projet C\u00f4te-d&rsquo;Ivoire<\/strong><\/p>\n<ul>\n<li>Centre Suisse de Recherches Scientifiques en C\u00f4te d\u2019Ivoire (CSRS, fonds PNUD 2 n\u00b0 17) ;<\/li>\n<li>Programme d\u2019Appui Strat\u00e9gique \u00e0 la Recherche Scientifique (PASRES).<\/li>\n<\/ul>\n<p>Et aussi\u00a0:<\/p>\n<ul>\n<li>Facult\u00e9 des Sciences, Universit\u00e9 de Gen\u00e8ve (ligne budg\u00e9taire AFRI) ;<\/li>\n<\/ul>\n<p>Et pour leur soutien logistique :<\/p>\n<ul>\n<li>Centre Suisse de Recherches Scientifiques en C\u00f4te d\u2019Ivoire (CSRS)\u00a0;<\/li>\n<li>Ambassade de Suisse en C\u00f4te d\u2019Ivoire, Abidjan ;<\/li>\n<li>Universit\u00e9 F\u00e9lix Houphou\u00ebt Boigny, Abidjan.<\/li>\n<\/ul>\n<p><strong>Projet Ghana<\/strong><\/p>\n<ul>\n<li>Fondation Suisse-Liechtenstein pour les recherches arch\u00e9ologiques \u00e0 l&rsquo;\u00e9tranger (SLSA).<\/li>\n<\/ul>\n<p>Et aussi\u00a0:<\/p>\n<ul>\n<li>Facult\u00e9 des Sciences, Universit\u00e9 de Gen\u00e8ve (ligne budg\u00e9taire AFRI).<\/li>\n<\/ul>\n<p>Et pour leur soutien logistique :<\/p>\n<ul>\n<li>Department of Archaeology and Heritage Studies, University of Ghana ;<\/li>\n<li>Ghana Museums and Monuments Board (GMMB).<\/li>\n<\/ul>\n","protected":false},"excerpt":{"rendered":"<p>Les institutions ou personnes suivantes contribuent, ou ont contribu\u00e9, \u00e0 la r\u00e9alisation et au succ\u00e8s du programme de recherche, par leur soutien financier ou technique : Projet Mali Fonds national suisse pour la recherche scientifique (FNS, requ\u00eates n\u00b0 100011-143445, 101212-112395,<span class=\"ellipsis\">&hellip;<\/span><\/p>\n<div class=\"read-more\"><a href=\"https:\/\/www.ounjougou.org\/fr\/remerciements\/\">Lire la suite &#8250;<\/a><\/div>\n<p><!-- end of .read-more --><\/p>\n","protected":false},"author":1,"featured_media":0,"parent":0,"menu_order":0,"comment_status":"closed","ping_status":"closed","template":"page-accueil.php","meta":{"footnotes":""},"_links":{"self":[{"href":"https:\/\/www.ounjougou.org\/fr\/wp-json\/wp\/v2\/pages\/1244"}],"collection":[{"href":"https:\/\/www.ounjougou.org\/fr\/wp-json\/wp\/v2\/pages"}],"about":[{"href":"https:\/\/www.ounjougou.org\/fr\/wp-json\/wp\/v2\/types\/page"}],"author":[{"embeddable":true,"href":"https:\/\/www.ounjougou.org\/fr\/wp-json\/wp\/v2\/users\/1"}],"replies":[{"embeddable":true,"href":"https:\/\/www.ounjougou.org\/fr\/wp-json\/wp\/v2\/comments?post=1244"}],"version-history":[{"count":0,"href":"https:\/\/www.ounjougou.org\/fr\/wp-json\/wp\/v2\/pages\/1244\/revisions"}],"wp:attachment":[{"href":"https:\/\/www.ounjougou.org\/fr\/wp-json\/wp\/v2\/media?parent=1244"}],"curies":[{"name":"wp","href":"https:\/\/api.w.org\/{rel}","templated":true}]}}