{"id":120,"date":"2013-06-14T09:44:40","date_gmt":"2013-06-14T08:44:40","guid":{"rendered":"http:\/\/www.ounjougou.org\/fr\/?page_id=120"},"modified":"2013-06-14T09:44:40","modified_gmt":"2013-06-14T08:44:40","slug":"120-2","status":"publish","type":"page","link":"https:\/\/www.ounjougou.org\/fr\/projets\/senegal\/archeologie\/120-2\/","title":{"rendered":"Pal\u00e9olithique"},"content":{"rendered":"<h4>Le Pal\u00e9olithique de la vall\u00e9e de la Fal\u00e9m\u00e9 : des t\u00e9moins anthropiques riches et prometteurs<\/h4>\n<div id=\"attachment_122\" style=\"width: 242px\" class=\"wp-caption alignleft\"><a href=\"http:\/\/www.ounjougou.org\/fr\/wp-content\/uploads\/sites\/2\/2013\/06\/chevrier_rdg_2012-1-1.jpg\"><img aria-describedby=\"caption-attachment-122\" decoding=\"async\" loading=\"lazy\" class=\"size-medium wp-image-122 \" alt=\"Ravin des Gu\u00eapiers. Nucl\u00e9us, produits et outillage.\" src=\"http:\/\/www.ounjougou.org\/fr\/wp-content\/uploads\/sites\/2\/2013\/06\/chevrier_rdg_2012-1-232x300.jpg\" width=\"232\" height=\"300\" srcset=\"https:\/\/www.ounjougou.org\/fr\/wp-content\/uploads\/sites\/2\/2013\/06\/chevrier_rdg_2012-1-232x300.jpg 232w, https:\/\/www.ounjougou.org\/fr\/wp-content\/uploads\/sites\/2\/2013\/06\/chevrier_rdg_2012-1.jpg 619w\" sizes=\"(max-width: 232px) 100vw, 232px\" \/><\/a><\/p>\n<p id=\"caption-attachment-122\" class=\"wp-caption-text\">Ravin des Gu\u00eapiers. Nucl\u00e9us, produits et outillage.<\/p>\n<\/div>\n<p>Plusieurs travaux men\u00e9s dans la vall\u00e9e de la Fal\u00e9m\u00e9 par A. Camara et B. Duboscq ont amen\u00e9 \u00e0 reconna\u00eetre dans les ann\u00e9es 1970-1980 des occupations pal\u00e9olithiques de p\u00e9riodes et de cultures diff\u00e9rentes (fa\u00e7onnage bifacial, d\u00e9bitages, pi\u00e8ces foliac\u00e9es, etc.) (Camara, Duboscq, 1984, 1987, 1990). Toutefois, aucune datation directe n\u2019a pu \u00eatre r\u00e9alis\u00e9e et, par cons\u00e9quent, aucun cadre chronologique pr\u00e9cis n\u2019est disponible pour comprendre la succession chronoculturelle et les rythmes d\u2019occupation dans la r\u00e9gion.<\/p>\n<p>C\u2019est dans ce cadre, et en comparaison avec Ounjougou (Mali), la seule s\u00e9quence de r\u00e9f\u00e9rence d\u2019Afrique de l\u2019Ouest, que nous d\u00e9veloppons depuis 2012 notre recherche sur le Pal\u00e9olithique de la vall\u00e9e de la Fal\u00e9m\u00e9. Notre objectif est d\u2019aboutir \u00e0 l\u2019\u00e9tablissement d\u2019une seconde s\u00e9quence chronostratigraphique, exploitable en termes de dynamiques de peuplement. En effet, la proximit\u00e9 des bandes saharienne et sah\u00e9lienne am\u00e8ne \u00e0 questionner les comportements d\u2019adaptation des hommes face \u00e0 l\u2019\u00e9volution de l\u2019humidit\u00e9 et de l\u2019aridit\u00e9 de leur milieu. \u00c0 Ounjougou, il est not\u00e9 par exemple une absence d\u2019occupations au stade isotopique 2, particuli\u00e8rement aride (Rasse <i>et al.<\/i>, 2004\u00a0; Soriano <i>et al.<\/i>, 2010). La localisation de la Fal\u00e9m\u00e9, plus m\u00e9ridionale, et son occupation (continue ou discontinue\u00a0?) peuvent constituer des \u00e9l\u00e9ments de discussion concernant les probl\u00e9matiques de p\u00e9rennit\u00e9 du peuplement et de mobilit\u00e9 des groupes humains.<\/p>\n<p>&nbsp;<\/p>\n<div id=\"attachment_121\" style=\"width: 310px\" class=\"wp-caption alignright\"><a href=\"http:\/\/www.ounjougou.org\/fr\/wp-content\/uploads\/sites\/2\/2013\/06\/chevrier_ftdv_amas_intermed-1-1.jpg\"><img aria-describedby=\"caption-attachment-121\" decoding=\"async\" loading=\"lazy\" class=\"size-medium wp-image-121 \" alt=\"Fatandi V. D\u00e9tail des amas de taille en surface, en cours de d\u00e9mant\u00e8lement par l\u2019\u00e9rosion.\" src=\"http:\/\/www.ounjougou.org\/fr\/wp-content\/uploads\/sites\/2\/2013\/06\/chevrier_ftdv_amas_intermed-1-300x282.jpg\" width=\"300\" height=\"282\" \/><\/a><\/p>\n<p id=\"caption-attachment-121\" class=\"wp-caption-text\">Fatandi V. D\u00e9tail des amas de taille en surface, en cours de d\u00e9mant\u00e8lement par l\u2019\u00e9rosion.<\/p>\n<\/div>\n<p>Nos op\u00e9rations de prospection, principalement men\u00e9es en 2012 et 2013 entre Gouloungina et Tomboura, ont permis de reconna\u00eetre plusieurs dizaines de sites livrant du mat\u00e9riel lithique, notamment en stratigraphie. Cette richesse permet d\u2019esp\u00e9rer une information technique, culturelle et chronologique de grande qualit\u00e9.<\/p>\n<p>Parmi les sites prospect\u00e9s, le Ravin des Gu\u00eapiers et Fatandi V ont fait l\u2019objet de sondages et de fouilles. Le premier, mis au jour par une \u00e9rosion intense au sein d\u2019une s\u00e9quence s\u00e9dimentaire relativement puissante, a livr\u00e9 un petit assemblage lithique bien localis\u00e9 stratigraphiquement et caract\u00e9ris\u00e9 par des productions d\u00e9bit\u00e9es peu \u00e9labor\u00e9es. Suite aux pr\u00e9l\u00e8vements r\u00e9alis\u00e9s en f\u00e9vrier 2013, la datation OSL de la s\u00e9quence et de l\u2019occupation est en cours.<\/p>\n<p>Concernant Fatandi V, des relev\u00e9s d\u2019amas de taille apparaissant en surface ont \u00e9t\u00e9 men\u00e9s en 2012. Ils avaient permis d\u2019identifier en particulier des d\u00e9bitages Levallois et laminaires pour lesquels la question de l\u2019association restait pos\u00e9e. L\u2019ouverture d\u2019une tranch\u00e9e d\u2019environ 30 m en 2013 avait pour objectif la fouille d\u2019un amas en cours de d\u00e9mant\u00e8lement et la reconnaissance du potentiel arch\u00e9ologique et chronostratigraphique. Cela nous a conduit \u00e0 pr\u00e9ciser nos hypoth\u00e8ses taphonomiques et \u00e0 d\u00e9couvrir un nouvel amas lithique, riche et non \u00e9rod\u00e9. Sa fouille est en cours et motivera une op\u00e9ration extensive en 2014. Des d\u00e9bitages Levallois et laminaires ont \u00e9galement \u00e9t\u00e9 reconnus, associ\u00e9s \u00e0 des productions moins \u00e9labor\u00e9es. Une premi\u00e8re campagne de pr\u00e9l\u00e8vements pour des datations OSL a \u00e9t\u00e9 men\u00e9e.<\/p>\n<p>Enfin, les formations grossi\u00e8res localis\u00e9es \u00e0 Alinguel, au Ravin des Gu\u00eapiers, \u00e0 Sansand\u00e9 et \u00e0 Lalli ont livr\u00e9 de nombreuses pi\u00e8ces \u00e0 l\u2019allure archa\u00efque (pi\u00e8ces bifaciales, nucl\u00e9us disco\u00efdes, grands \u00e9clats Levallois, d\u00e9bitage peu \u00e9labor\u00e9, etc.) mais toujours roul\u00e9es. La reconnaissance de certains de ces artefacts en stratigraphie et l\u2019\u00e9chantillonnage pour datation OSL d\u2019horizons limoneux ou sableux permettent d\u2019esp\u00e9rer l\u2019obtention, pour la premi\u00e8re fois en Afrique de l\u2019Ouest, d\u2019une information chronostratigraphique directe pour ces industries.<\/p>\n<p><strong><a href=\"http:\/\/ua.unige.ch\/fr\/personne\/benoitchevrier\/\">Beno\u00eet Chevrier<\/a><\/strong><\/p>\n<p>Bibliographie<\/p>\n<p>CAMARA, A. ; DUBOSCQ, B. ; 1984: Le gisement pr\u00e9historique de Sansand\u00e9, basse vall\u00e9e de la Fal\u00e9m\u00e9, S\u00e9n\u00e9gal. Approche typologique et stratigraphique. L\u2019Anthropologie, t. 88, n\u00b0 3, pp. 377-402.<\/p>\n<p>CAMARA, A.; DUBOSCQ, B. ; 1987: Contexte chronostratigraphique des outillages du Pal\u00e9olithique \u00e9volu\u00e9 dans l\u2019Est du S\u00e9n\u00e9gal. L\u2019Anthropologie, t. 91, n\u00b0 2, pp. 511-520.<\/p>\n<p>CAMARA, A.; DUBOSCQ, B.; 1990: La fouille d\u2019un site acheul\u00e9en \u00e0 Djita (basse vall\u00e9e de la Fal\u00e9m\u00e9, S\u00e9n\u00e9gal). L\u2019Anthropologie, t. 94, n\u00b0 2, pp. 293\u2013304.<\/p>\n<p>RASSE, M.; SORIANO, S.; TRIBOLO, C.; STOKES, S.; HUYSECOM, E. ; 2004: La s\u00e9quence pl\u00e9istoc\u00e8ne sup\u00e9rieur d\u2019Ounjougou (Pays Dogon, Mali): \u00e9volution g\u00e9omorphologique, enregistrements s\u00e9dimentaires et changements culturels. Quaternaire, vol. 15, n\u00b0 4, pp. 329-341.<\/p>\n<p>SORIANO, S.; RASSE, M.; TRIBOLO, C.; HUYSECOM, \u00c9. ; 2010: Ounjougou (Pays dogon, Mali): une s\u00e9quence \u00e0 haute r\u00e9solution pour le Pal\u00e9olithique moyen d\u2019Afrique sah\u00e9lienne. Afrique: Arch\u00e9ologies &amp; Arts, vol. 6, pp. 49-66.<\/p>\n","protected":false},"excerpt":{"rendered":"<p>Le Pal\u00e9olithique de la vall\u00e9e de la Fal\u00e9m\u00e9 : des t\u00e9moins anthropiques riches et prometteurs Plusieurs travaux men\u00e9s dans la vall\u00e9e de la Fal\u00e9m\u00e9 par A. Camara et B. Duboscq ont amen\u00e9 \u00e0 reconna\u00eetre dans les ann\u00e9es 1970-1980 des occupations<span class=\"ellipsis\">&hellip;<\/span><\/p>\n<div class=\"read-more\"><a href=\"https:\/\/www.ounjougou.org\/fr\/projets\/senegal\/archeologie\/120-2\/\">Lire la suite &#8250;<\/a><\/div>\n<p><!-- end of .read-more --><\/p>\n","protected":false},"author":1,"featured_media":0,"parent":102,"menu_order":0,"comment_status":"closed","ping_status":"closed","template":"page-accueil.php","meta":{"footnotes":""},"_links":{"self":[{"href":"https:\/\/www.ounjougou.org\/fr\/wp-json\/wp\/v2\/pages\/120"}],"collection":[{"href":"https:\/\/www.ounjougou.org\/fr\/wp-json\/wp\/v2\/pages"}],"about":[{"href":"https:\/\/www.ounjougou.org\/fr\/wp-json\/wp\/v2\/types\/page"}],"author":[{"embeddable":true,"href":"https:\/\/www.ounjougou.org\/fr\/wp-json\/wp\/v2\/users\/1"}],"replies":[{"embeddable":true,"href":"https:\/\/www.ounjougou.org\/fr\/wp-json\/wp\/v2\/comments?post=120"}],"version-history":[{"count":0,"href":"https:\/\/www.ounjougou.org\/fr\/wp-json\/wp\/v2\/pages\/120\/revisions"}],"up":[{"embeddable":true,"href":"https:\/\/www.ounjougou.org\/fr\/wp-json\/wp\/v2\/pages\/102"}],"wp:attachment":[{"href":"https:\/\/www.ounjougou.org\/fr\/wp-json\/wp\/v2\/media?parent=120"}],"curies":[{"name":"wp","href":"https:\/\/api.w.org\/{rel}","templated":true}]}}