{"id":1025,"date":"2014-04-03T08:17:26","date_gmt":"2014-04-03T07:17:26","guid":{"rendered":"http:\/\/www.ounjougou.org\/fr\/?page_id=1025"},"modified":"2017-04-19T12:42:43","modified_gmt":"2017-04-19T10:42:43","slug":"iles-eotile","status":"publish","type":"page","link":"https:\/\/www.ounjougou.org\/fr\/projets\/iles-eotile\/","title":{"rendered":"Iles Eotil\u00e9 &#8211; C\u00f4te d&rsquo;Ivoire"},"content":{"rendered":"<h2>Le projet Iles Eotil\u00e9<\/h2>\n<p>Les prospections men\u00e9es dans le Parc national des \u00eeles Eotil\u00e9, qui appartiennent historiquement \u00e0 la r\u00e9gion d\u2019Assinie, ont pour but d\u2019\u00e9tablir un volet de recherche en C\u00f4te d\u2019Ivoire s\u2019ins\u00e9rant dans le cadre de notre programme international et pluridisciplinaire \u00ab\u00a0Peuplement humain et pal\u00e9oenvironnement en Afrique\u00a0\u00bb. Il sera sous la coordination de l\u2019Universit\u00e9 de Gen\u00e8ve (UniGE) et de l\u2019Universit\u00e9 F\u00e9lix Houphou\u00ebt Boigny d\u2019Abidjan (UFHB). Les travaux que nous pr\u00e9voyons permettront une premi\u00e8re dans l&rsquo;histoire de l&rsquo;arch\u00e9ologie africaine: \u00e9tudier l&rsquo;\u00e9volution d&rsquo;une capitale africaine avant, pendant et apr\u00e8s le contact avec les premiers Europ\u00e9ens, tout en abordant\u00a0 son impact sur l&rsquo;environnement, ainsi que le d\u00e9veloppement socio-\u00e9conomique du Golfe de Guin\u00e9e.<\/p>\n<p>Ce nouveau volet sera l\u2019occasion de d\u00e9velopper en C\u00f4te d&rsquo;Ivoire une fouille-\u00e9cole permettant d&rsquo;accueillir les \u00e9tudiants en arch\u00e9ologie africaine de toute la sous-r\u00e9gion, lesquels n&rsquo;ont actuellement que tr\u00e8s peu de possibilit\u00e9s de stages pratiques pour apprendre les techniques de fouille.<\/p>\n","protected":false},"excerpt":{"rendered":"<p>Le projet Iles Eotil\u00e9 Les prospections men\u00e9es dans le Parc national des \u00eeles Eotil\u00e9, qui appartiennent historiquement \u00e0 la r\u00e9gion d\u2019Assinie, ont pour but d\u2019\u00e9tablir un volet de recherche en C\u00f4te d\u2019Ivoire s\u2019ins\u00e9rant dans le cadre de notre programme international<span class=\"ellipsis\">&hellip;<\/span><\/p>\n<div class=\"read-more\"><a href=\"https:\/\/www.ounjougou.org\/fr\/projets\/iles-eotile\/\">Lire la suite &#8250;<\/a><\/div>\n<p><!-- end of .read-more --><\/p>\n","protected":false},"author":1,"featured_media":0,"parent":1315,"menu_order":0,"comment_status":"closed","ping_status":"closed","template":"page-accueil.php","meta":{"footnotes":""},"_links":{"self":[{"href":"https:\/\/www.ounjougou.org\/fr\/wp-json\/wp\/v2\/pages\/1025"}],"collection":[{"href":"https:\/\/www.ounjougou.org\/fr\/wp-json\/wp\/v2\/pages"}],"about":[{"href":"https:\/\/www.ounjougou.org\/fr\/wp-json\/wp\/v2\/types\/page"}],"author":[{"embeddable":true,"href":"https:\/\/www.ounjougou.org\/fr\/wp-json\/wp\/v2\/users\/1"}],"replies":[{"embeddable":true,"href":"https:\/\/www.ounjougou.org\/fr\/wp-json\/wp\/v2\/comments?post=1025"}],"version-history":[{"count":1,"href":"https:\/\/www.ounjougou.org\/fr\/wp-json\/wp\/v2\/pages\/1025\/revisions"}],"predecessor-version":[{"id":1363,"href":"https:\/\/www.ounjougou.org\/fr\/wp-json\/wp\/v2\/pages\/1025\/revisions\/1363"}],"up":[{"embeddable":true,"href":"https:\/\/www.ounjougou.org\/fr\/wp-json\/wp\/v2\/pages\/1315"}],"wp:attachment":[{"href":"https:\/\/www.ounjougou.org\/fr\/wp-json\/wp\/v2\/media?parent=1025"}],"curies":[{"name":"wp","href":"https:\/\/api.w.org\/{rel}","templated":true}]}}