{"id":102,"date":"2013-06-12T15:48:16","date_gmt":"2013-06-12T14:48:16","guid":{"rendered":"http:\/\/www.ounjougou.org\/fr\/?page_id=102"},"modified":"2013-06-12T15:48:16","modified_gmt":"2013-06-12T14:48:16","slug":"archeologie","status":"publish","type":"page","link":"https:\/\/www.ounjougou.org\/fr\/projets\/senegal\/archeologie\/","title":{"rendered":"Arch\u00e9ologie"},"content":{"rendered":"<div class=\"two_third\">\n<h3>Pal\u00e9olithique<\/h3>\n<p>Dans les ann\u00e9es 1970-1980, des travaux men\u00e9s dans la vall\u00e9e de la Fal\u00e9m\u00e9 \u00a0ont permis d&rsquo;identifier des occupations pal\u00e9olithiques de p\u00e9riodes et de cultures diff\u00e9rentes. Toutefois, aucun cadre chronologique pr\u00e9cis n\u2019est disponible pour comprendre la succession chronoculturelle et les rythmes d\u2019occupation dans la r\u00e9gion. Depuis 2012, nous d\u00e9veloppons notre recherche dans\u00a0la vall\u00e9e de la Fal\u00e9m\u00e9\u00a0en comparaison avec <a title=\"Ounjougou-Mali\" href=\"http:\/\/www.ounjougou.org\/fr\/projets\/mali\/\">Ounjougou (Mali)<\/a>, la seule s\u00e9quence de r\u00e9f\u00e9rence d\u2019Afrique de l\u2019Ouest.<\/p>\n<\/div>\n<div class=\"one_third last\">\n<h3>Articles:<\/h3>\n<ul>\n<li><a title=\"Pal\u00e9olithique\" href=\"http:\/\/www.ounjougou.org\/fr\/projets\/senegal\/archeologie\/120-2\/\">Le Pal\u00e9olithique de la vall\u00e9e de la Fal\u00e9m\u00e9<\/a><\/li>\n<\/ul>\n<p><a title=\"Pal\u00e9olithique\" href=\"http:\/\/www.ounjougou.org\/fr\/projets\/senegal\/archeologie\/120-2\/\"><\/div>\n<div class=\"clearboth\"><\/div>\n<p><\/a><\/p>\n<hr \/>\n<div class=\"two_third\">\n<h3>\u00c2ge du Fer et p\u00e9riode historique<\/h3>\n<p>Les prospections et sondages des premi\u00e8res missions ont conduit \u00e0 l&rsquo;identification de nombreux sites protohistoriques et historiques dans la vall\u00e9e de la Fal\u00e9m\u00e9. Le site d&rsquo;Alinguel a par exemple r\u00e9v\u00e9l\u00e9 une importante s\u00e9quence de l&rsquo;Holoc\u00e8ne r\u00e9cent et terminal.<\/p>\n<\/div>\n<div class=\"one_third last\">\n<h3>Articles:<\/h3>\n<ul>\n<li><a title=\"Le site d\u2019Alinguel\" href=\"http:\/\/www.ounjougou.org\/fr\/projets\/senegal\/archeologie\/le-site-dalinguel\/\"><span style=\"line-height: 13px\">Le site d&rsquo;Alinguel<\/span><\/a><\/li>\n<\/ul>\n<\/div>\n<div class=\"clearboth\"><\/div>\n<hr \/>\n<div class=\"two_third\">\n<h3>P\u00e9riode coloniale<\/h3>\n<p>Si les \u00e9tablissements c\u00f4tiers europ\u00e9ens en Afrique sont relativement bien connus, tant au niveau de l\u2019architecture que du fonctionnement, les vestiges de ces premiers \u00e9tablissements au c\u0153ur du continent sont particuli\u00e8rement mal document\u00e9s. Nous n\u2019en poss\u00e9dons que tr\u00e8s rarement les plans et n\u2019en connaissons pour ainsi dire pas le fonctionnement. Or ces \u00e9tablissements repr\u00e9sentent la premi\u00e8re \u00e9tape de la transition de ces contr\u00e9es africaines vers la p\u00e9riode coloniale. La d\u00e9couverte d&rsquo;un fort dans la zone de la Fal\u00e9m\u00e9 apporte des \u00e9l\u00e9ments totalement nouveaux sur cette phase bien m\u00e9connue de la p\u00e9n\u00e9tration europ\u00e9enne \u00e0 l\u2019\u00e9poque pr\u00e9coloniale et sur le mode de vie de ces premiers \u00ab\u00a0expatri\u00e9s\u00a0\u00bb.<\/p>\n<\/div>\n<div class=\"one_third last\">\n<h3>Articles:<\/h3>\n<ul>\n<li><a title=\"Le site de Farabana\" href=\"http:\/\/www.ounjougou.org\/fr\/projets\/senegal\/archeologie\/le-site-de-farabana\/\">Le fort de Farabana<\/a><\/li>\n<\/ul>\n<\/div>\n<div class=\"clearboth\"><\/div>\n","protected":false},"excerpt":{"rendered":"","protected":false},"author":1,"featured_media":0,"parent":17,"menu_order":0,"comment_status":"closed","ping_status":"closed","template":"page-accueil.php","meta":{"footnotes":""},"_links":{"self":[{"href":"https:\/\/www.ounjougou.org\/fr\/wp-json\/wp\/v2\/pages\/102"}],"collection":[{"href":"https:\/\/www.ounjougou.org\/fr\/wp-json\/wp\/v2\/pages"}],"about":[{"href":"https:\/\/www.ounjougou.org\/fr\/wp-json\/wp\/v2\/types\/page"}],"author":[{"embeddable":true,"href":"https:\/\/www.ounjougou.org\/fr\/wp-json\/wp\/v2\/users\/1"}],"replies":[{"embeddable":true,"href":"https:\/\/www.ounjougou.org\/fr\/wp-json\/wp\/v2\/comments?post=102"}],"version-history":[{"count":0,"href":"https:\/\/www.ounjougou.org\/fr\/wp-json\/wp\/v2\/pages\/102\/revisions"}],"up":[{"embeddable":true,"href":"https:\/\/www.ounjougou.org\/fr\/wp-json\/wp\/v2\/pages\/17"}],"wp:attachment":[{"href":"https:\/\/www.ounjougou.org\/fr\/wp-json\/wp\/v2\/media?parent=102"}],"curies":[{"name":"wp","href":"https:\/\/api.w.org\/{rel}","templated":true}]}}