{"id":261,"date":"2013-10-04T10:48:35","date_gmt":"2013-10-04T09:48:35","guid":{"rendered":"http:\/\/www.ounjougou.org\/en\/?page_id=261"},"modified":"2019-10-16T17:50:52","modified_gmt":"2019-10-16T15:50:52","slug":"dissertations-masters-phd","status":"publish","type":"page","link":"https:\/\/www.ounjougou.org\/en\/publications\/dissertations-masters-phd\/","title":{"rendered":"Dissertations (Master and PhD)"},"content":{"rendered":"<h4>2019<\/h4>\n<ul>\n<li>Truffa Giachet, M. 2019. Etude arch\u00e9om\u00e9trique des perles en verre d&#8217;Afrique de l&#8217;Ouest : vers une meilleure compr\u00e9hension des dynamiques techniques et commerciales \u00e0 l&#8217;\u00e9poque des empires pr\u00e9-coloniaux. Gen\u00e8ve: Unit\u00e9 d&#8217;anthropologie, D\u00e9partement de G\u00e9n\u00e9tique et Evolution de l&#8217;Universit\u00e9 de Gen\u00e8ve (Th\u00e8se de doctorat de la Facult\u00e9 des sciences).<\/li>\n<li> Aymeric, J. 2019. <a href=\"https:\/\/archive-ouverte.unige.ch\/unige:124134\">D\u00e9fendre sa communaut\u00e9 \u00e0 l\u2019\u00e8re atlantique\u00a0: \u00e9tude des fortifications endog\u00e8nes de la vall\u00e9e de la Fal\u00e9m\u00e9<\/a>. Gen\u00e8ve: Unit\u00e9 d&#8217;anthropologie, D\u00e9partement de G\u00e9n\u00e9tique et Evolution de l&#8217;Universit\u00e9 de Gen\u00e8ve (Th\u00e8se de doctorat de la Facult\u00e9 des sciences). <\/li>\n<li>Chappuis, M. 2019. S\u2019identifier par la parure en Afrique de l\u2019Ouest: Les Peul et les Mandingue. Gen\u00e8ve: Unit\u00e9 d\u2019anthropologie, D\u00e9partement de G\u00e9n\u00e9tique et Evolution de l\u2019Universit\u00e9 de Gen\u00e8ve (M\u00e9moire de Master).<\/li>\n<\/ul>\n<h4>2018<\/h4>\n<ul>\n<li> Walmsley, A. P. 2018. <a href=\"https:\/\/archive-ouverte.unige.ch\/unige:108625\">Arch\u00e9om\u00e9tallurgie du fer dans la R\u00e9serve du Boundou (S\u00e9n\u00e9gal oriental) : nouvelles donn\u00e9es pour un \u00e2ge du fer ancien en Afrique de l&#8217;ouest<\/a>. Gen\u00e8ve: Unit\u00e9 d\u2019anthropologie, D\u00e9partement de G\u00e9n\u00e9tique et Evolution de l\u2019Universit\u00e9 de Gen\u00e8ve (M\u00e9moire de Master).<\/li>\n<li>Loukou Yao, S. B. 2018. <a href=\"https:\/\/archive-ouverte.unige.ch\/unige:110180\">Arch\u00e9ologie au Boundou: l&#8217;\u00e9mergence d&#8217;un royaume Africain dans la s\u00e9quence protohistorique et historique de la moyenne vall\u00e9e de la Fal\u00e9m\u00e9 (S\u00e9n\u00e9gal Oriental)<\/a>. Gen\u00e8ve: Unit\u00e9 d&#8217;anthropologie, D\u00e9partement de G\u00e9n\u00e9tique et Evolution de l&#8217;Universit\u00e9 de Gen\u00e8ve (Th\u00e8se de doctorat de la Facult\u00e9 des sciences n\u00b05259).<\/li>\n<\/ul>\n<div>\n<h4>2014<\/h4>\n<ul>\n<li>Diallo M.A. 2014. Architecture n\u00e9olithique de la bande sah\u00e9lo-saharienne en Afrique de l&#8217;Ouest. Gen\u00e8ve: Unit\u00e9 d\u2019anthropologie, D\u00e9partement de G\u00e9n\u00e9tique et Evolution de l\u2019Universit\u00e9 de Gen\u00e8ve (Master&#8217;s degree).<\/li>\n<li>Soulignac R. 2014. <a href=\"https:\/\/www.google.com\/url?sa=t&amp;rct=j&amp;q=&amp;esrc=s&amp;source=web&amp;cd=1&amp;cad=rja&amp;uact=8&amp;ved=2ahUKEwiM6K2Cv-nkAhWv0KYKHa-_BnEQFjAAegQIARAC&amp;url=https%3A%2F%2Fedoc.unibas.ch%2F55266%2F1%2FSoulignac_Les%2520Scories%2520de%2520forge%2520du%2520Pays%2520dogon_THESE.pdf&amp;usg=AOvVaw3vacjP7fqPEeCeBY3nU9Br\">Les scories de forge du Pays dogon (Mali)\u00a0: ethnoarch\u00e9ologie et arch\u00e9om\u00e9trie des d\u00e9chets de forgeage du fer<\/a>. Fribourg : D\u00e9partement des G\u00e9osciences, Universit\u00e9 de Fribourg (PhD Dissertation).<\/li>\n<\/ul>\n<h4>2013<\/h4>\n<ul>\n<li>Garnier A. 2013. <a href=\"http:\/\/www.theses.fr\/2013CAEN1705\">La dynamique des zones humides dans la vall\u00e9e du Yam\u00e9 (Pays Dogon, Mali) : une approche des relations Nature-Soci\u00e9t\u00e9.<\/a> Laboratoire GEOPHEN, Universit\u00e9 de Caen (PhD Dissertation).<\/li>\n<\/ul>\n<h4>2012<\/h4>\n<ul>\n<li>Canetti M. 2011. <a href=\"http:\/\/archive-ouverte.unige.ch\/unige:17844\">Les Pipes en terre d\u2019Afrique de l\u2019Ouest : une \u00e9tude arch\u00e9ologique et ethnoarch\u00e9ologique sur la base des d\u00e9couvertes de Tyi (Mali).<\/a> Gen\u00e8ve: Unit\u00e9 d\u2019anthropologie, D\u00e9partement de G\u00e9n\u00e9tique et Evolution de l\u2019Universit\u00e9 de Gen\u00e8ve (Master&#8217;s degree).<\/li>\n<li>Colaizzi I. 2011. <a href=\"http:\/\/archive-ouverte.unige.ch\/unige:17794\"> Etude du site de Tyi (Pays dogon, Mali): analyse arch\u00e9ozoologique.<\/a> Gen\u00e8ve: Unit\u00e9 d\u2019anthropologie, D\u00e9partement de G\u00e9n\u00e9tique et Evolution de l\u2019Universit\u00e9 de Gen\u00e8ve (Master&#8217;s degree).<\/li>\n<li>Lespez L. 2012. Les temps de l\u2019environnement et des paysages des syst\u00e8mes fluviaux au cours de l\u2019Holoc\u00e8ne. Volume in\u00e9dit d\u2019Habilitation \u00e0 Diriger des Recherches. Universit\u00e9 de Caen Basse-Normandie, non publi\u00e9.<\/li>\n<\/ul>\n<h4>2011<\/h4>\n<ul>\n<li>Guindo N. 2011. La reconstitution de l\u2019histoire du peuplement de la plaine du S\u00e9no-Gondo (Pays dogon, Mali). Laboratoire de Pr\u00e9histoire et Technologie- UMR 7055 du CNRS, Paris Ouest Nanterre la D\u00e9fense (PhD Dissertation).<\/li>\n<li>Keita D. 2011. Le peuplement de la marge orientale du delta int\u00e9rieur du Niger au premier mill\u00e9naire apr\u00e8s J\u00e9sus Christ. Laboratoire de Pr\u00e9histoire et Technologie- UMR 7055 du CNRS, Paris Ouest Nanterre la D\u00e9fense (PhD Dissertation).<\/li>\n<li>Ozainne S. 2011. <a href=\"http:\/\/archive-ouverte.unige.ch\/unige:16786\">Le peuplement d\u2019Afrique de l\u2019Ouest sub-saharienne entre 2500 et 500 av. J.-C. : cadre chrono-culturel, \u00e9conomique et environnemental de la fin du N\u00e9olithique en zone soudano-sah\u00e9lienne.<\/a> Gen\u00e8ve: Unit\u00e9 d\u2019anthropologie, D\u00e9partement de G\u00e9n\u00e9tique et Evolution de l\u2019Universit\u00e9 de Gen\u00e8ve (PhD Dissertation).<\/li>\n<\/ul>\n<h4>2010<\/h4>\n<ul>\n<li>Loukou S. 2010. <a href=\"http:\/\/archive-ouverte.unige.ch\/unige:17807\">Approche territoriale du peuplement de la vall\u00e9e du Guringin (Plaine du S\u00e9no, Mali).<\/a> Gen\u00e8ve: D\u00e9partement d\u2019anthropologie de l\u2019Universit\u00e9 de Gen\u00e8ve (Master&#8217;s degree).<\/li>\n<li>Mezger H. 2010. <a href=\"https:\/\/kups.ub.uni-koeln.de\/4487\/4\/Heft38_Mezger_.pdf\">Zur Weberei der Dogon in Mali: eine komparative und historischer Perspektive.<\/a> Cologne: Institut f\u00fcr Volkerkunde, Universit\u00e4t zu K\u00f6ln (Master&#8217;s degree).<\/li>\n<li>Rasse M. 2010. Espaces et Temps des premi\u00e8res soci\u00e9t\u00e9s. Pour une approche des soci\u00e9t\u00e9s de la pr\u00e9histoire par l\u2019espace. Volume in\u00e9dit d\u2019Habilitation \u00e0 Diriger des Recherches. Universit\u00e9 de Rouen, non publi\u00e9.<\/li>\n<\/ul>\n<h4>2009<\/h4>\n<ul>\n<li>Poudiougo M. 2009. Etude ethnoarch\u00e9ologique des fusa\u00efoles au pays dogon: cas de Koundougou, Yawa et Tourou. Bamako: D\u00e9partement d\u2019histoire et d\u2019arch\u00e9ologie de l\u2019Universit\u00e9 de Bamako (Master&#8217;s degree).<\/li>\n<li>Togo S. 2009. La cha\u00eene op\u00e9ratoire de c\u00e9ramique en milieu dogon: cas de Koporo-Pen. Bamako: D\u00e9partement d\u2019histoire et d\u2019arch\u00e9ologie de l\u2019Universit\u00e9 de Bamako (Master&#8217;s degree).<\/li>\n<\/ul>\n<h4>2008<\/h4>\n<ul>\n<li>De Weyer L. 2008. \u00c9tude technologique de l\u2019industrie lithique du M\u00e9ni\u00e9-M\u00e9ni\u00e9, Ounjougou, Mali. Paris : UFR Sciences sociales et administratives, Universit\u00e9 Paris X \u2013 Nanterre (Master&#8217;s degree 1).<\/li>\n<li>Le Drezen Y. 2008. <a href=\"https:\/\/pdfs.semanticscholar.org\/1f5e\/100c20bb75423335faf4c19a5fc25aecedad.pdf\">Dynamiques des paysages de la vall\u00e9e du Yam\u00e9 depuis 4000 ans. Contribution \u00e0 la compr\u00e9hension d\u2019un g\u00e9osyst\u00e8me soudano-sah\u00e9lien (Ounjougou, Pays dogon, Mali)<\/a>. Caen: Universit\u00e9 de Caen Basse Normandie (PhD Dissertation).<\/li>\n<li>Robion-Brunner C. 2008.<a href=\"https:\/\/archive-ouverte.unige.ch\/unige:14874\"> Vers une histoire de la production du fer sur le plateau de Bandiagara (pays dogon, Mali) durant les empires pr\u00e9coloniaux : peuplement des forgerons et traditions sid\u00e9rurgiques<\/a>. Gen\u00e8ve : D\u00e9partement d\u2019anthropologie et d\u2019\u00e9cologie de l\u2019Universit\u00e9 de Gen\u00e8ve (PhD Dissertation).<\/li>\n<\/ul>\n<h4>2007<\/h4>\n<ul>\n<li>Selleger C. 2007. L\u2019exploitation des plantes sauvages comestibles au pays dogon (Mali). Apport de l\u2019ethnobotanique \u00e0 la compr\u00e9hension de l\u2019apparition de l\u2019agriculture en Afrique sah\u00e9lienne. Gen\u00e8ve : D\u00e9partement d\u2019anthropologie et d\u2019\u00e9cologie de l\u2019Universit\u00e9 de Gen\u00e8ve (Master&#8217;s degree).<\/li>\n<li>Traor\u00e9 B. 2007. Cha\u00eene op\u00e9ratoire de la sid\u00e9rurgie ancienne : cas de Fiko (Pays dogon). Bamako : D\u00e9partement d\u2019histoire et d\u2019arch\u00e9ologie de l\u2019Universit\u00e9 du Mali (Master&#8217;s degree).<\/li>\n<\/ul>\n<h4>2006<\/h4>\n<ul>\n<li>Guindo Nana. 2006. Etude typologique et technologique du mat\u00e9riel lithique de Karkarichinkat. Bamako : D\u00e9partement d\u2019Histoire et d\u2019Arch\u00e9ologie de l\u2019Universit\u00e9 du Mali (Bachelor&#8217;s degree).<\/li>\n<li>Tembely O. 2006. Evolution typologique de la c\u00e9ramique protohistorique du site de Kokolo (Ounjougou \u2013 Mali). Bamako : D\u00e9partement d\u2019histoire et d\u2019arch\u00e9ologie de l\u2019Universit\u00e9 du Mali (Master&#8217;s degree).<\/li>\n<\/ul>\n<h4>2005<\/h4>\n<ul>\n<li>Downing A. 2005. L\u2019occupation protohistorique du site du promontoire, Ounjougou (Mali). Gen\u00e8ve : D\u00e9partement d\u2019anthropologie et d\u2019\u00e9cologie de l\u2019Universit\u00e9 de Gen\u00e8ve (Master&#8217;s degree).<\/li>\n<li>Mayor Huysecom A. 2005. <a href=\"http:\/\/archive-ouverte.unige.ch\/unige:16151\">Traditions c\u00e9ramiques et histoire du peuplement dans la Boucle du Niger (Mali) au temps des empires coloniaux.<\/a> Gen\u00e8ve : D\u00e9partement d\u2019anthropologie et d\u2019\u00e9cologie de l\u2019Universit\u00e9 de Gen\u00e8ve (PhD Dissertation).<\/li>\n<\/ul>\n<h4>2004<\/h4>\n<ul>\n<li>Christol A. 2004. Etude des formes et des formations Holoc\u00e8nes du site d\u2019Ounjougou et de la vall\u00e9e du Yam\u00e9 (plateau de Bandiagara, Mali). Rouen : D\u00e9partement de g\u00e9ographie \u2013 LEDRA de l\u2019Universit\u00e9 de Rouen (Master&#8217;s degree).<\/li>\n<li>Guirou D. 2004. Contribution \u00e0 l\u2019\u00e9tude de l\u2019histoire du peuplement et de l\u2019environnement en Pays dogon ; approche botanique : utilisation rationnelles des plantes dans la zone d\u2019Ounjougou. Bamako : D\u00e9partement d\u2019Histoire et d\u2019Arch\u00e9ologie de l\u2019Universit\u00e9 du Mali (Bachelor&#8217;s degree).<\/li>\n<li>Kouti S. 2004. L\u2019industrie lithique du Promontoire N\u00e9olithique (Ounjougou, Mali) : une approche technologique. Gen\u00e8ve : D\u00e9partement d\u2019anthropologie et d\u2019\u00e9cologie de l\u2019Universit\u00e9 de Gen\u00e8ve (Master&#8217;s degree).<\/li>\n<\/ul>\n<h4>2003<\/h4>\n<ul>\n<li>Coulibaly B. 2003. Etude comparative de la c\u00e9ramique de Ounjougou \u00e0 celle de Jenne-Jeno. Bamako : D\u00e9partement d\u2019Histoire et d\u2019Arch\u00e9ologie de l\u2019Universit\u00e9 du Mali (Bachelor&#8217;s degree).<\/li>\n<li>Keita K. 2003. Contribution \u00e0 l\u2019histoire du peuplement du Pays dogon ; relations entre Dogon et Bozo. Bamako : D\u00e9partement d\u2019Histoire et d\u2019Arch\u00e9ologie de l\u2019Universit\u00e9 du Mali (Bachelor&#8217;s degree).<\/li>\n<\/ul>\n<h4>2002<\/h4>\n<ul>\n<li>Guindo N. 2002. L\u2019apparition de l\u2019\u00e9conomie de Production dans le Delta int\u00e9rieur du fleuvre Niger et ses marges. Paris : D\u00e9partement d\u2019Ethnologie, Sociologie comparative, Ethnomusicologie et Pr\u00e9histoire de l\u2019Universit\u00e9 de Paris X \u2013 Nanterre (Master&#8217;s degree).<\/li>\n<li>Hoyle S., 2002. Dating of fluvial deposits from Ounjougou, Mali, using Optically Stimulated Luminescence Techniques. Oxford : Department of Geography of the University of Oxford (Bachelor\u2019s degree).<\/li>\n<li>Schaer K. 2002. Zeichen einer neuen Zeit : ein Mahlstein aus dem 8. Jahrtausend v. Chr. aus Ounjougou (Mali) und sein interpretativer Wert f\u00fcr den Neolithisierungprozess in Westafrika. B\u00e2le : Seminar f\u00fcr Ur- und Fr\u00fchgeschichte der Universit\u00e4t Basel (Master&#8217;s degree).<\/li>\n<\/ul>\n<h4>2001<\/h4>\n<ul>\n<li>Gapa B. B. 2001. Le contexte g\u00e9ologique et p\u00e9dologique de sites du late stone age dans la moyenne vall\u00e9e du Yam\u00e9 (Ounjougou, plateau dogon, Mali). Paris-Grignon : Laboratoire de sciences du sol de l\u2019INA P-G, (DEA degree), 60 p.<\/li>\n<\/ul>\n<h4>2000<\/h4>\n<ul>\n<li>Raeli F. 2000. L\u2019industrie lithique du 8e mill\u00e9naire av. J.-C. \u00e0 Ounjougou (Mali) : \u00e9tude technologique. Gen\u00e8ve : D\u00e9partement d\u2019Anthropologie et d\u2019Ecologie de l\u2019Universit\u00e9 de Gen\u00e8ve (Master&#8217;s degree).<\/li>\n<\/ul>\n<h4>1999<\/h4>\n<ul>\n<li>Coutard S. 1999. \u00c9tude de l\u2019environnement g\u00e9ologique des sites arch\u00e9ologiques holoc\u00e8nes d\u2019Ounjougou, pays dogon, Mali. Paris-Grignon : Laboratoire de sciences du sol de l\u2019INA P-G. (DEA degree).<\/li>\n<li>Van de Velde J. 1999. Relatie tussen houtanatomische karakteristieken en het vegetatietype in de West-Afrikaanse Sahel. Gand : Faculteit Landbouwkundige en toegepaste biologische wetenschappen van het Universiteit Gent (DEA degree).<\/li>\n<\/ul>\n<h2>Dissertations in progress<\/h2>\n<ul>\n<li>De Herdt C. La mouche t\u00e9s-ts\u00e9 et la diffusion de l&#8217;\u00e9levage en Afrique durant la Pr\u00e9histoire (MA).<\/li>\n<li>Jeanbourquin C. La c\u00e9ramique arch\u00e9ologique du tell de Sadia (Mali): une \u00e9tude typo-chronologique pour une meilleure compr\u00e9hension du peuplement en Pays dogon (PhD).<\/li>\n<li>Loukou S. Alinguel (S\u00e9n\u00e9gal): l\u2019\u00e9volution d\u2019un habitat au c\u0153ur des grands empires africains (PhD).<\/li>\n<li>Pelmoine T. Etude ethnoarch\u00e9ologique de l\u2019architecture vernaculaire au S\u00e9n\u00e9gal oriental (PhD).<\/li>\n<li>Perret S. Caract\u00e9risation des techniques sid\u00e9rurgiques en Pays dogon (Mali). Fribourg : D\u00e9partement de g\u00e9osciences de l\u2019Universit\u00e9 de Fribourg (PhD).<\/li>\n<li>Truffa Giachet M. Etude arch\u00e9om\u00e9trique des perles en verre d&#8217;Afrique de l&#8217;Ouest : vers une meilleure compr\u00e9hension des dynamiques techniques et commerciales \u00e0 l&#8217;\u00e9poque des empires pr\u00e9-coloniaux (PhD).<\/li>\n<\/ul>\n<\/div>\n","protected":false},"excerpt":{"rendered":"<p>2019 Truffa Giachet, M. 2019. Etude arch\u00e9om\u00e9trique des perles en verre d&#8217;Afrique de l&#8217;Ouest : vers une meilleure compr\u00e9hension des dynamiques techniques et commerciales \u00e0 l&#8217;\u00e9poque des empires pr\u00e9-coloniaux. Gen\u00e8ve: Unit\u00e9 d&#8217;anthropologie, D\u00e9partement de G\u00e9n\u00e9tique et Evolution de l&#8217;Universit\u00e9 de<span class=\"ellipsis\">&hellip;<\/span><\/p>\n<div class=\"read-more\"><a href=\"https:\/\/www.ounjougou.org\/en\/publications\/dissertations-masters-phd\/\">Read more &#8250;<\/a><\/div>\n<p><!-- end of .read-more --><\/p>\n","protected":false},"author":1,"featured_media":0,"parent":12,"menu_order":0,"comment_status":"closed","ping_status":"closed","template":"page-accueil.php","meta":{"footnotes":""},"_links":{"self":[{"href":"https:\/\/www.ounjougou.org\/en\/wp-json\/wp\/v2\/pages\/261"}],"collection":[{"href":"https:\/\/www.ounjougou.org\/en\/wp-json\/wp\/v2\/pages"}],"about":[{"href":"https:\/\/www.ounjougou.org\/en\/wp-json\/wp\/v2\/types\/page"}],"author":[{"embeddable":true,"href":"https:\/\/www.ounjougou.org\/en\/wp-json\/wp\/v2\/users\/1"}],"replies":[{"embeddable":true,"href":"https:\/\/www.ounjougou.org\/en\/wp-json\/wp\/v2\/comments?post=261"}],"version-history":[{"count":5,"href":"https:\/\/www.ounjougou.org\/en\/wp-json\/wp\/v2\/pages\/261\/revisions"}],"predecessor-version":[{"id":1071,"href":"https:\/\/www.ounjougou.org\/en\/wp-json\/wp\/v2\/pages\/261\/revisions\/1071"}],"up":[{"embeddable":true,"href":"https:\/\/www.ounjougou.org\/en\/wp-json\/wp\/v2\/pages\/12"}],"wp:attachment":[{"href":"https:\/\/www.ounjougou.org\/en\/wp-json\/wp\/v2\/media?parent=261"}],"curies":[{"name":"wp","href":"https:\/\/api.w.org\/{rel}","templated":true}]}}