{"id":231,"date":"2013-09-25T10:55:59","date_gmt":"2013-09-25T09:55:59","guid":{"rendered":"http:\/\/www.ounjougou.org\/en\/?page_id=231"},"modified":"2013-09-25T10:55:59","modified_gmt":"2013-09-25T09:55:59","slug":"farabana","status":"publish","type":"page","link":"https:\/\/www.ounjougou.org\/en\/projects\/senegal\/archaeology\/farabana\/","title":{"rendered":"Farabana"},"content":{"rendered":"<div id=\"attachment_484\" style=\"width: 209px\" class=\"wp-caption alignright\"><a href=\"http:\/\/www.ounjougou.org\/en\/wp-content\/uploads\/sites\/3\/2013\/09\/Farabana-1.jpg\"><img aria-describedby=\"caption-attachment-484\" decoding=\"async\" loading=\"lazy\" class=\"size-full wp-image-484\" alt=\"The cannons of Farabana. Photo N. Spuhler\" src=\"http:\/\/www.ounjougou.org\/en\/wp-content\/uploads\/sites\/3\/2013\/09\/Farabana-1.jpg\" width=\"199\" height=\"300\" \/><\/a><\/p>\n<p id=\"caption-attachment-484\" class=\"wp-caption-text\">The cannons of Farabana. Photo N. Spuhler<\/p>\n<\/div>\n<p>A reconnaissance mission in December 1998-January 1999 in the Sanoukhol\u00e9 Valley led to the unexpected discovery of a group of cast-iron cannons older than the colonial period, deposited in the village of Farabana on the Malian side of the Fal\u00e9m\u00e9. The recent expansion of our program in the Fal\u00e9m\u00e9 Valley has allowed us to return to this village and to further investigate this discovery.<\/p>\n<h4><b>Currently visible remains<\/b><\/h4>\n<p>During survey in 2012, we found five cast-iron cannons on the village plaza and two others in the concession of a family of a person of note. These cannons are all of mass class 1 (1 pound), their diameter at the muzzle measuring 53 mm. They belong to two different types. The first, with an average length of 136 cm and obviously the older, has the monograms XL and HB on the plates of the chase (tenon), the muzzle and breech button both molded, like the first and second reinforces with molded double bands and the reinforces of the cascabel (vol\u00e9e) and breech (culasse). The second type, slightly longer at 147 cm and perhaps more recent, is decorated with three fleur de lys on the barrel and the initials CI engraved on each side of the bore channel (canal de mise \u00e0 feu). The initials CI may refer to the East India Company (Compagnie des Indes).<\/p>\n<p>The inhabitants then took us 500 m north of the village to a small building in ruins, apparently square, 13 m to a side and 1.50 min preserved height. In their view, the cannons were removed from this building by Faidherbe in 1858.<\/p>\n<h4><b>European explorations prior to French arrival ?<\/b><\/h4>\n<p>Such early installations of Europeans in the continental interior, prior to colonization, are very little documented and structures unknown. They are not, however, the oldest in this region. Indeed, authors have repeatedly suggested a Portuguese presence in the border zone between Mali and Senegal during the 15<sup>th<\/sup> and 16<sup>th<\/sup> centuries. Assertion of such an early Portuguese presence in the heart of Africa, particularly in the Sanoukhol\u00e9 Valley, was only hypothetical and based mainly on the interpretation of early maps \u2013 mostly French and dating to the 17<sup>th<\/sup> century \u2013 and on accounts of the authors referring to one another for more than three centuries, with no specific source ever cited.<\/p>\n<div id=\"attachment_486\" style=\"width: 310px\" class=\"wp-caption alignleft\"><a href=\"http:\/\/www.ounjougou.org\/en\/wp-content\/uploads\/sites\/3\/2013\/09\/Farabana-2.jpg\"><img aria-describedby=\"caption-attachment-486\" decoding=\"async\" loading=\"lazy\" class=\"size-full wp-image-486\" alt=\"Investigating in Farabana. Photo N. Spuhler\" src=\"http:\/\/www.ounjougou.org\/en\/wp-content\/uploads\/sites\/3\/2013\/09\/Farabana-2.jpg\" width=\"300\" height=\"199\" \/><\/a><\/p>\n<p id=\"caption-attachment-486\" class=\"wp-caption-text\">Investigating in Farabana. Photo N. Spuhler<\/p>\n<\/div>\n<p>During our survey mission, an archaeological discovery and an oral tradition survey in the village of Farabana reopened the debate. First, on the surface of two sites found during field survey, we discovered two stone cannonballs marked by percussion impact, one of which is very likely to be of imported rock. The first is calibrated to 2 pounds (70 mm, 474 g) and the other to 1 pound (52 mm, 232 g). This kind of stone projectile, gradually abandoned during the last third of the 15<sup>th<\/sup> century and replaced by cast-iron cannonballs, may with reservation be the earliest material evidence of the presence of Westerners in the interior during the Age of Discovery. From our survey with the griot Kono Diabat\u00e9 from Farabana, we also learned that, according to the people, two &#8220;white races&#8221; successively came to this area before colonization by General Faidherbe: the Portugeuse and then the French.<\/p>\n<p><a href=\"http:\/\/ua.unige.ch\/fr\/personne\/erichuysecom\/\">Eric Huysecom<\/a><\/p>\n","protected":false},"excerpt":{"rendered":"<p>A reconnaissance mission in December 1998-January 1999 in the Sanoukhol\u00e9 Valley led to the unexpected discovery of a group of cast-iron cannons older than the colonial period, deposited in the village of Farabana on the Malian side of the Fal\u00e9m\u00e9.<span class=\"ellipsis\">&hellip;<\/span><\/p>\n<div class=\"read-more\"><a href=\"https:\/\/www.ounjougou.org\/en\/projects\/senegal\/archaeology\/farabana\/\">Read more &#8250;<\/a><\/div>\n<p><!-- end of .read-more --><\/p>\n","protected":false},"author":1,"featured_media":0,"parent":24,"menu_order":0,"comment_status":"closed","ping_status":"closed","template":"page-accueil.php","meta":{"footnotes":""},"_links":{"self":[{"href":"https:\/\/www.ounjougou.org\/en\/wp-json\/wp\/v2\/pages\/231"}],"collection":[{"href":"https:\/\/www.ounjougou.org\/en\/wp-json\/wp\/v2\/pages"}],"about":[{"href":"https:\/\/www.ounjougou.org\/en\/wp-json\/wp\/v2\/types\/page"}],"author":[{"embeddable":true,"href":"https:\/\/www.ounjougou.org\/en\/wp-json\/wp\/v2\/users\/1"}],"replies":[{"embeddable":true,"href":"https:\/\/www.ounjougou.org\/en\/wp-json\/wp\/v2\/comments?post=231"}],"version-history":[{"count":0,"href":"https:\/\/www.ounjougou.org\/en\/wp-json\/wp\/v2\/pages\/231\/revisions"}],"up":[{"embeddable":true,"href":"https:\/\/www.ounjougou.org\/en\/wp-json\/wp\/v2\/pages\/24"}],"wp:attachment":[{"href":"https:\/\/www.ounjougou.org\/en\/wp-json\/wp\/v2\/media?parent=231"}],"curies":[{"name":"wp","href":"https:\/\/api.w.org\/{rel}","templated":true}]}}