{"id":167,"date":"2013-09-24T21:02:28","date_gmt":"2013-09-24T20:02:28","guid":{"rendered":"http:\/\/www.ounjougou.org\/en\/?page_id=167"},"modified":"2013-09-24T21:02:28","modified_gmt":"2013-09-24T20:02:28","slug":"ravin-des-guepiers-and-fatandi-v","status":"publish","type":"page","link":"https:\/\/www.ounjougou.org\/en\/projects\/senegal\/archaeology\/ravin-des-guepiers-and-fatandi-v\/","title":{"rendered":"Palaeolithic"},"content":{"rendered":"<h4>The Palaeolithic of the Fal\u00e9m\u00e9 Valley<\/h4>\n<div id=\"attachment_442\" style=\"width: 242px\" class=\"wp-caption alignleft\"><a href=\"http:\/\/www.ounjougou.org\/en\/wp-content\/uploads\/sites\/3\/2013\/09\/Pal\u00e9o1.jpg\"><img aria-describedby=\"caption-attachment-442\" decoding=\"async\" loading=\"lazy\" class=\"size-full wp-image-442\" alt=\"Ravin des Gu\u00eapiers. Lithic industry.\" src=\"http:\/\/www.ounjougou.org\/en\/wp-content\/uploads\/sites\/3\/2013\/09\/Pal\u00e9o1.jpg\" width=\"232\" height=\"300\" \/><\/a><\/p>\n<p id=\"caption-attachment-442\" class=\"wp-caption-text\">Ravin des Gu\u00eapiers. Lithic industry.<\/p>\n<\/div>\n<p>Several studies in the Fal\u00e9m\u00e9 Valley in the 1970s-1980s by A. Camara and B. Duboscq led to the recognition of Palaeolithic occupations from different periods and cultures (bifacial shaping, knapping, foliate pieces, etc.) (Camara, Duboscq, 1984, 1987, 1990). However, no direct dates were obtained and as a result, no clear chronological framework is available to understand the chronocultural succession and patterns of occupation in the region.<\/p>\n<p>It is in this context, and in comparison with Ounjougou (Mali), the only reference sequence in West Africa, that we have developed since 2012 our work on the Palaeolithic in the Fal\u00e9m\u00e9 Valley. Our aim is to construct a second chronostratigraphic sequence exploitable in terms of settlement dynamics. Indeed, the proximity of the Saharan and Sahelian bands raises questions regarding human adaptive behaviors faced with changes in humidity and aridity in their environment. At Ounjougou for example, the lack of occupations during isotopic stage 2, particularly dry (Rasse <i>et al.<\/i>, 2004; Soriano <i>et al.<\/i>, 2010), has been noted. The position of the Fal\u00e9m\u00e9 further south and its pattern of occupation (continuous or discontinuous?) is an element of discussion in the issues related to the persistence of settlement and the mobility of human groups.<\/p>\n<p>Our field surveys, mainly in 2012 and 2013 between Gouloungina and Tomboura, have identified several dozen sites with lithic artifacts, especially in stratigraphic context. Such wealth leads to hopes of technical, cultural and chronological information of high quality.<\/p>\n<p>Among the surveyed sites, the Ravin des Gu\u00eapiers and Fatandi V have now been tested and excavated. The first, exposed by intense erosion in a relatively thick sedimentary sequence, has yielded a small lithic assemblage highly localized stratigraphically and characterized by simple knapping sequences. After sampling in February 2013, OSL dating of the sequence is in progress.<\/p>\n<div id=\"attachment_452\" style=\"width: 310px\" class=\"wp-caption alignright\"><a href=\"http:\/\/www.ounjougou.org\/en\/wp-content\/uploads\/sites\/3\/2013\/09\/Pal\u00e9o2.jpg\"><img aria-describedby=\"caption-attachment-452\" decoding=\"async\" loading=\"lazy\" class=\"size-full wp-image-452\" alt=\"Fatandi V. View of the lithic assemblage, being dismanteled by erosion.\" src=\"http:\/\/www.ounjougou.org\/en\/wp-content\/uploads\/sites\/3\/2013\/09\/Pal\u00e9o2.jpg\" width=\"300\" height=\"282\" \/><\/a><\/p>\n<p id=\"caption-attachment-452\" class=\"wp-caption-text\">Fatandi V. View of the lithic assemblage, being dismanteled by erosion.<\/p>\n<\/div>\n<p>For Fatandi V, plans of the knapping debris concentration visible on the surface were made in 2012. These led in particular to the identification Levallois and blade production for which the question of their association remains. Excavation of a 30 m long trench in 2013 focused on excavation of a concentration being dismantled and recognition of the archaeological and chronostratigraphic potential. This enabled clarification of our taphonomic hypotheses and the discovery of a rich new and uneroded lithic concentration. Its excavation is in progress and will be extensively excavated in 2014. Levallois and blade production have been identified, associated with less elaborate reduction processes. Initial sampling for OSL dating has been done.<\/p>\n<p>Finally, coarse formations at Alinguel, Ravin des Gu\u00eapiers, Sansand\u00e9 and Lalli have yielded many artifacts that appear archaic (bifacial pieces, discoidal cores, large Levallois flakes, simple reduction sequences, etc.), although all have been rolled. Identification of some of these artifacts in stratigraphic context and sampling for OSL dating of silty or sandy horizons may make it possible to obtain direct chronostratigraphic information for these industries for the first time in West Africa.<\/p>\n<p><a href=\"http:\/\/ua.unige.ch\/fr\/personne\/benoitchevrier\/\">Beno\u00eet Chevrier<\/a><\/p>\n<p>Bibliography<\/p>\n<p>CAMARA, A.; DUBOSCQ, B.; 1984: Le gisement pr\u00e9historique de Sansand\u00e9, basse vall\u00e9e de la Fal\u00e9m\u00e9, S\u00e9n\u00e9gal. Approche typologique et stratigraphique. L\u2019Anthropologie, t. 88, n\u00b0 3, pp. 377-402.<\/p>\n<p>CAMARA, A.; DUBOSCQ, B.; 1987: Contexte chronostratigraphique des outillages du Pal\u00e9olithique \u00e9volu\u00e9 dans l\u2019Est du S\u00e9n\u00e9gal. L\u2019Anthropologie, t. 91, n\u00b0 2, pp. 511-520.<\/p>\n<p>CAMARA, A.; DUBOSCQ, B.; 1990: La fouille d\u2019un site acheul\u00e9en \u00e0 Djita (basse vall\u00e9e de la Fal\u00e9m\u00e9, S\u00e9n\u00e9gal). L\u2019Anthropologie, t. 94, n\u00b0 2, pp. 293\u2013304.<\/p>\n<p>RASSE, M.; SORIANO, S.; TRIBOLO, C.; STOKES, S.; HUYSECOM, E.; 2004: La s\u00e9quence pl\u00e9istoc\u00e8ne sup\u00e9rieur d\u2019Ounjougou (Pays Dogon, Mali): \u00e9volution g\u00e9omorphologique, enregistrements s\u00e9dimentaires et changements culturels. Quaternaire, vol. 15, n\u00b0 4, pp. 329-341.<\/p>\n<p>SORIANO, S.; RASSE, M.; TRIBOLO, C.; HUYSECOM, \u00c9.; 2010: Ounjougou (Pays dogon, Mali): une s\u00e9quence \u00e0 haute r\u00e9solution pour le Pal\u00e9olithique moyen d\u2019Afrique sah\u00e9lienne. Afrique: Arch\u00e9ologies &amp; Arts, vol. 6, pp. 49-66.<\/p>\n","protected":false},"excerpt":{"rendered":"<p>The Palaeolithic of the Fal\u00e9m\u00e9 Valley Several studies in the Fal\u00e9m\u00e9 Valley in the 1970s-1980s by A. Camara and B. Duboscq led to the recognition of Palaeolithic occupations from different periods and cultures (bifacial shaping, knapping, foliate pieces, etc.) (Camara,<span class=\"ellipsis\">&hellip;<\/span><\/p>\n<div class=\"read-more\"><a href=\"https:\/\/www.ounjougou.org\/en\/projects\/senegal\/archaeology\/ravin-des-guepiers-and-fatandi-v\/\">Read more &#8250;<\/a><\/div>\n<p><!-- end of .read-more --><\/p>\n","protected":false},"author":1,"featured_media":0,"parent":24,"menu_order":0,"comment_status":"closed","ping_status":"closed","template":"page-accueil.php","meta":{"footnotes":""},"_links":{"self":[{"href":"https:\/\/www.ounjougou.org\/en\/wp-json\/wp\/v2\/pages\/167"}],"collection":[{"href":"https:\/\/www.ounjougou.org\/en\/wp-json\/wp\/v2\/pages"}],"about":[{"href":"https:\/\/www.ounjougou.org\/en\/wp-json\/wp\/v2\/types\/page"}],"author":[{"embeddable":true,"href":"https:\/\/www.ounjougou.org\/en\/wp-json\/wp\/v2\/users\/1"}],"replies":[{"embeddable":true,"href":"https:\/\/www.ounjougou.org\/en\/wp-json\/wp\/v2\/comments?post=167"}],"version-history":[{"count":0,"href":"https:\/\/www.ounjougou.org\/en\/wp-json\/wp\/v2\/pages\/167\/revisions"}],"up":[{"embeddable":true,"href":"https:\/\/www.ounjougou.org\/en\/wp-json\/wp\/v2\/pages\/24"}],"wp:attachment":[{"href":"https:\/\/www.ounjougou.org\/en\/wp-json\/wp\/v2\/media?parent=167"}],"curies":[{"name":"wp","href":"https:\/\/api.w.org\/{rel}","templated":true}]}}