{"id":140,"date":"2013-09-20T17:22:55","date_gmt":"2013-09-20T16:22:55","guid":{"rendered":"http:\/\/www.ounjougou.org\/en\/?page_id=140"},"modified":"2019-11-13T15:12:55","modified_gmt":"2019-11-13T14:12:55","slug":"project-members","status":"publish","type":"page","link":"https:\/\/www.ounjougou.org\/en\/project-members\/","title":{"rendered":"Project members"},"content":{"rendered":"<h2><a href=\"http:\/\/www.ounjougou.org\/fr\/projets\/senegal\/\">Faleme &#8211; Senegal (project ongoing since 2011)<\/a><\/h2>\n<h3>General coordination of the programme:<\/h3>\n<p><a>Eric Huysecom<\/a>, Professor at <a href=\"http:\/\/ua.unige.ch\/fr\/apa\/\">Laboratoire Arch\u00e9ologie et Peuplement de l&#8217;Afrique at the Anthropology Unit of the Department of Genetics and Evolution<\/a> at the University of Geneva (Switzerland).<\/p>\n<h3>Institutional collaboration:<\/h3>\n<p><a>Senegal<\/a>: Cheikh Anta Diop University, Dakar (UCAD); Fundamental Institute of Black Africa, Dakar (IFAN); Museum of Black Civilizations, Dakar (MCN).<br \/>\n<a>Mali<\/a>: Institute of Human Sciences (ISH); National Centre for Scientific and Technical Research (CNRST); Kayes Cultural Mission (MCK).<br \/>\n<a>Switzerland<\/a>: University of Geneva (UniGe) ; Federal Institute of Technology Zurich (ETHZ) ; University of Fribourg (UniFr)<br \/>\n<a>France<\/a>: University of Paris XII &#8211; Cr\u00e9teil; University of Bordeaux Montaigne; Universit\u00e9 Lumi\u00e8re of Lyon 2; University of Angers, University of Paris X- Nanterre;<br \/>\n<a>Germany<\/a>: Johann Wolfgang Goethe-Universit\u00e4t, Frankfurt.<\/p>\n<h4>Archaeological team, Paleolithic thematic:<\/h4>\n<ul>\n<li><a href=\"http:\/\/ua.unige.ch\/fr\/personne\/katjadouze\/\">Katja Douze<\/a>, <a href=\"http:\/\/ua.unige.ch\/fr\/apa\/\">Laboratoire Arch\u00e9ologie et Peuplement de l&#8217;Afrique, Anthropology Unit of the Department of Genetics and Evolution<\/a>, University of Geneva (Switzerland).<\/li>\n<li><a href=\"https:\/\/www.researchgate.net\/profile\/Matar_Ndiaye4\/research\">Matar Ndiaye<\/a><a href=\"http:\/\/ifan.ucad.sn\/index.php?option=com_content&amp;task=view&amp;id=31&amp;Itemid=68\">Intitut Fondamental d&#8217;Afrique Noire<\/a> (IFAN), Cheikh Anta Diop University (UCAD), Dakar, Senegal.<\/li>\n<li><a href=\"http:\/\/ua.unige.ch\/fr\/personne\/erichuysecom\/\">Eric Huysecom<\/a>, <a href=\"http:\/\/ua.unige.ch\/fr\/apa\/\">Laboratoire Arch\u00e9ologie et Peuplement de l&#8217;Afrique, Anthropology Unit of the Department of Genetics and Evolution<\/a>, University of Geneva (Switzerland).<\/li>\n<li><a href=\"https:\/\/www.researchgate.net\/profile\/Viola_C_Schmid\">Viola Schmid<\/a>, University of T\u00fcbingen.<\/li>\n<li><a href=\"https:\/\/www.researchgate.net\/profile\/Luca_Pollarolo\">Luca Pollarolo<\/a>, <a href=\"http:\/\/ua.unige.ch\/fr\/apa\/\">Laboratoire Arch\u00e9ologie et Peuplement de l&#8217;Afrique, Anthropology Unit of the Department of Genetics and Evolution<\/a>, University of Geneva (Switzerland).<\/li>\n<\/ul>\n<p><em>In the past have also contributed:<\/em><\/p>\n<ul>\n<li>Abdoulaye Camara, <a href=\"http:\/\/ua.unige.ch\/fr\/personne\/benoitchevrier\/\">Beno\u00eet Chevrier<\/a>, Alice Leplongeon, Mar\u00eda Lorenzo Martinez.<\/li>\n<\/ul>\n<h4>Archaeological team, Protohistory, Ancient History and Ethnoarchaeology:<\/h4>\n<ul>\n<li><a href=\"http:\/\/ua.unige.ch\/fr\/personne\/annemayor\/\">Anne Mayor<\/a>, <a href=\"http:\/\/ua.unige.ch\/fr\/apa\/\">Laboratoire Arch\u00e9ologie et Peuplement de l&#8217;Afrique, Anthropology Unit of the Department of Genetics and Evolution<\/a>, University of Geneva (Switzerland).<\/li>\n<li><a href=\"http:\/\/ua.unige.ch\/fr\/personne\/celinecervera\/\">C\u00e9line Cervera<\/a>, <a href=\"http:\/\/ua.unige.ch\/fr\/apa\/\">Laboratoire Arch\u00e9ologie et Peuplement de l&#8217;Afrique, Anthropology Unit of the Department of Genetics and Evolution<\/a>, University of Geneva (Switzerland).<\/li>\n<li><a href=\"http:\/\/ua.unige.ch\/fr\/personne\/erichuysecom\/\">Eric Huysecom<\/a>, <a href=\"http:\/\/ua.unige.ch\/fr\/apa\/\">Laboratoire Arch\u00e9ologie et Peuplement de l&#8217;Afrique, Anthropology Unit of the Department of Genetics and Evolution<\/a>, University of Geneva (Switzerland).<\/li>\n<li><a href=\"http:\/\/ua.unige.ch\/fr\/personne\/pierrelamotte\/\">Pierre Lamotte<\/a>, <a href=\"http:\/\/ua.unige.ch\/fr\/apa\/\">Laboratoire Arch\u00e9ologie et Peuplement de l&#8217;Afrique, Anthropology Unit of the Department of Genetics and Evolution<\/a>, University of Geneva (Switzerland).<\/li>\n<li><a href=\"http:\/\/ua.unige.ch\/fr\/personne\/thomaspelmoine\/\">Thomas Pelmoine<\/a>, <a href=\"http:\/\/ua.unige.ch\/fr\/apa\/\">Laboratoire Arch\u00e9ologie et Peuplement de l&#8217;Afrique, Anthropology Unit of the Department of Genetics and Evolution<\/a>, University of Geneva (Switzerland).<\/li>\n<li>N\u00e9ma Guindo, Department of History and Archaeology, University of Bamako, Mali.<\/li>\n<li>Vincent Serneels, <a href=\"http:\/\/www.unifr.ch\/science\/fr\/etudes\/domaines\/geosciences\/sciencesterre\">Department of Geosciences<\/a>, University of Fribourg.<\/li>\n<li><a href=\"http:\/\/ua.unige.ch\/fr\/personne\/jacquesaymeric\/\">Jacques Aymeric<\/a>, <a href=\"http:\/\/ua.unige.ch\/fr\/apa\/\">Laboratoire Arch\u00e9ologie et Peuplement de l&#8217;Afrique, Anthropology Unit of the Department of Genetics and Evolution<\/a>, University of Geneva (Switzerland).<\/li>\n<li><a href=\"http:\/\/ua.unige.ch\/fr\/personne\/miriamtruffagiachet\/\">Miriam Truffa-Giachet<\/a>, <a href=\"http:\/\/ua.unige.ch\/fr\/apa\/\">Laboratoire Arch\u00e9ologie et Peuplement de l&#8217;Afrique, Anthropology Unit of the Department of Genetics and Evolution<\/a>, University of Geneva (Switzerland).<\/li>\n<li><a href=\"https:\/\/www.researchgate.net\/profile\/Nadia_Cantin\">Nadia Cantin<\/a>, <a href=\"http:\/\/www.iramat-crp2a.cnrs.fr\/spip\/spip.php?article1\">Laboratoire IRAMAT-CRP2A<\/a>, CNRS, Universit\u00e9 de Bordeaux Montaigne, France.<\/li>\n<li>Hamady Bocoum, <a href=\"http:\/\/ifan.ucad.sn\/index.php?option=com_content&amp;task=view&amp;id=31&amp;Itemid=68\">Black African Fundamental Institute<\/a> (IFAN), Cheikh Anta Diop University (UCAD), Dakar, Senegal, Director of the Museum of Black Civilizations (M.C.N).<\/li>\n<li><a href=\"http:\/\/ua.unige.ch\/fr\/personne\/julienvieugue\/\">Julien Vieugu\u00e9<\/a>, <a href=\"http:\/\/ua.unige.ch\/fr\/apa\/\">Laboratoire Arch\u00e9ologie et Peuplement de l&#8217;Afrique, Anthropology Unit of the Department of Genetics and Evolution<\/a>, University of Geneva (Switzerland).<\/li>\n<\/ul>\n<p><em>In the past have also contributed: <\/em><\/p>\n<ul>\n<li>Serge Loukou, Amy Sonko, Nd\u00e8ye Sokhna Gueye \u2020, Alexander Walmsley, Margaux Chappuis, Mamoudou Diallo, Gu\u00e9mou Kassogu\u00e9, Fatoumata Dykel Sankar\u00e9, Cheikh Oumar Kant\u00e9, Kl\u00e9na Sanogo, Boubacar D. Traor\u00e9, Oumar Sy.<\/li>\n<h4>Paleo-environmental Team, Archaeobotany, Archaeozoology, Geomorphology:<\/h4>\n<ul>\n<li>Michel Rasse, <a href=\"http:\/\/www.archeorient.mom.fr\/\">Laboratoire Arch\u00e9orient<\/a>, Universit\u00e9 Lumi\u00e8re of Lyon 2, France<\/li>\n<li>Laurent Lespez, University of Paris Est &#8211; Cr\u00e9teil.<\/li>\n<li><a href=\"https:\/\/www.lgp.cnrs.fr\/spip\/spip.php?article42\">Aline Garnier<\/a> University of Paris Est &#8211; Cr\u00e9teil.<\/li>\n<li>Sarah Davidoux, University of Paris Est &#8211; Cr\u00e9teil.<\/li>\n<li><a href=\"http:\/\/ua.unige.ch\/fr\/personne\/patriciachiquet\/\">Patricia Chiquet<\/a>, <a href=\"http:\/\/ua.unige.ch\/fr\/apa\/\">Laboratoire Arch\u00e9ologie et Peuplement de l&#8217;Afrique, Anthropology Unit of the Department of Genetics and Evolution<\/a>, University of Geneva (Switzerland).<\/li>\n<li><a href=\"https:\/\/www.researchgate.net\/profile\/Louis_Champion\">Louis Champion<\/a>, <a href=\"http:\/\/ua.unige.ch\/fr\/apa\/\">Laboratoire Arch\u00e9ologie et Peuplement de l&#8217;Afrique, Anthropology Unit of the Department of Genetics and Evolution<\/a>, University of Geneva (Switzerland).\n<li>Camille Ollier, E.N.S., University Lumi\u00e8re of Lyon 2, France<\/li>\n<\/ul>\n<p><em>In the past have also contributed: <\/em><\/p>\n<ul>\n<li>Aziz Ballouche, Louis Chaix, Fatima Mokadem, Cl\u00e9ment Virmoux.<\/li>\n<\/ul>\n<h4>Chronology Team:<\/h4>\n<ul>\n<li><a href=\"https:\/\/web-ast.dsi.cnrs.fr\/l3c\/owa\/personnel.frame_infos?p_etat=pe&amp;p_numero_sel=996952&amp;p_i=0&amp;p_nb_res=0&amp;p_nb_numero=0\">Chantal Tribolo<\/a> (OSL, TL), <a href=\"http:\/\/www.iramat-crp2a.cnrs.fr\/spip\/spip.php?article1\">Laboratoire IRAMAT-CRP2A<\/a>, CNRS, Universit\u00e9 de Bordeaux Montaigne, France.<\/li>\n<li><a href=\"http:\/\/www.iramat-crp2a.cnrs.fr\/spip\/spip.php?article1\">Norbert Mercier<\/a> (OSL), <a href=\"http:\/\/www.iramat-crp2a.cnrs.fr\/spip\/spip.php?article1\">Laboratoire IRAMAT-CRP2A<\/a>, CNRS, University of Bordeaux-Montaigne, France.<\/li>\n<li><a href=\"http:\/\/www.ams.ethz.ch\/people\/staff\/Hajdas\">Irka Hajdas (14C), <\/a><a href=\"http:\/\/www.ams.ethz.ch\/\">Laboratory of Ion Beam Physics<\/a><a href=\"http:\/\/www.ams.ethz.ch\/people\/staff\/Hajdas\">, Eidgen\u00f6ssische Technische Hochschule, Z\u00fcrich (ETH-Z)<\/a><\/li>\n<\/ul>\n<p><em>In the past have also contributed: <\/em><\/p>\n<ul>\n<li>Brice Lebrun (OSL)<\/li>\n<\/ul>\n<h2><a href=\"http:\/\/www.ounjougou.org\/fr\/projets\/iles-eotile\/\">Eotil\u00e9 &#8211; C\u00f4te d&#8217;Ivoire (project in progress since 2016)<\/a><\/h2>\n<h3>General program coordination:<\/h3>\n<li><a>Eric Huysecom<\/a>, Professor at <a href=\"http:\/\/ua.unige.ch\/fr\/apa\/\"> Anthropology Unit of the Department of Genetics and Evolution<\/a>, University of Geneva (Switzerland), and H\u00e9l\u00e8ne Kienon-Kabor\u00e9, Department of Archaeology of the Institute of Anthropological Development Sciences, F\u00e9lix Houphou\u00ebt-Boigny University, Abidjan, Ivory Coast.<\/li>\n<h3>Institutional collaboration:<\/h3>\n<li><a>Ivory Coast<\/a>: F\u00e9lix-Houphou\u00ebt-Boigny University, Abidjan (UFHB); Swiss Centre for Scientific Research in C\u00f4te d&#8217;Ivoire, Yopougon (CSRS).<\/li>\n<li><a>Switzerland<\/a>: University of Geneva (UniGe)<\/li>\n<h4>Archeological team:<\/h4>\n<ul>\n<li><a href=\"http:\/\/ua.unige.ch\/fr\/personne\/erichuysecom\/\">Eric Huysecom<\/a>, <a href=\"http:\/\/ua.unige.ch\/fr\/apa\/\">Laboratoire Arch\u00e9ologie et Peuplement de l&#8217;Afrique, Anthropology Unit of the Department of Genetics and Evolution<\/a>, University of Geneva (Switzerland).<\/li>\n<li><a href=\"http:\/\/ua.unige.ch\/fr\/personne\/sergeloukou\/\">Serge Loukou<\/a>,<a href=\"http:\/\/ua.unige.ch\/fr\/apa\/\">Laboratoire Arch\u00e9ologie et Peuplement de l&#8217;Afrique, Anthropology Unit of the Department of Genetics and Evolution<\/a>, University of Geneva (Switzerland).<\/li>\n<li>H\u00e9l\u00e8ne Kienon-Kabor\u00e9<\/li>\n<li>Sylvain Kouakou<\/li>\n<\/ul>\n<h2><a href=\"http:\/\/www.ounjougou.org\/fr\/projets\/mali\/\">Pays Dogon &#8211; Mali (project completed, 1997-2012)<\/a><\/h2>\n<h3>General coordination of the programme:<\/h3>\n<p>\t<a>Eric Huysecom<\/a>, Professor at <a href=\"http:\/\/ua.unige.ch\/fr\/apa\/\">Laboratoire Arch\u00e9ologie et Peuplement de l&#8217;Afrique at the Anthropology Unit of the Department of Genetics and Evolution<\/a> at the University of Geneva (Switzerland).<\/p>\n<h3>Institutional collaboration:<\/h3>\n<p>\t<a>Mali<\/a>: Institute of Human Sciences (ISH); University of Bamako (FLASH); National Centre for Scientific and Technical Research (CNRST); Bandiagara Cultural Mission (MCB).<br \/>\n\t<a>Switzerland<\/a>: University of Geneva (UniGe); University of Fribourg (UniFr).<br \/>\n\t<a>France<\/a>: University of Paris X- Nanterre, University of Caen, University of Rouen, University of Bordeaux, University of Angers.<br \/>\n\t<a>Belgium<\/a>: Afrika Museum, Tervuren.<br \/>\n\t<a>Germany<\/a>: Johann Wolfgang Goethe-Universit\u00e4t, Frankfurt; Rautenstrauch-Joest Museum, Cologne.<br \/>\n\t<a>Great Britain<\/a>: University of Oxford, Oxford.<\/p>\n<h4>Archaeological team, Paleolithic thematic:<\/h4>\n<p>\tEric Bo\u00ebda, Sylvain Soriano, Aline Robert, Katja Schaer, Louis de Weyer, <a href=\"http:\/\/ua.unige.ch\/fr\/personne\/erichuysecom\/\">Eric Huysecom<\/a>.<\/p>\n<h4>Archeological team, Epipaleolithic and Neolithic theme:<\/h4>\n<p>\t<a href=\"http:\/\/ua.unige.ch\/fr\/personne\/erichuysecom\/\">Eric Huysecom<\/a>, Sylvain Ozainne, Francesco Raeli, Souad Kouti, Jocelyne Desideri.<\/p>\n<h4>Archaeological team, thematic Archaeometallurgy and Ethnometallurgy:<\/h4>\n<p>Caroline Robion-Brunner, Vincent Serneels, S\u00e9bastien Perret, Eric Huysecom, Rapha\u00eblle Soulignac, Boubacar D. Traor\u00e9.<\/p>\n<h4>Archaeological team, Protohistory and Ancient History theme:<\/h4>\n<p>\t<a href=\"http:\/\/ua.unige.ch\/fr\/personne\/annemayor\/\">Anne Mayor<\/a>, <a href=\"http:\/\/ua.unige.ch\/fr\/personne\/erichuysecom\/\">Eric Huysecom<\/a>, Sylvain Ozainne, <a href=\"http:\/\/ua.unigech\/fr\/personne\/mariecanetti\/\">Marie Canetti<\/a>, N\u00e9ma Guindo, Daouda Ke\u00efta, Chrystel Jeanbourquin, Ileina Colaizzi, Laurence Cappa, Nafogo Coulibaly, Amba\u00e9r\u00e9 Andr\u00e9 Temb\u00e9ly \u2020, Alexander Downing, Doulaye Konat\u00e9, Ousmane Sow, Aur\u00e9lie Terrier, Messac Poudiougo, <a href=\"http:\/\/uaunige.ch\/en\/personne\/sergeloukou\/\">Serge Loukou<\/a>, Kl\u00e9na Sanogo, Adama Demb\u00e9l\u00e9.<\/p>\n<h4>Archaeological team, Ethnoarchaeology, Ethnology and Linguistics:<\/h4>\n<p>\tAnne Mayor, Alain Gallay, Nadia Cantin, Elena Burri, Roger Blench, Denis Douyon, Camille Selleger, Heidrun Mezger.<\/p>\n<h4>Paleo-environment, Archaeobotany, Archaeozoology and Geomorphology Team:<\/h4>\n<p>\tMichel Rasse, Laurent Lespez, Aline Garnier, Yann Le Drezen, Katharina Neumann, Barbara Eichhorn, Stefanie Kahlheber, Aziz Ballouche, Nuscia Taibi, Jan Moyersons, Nicolas Fedoroff \u2020, Hugues Doutrelepont \u2020, Koen Deforce, Jan van de Velde, Sylvie Coutard, Louis Chaix, \u00c9mile Roche, Hans Beeckman.<\/p>\n<h4>Chronology Team:<\/h4>\n<p>\tChantal Tribolo, Stephen Stokes \u2020, Irka Hajdas.<\/p>\n","protected":false},"excerpt":{"rendered":"<p>Faleme &#8211; Senegal (project ongoing since 2011) General coordination of the programme: Eric Huysecom, Professor at Laboratoire Arch\u00e9ologie et Peuplement de l&#8217;Afrique at the Anthropology Unit of the Department of Genetics and Evolution at the University of Geneva (Switzerland). Institutional<span class=\"ellipsis\">&hellip;<\/span><\/p>\n<div class=\"read-more\"><a href=\"https:\/\/www.ounjougou.org\/en\/project-members\/\">Read more &#8250;<\/a><\/div>\n<p><!-- end of .read-more --><\/p>\n","protected":false},"author":1,"featured_media":0,"parent":0,"menu_order":0,"comment_status":"closed","ping_status":"closed","template":"page-accueil.php","meta":{"footnotes":""},"_links":{"self":[{"href":"https:\/\/www.ounjougou.org\/en\/wp-json\/wp\/v2\/pages\/140"}],"collection":[{"href":"https:\/\/www.ounjougou.org\/en\/wp-json\/wp\/v2\/pages"}],"about":[{"href":"https:\/\/www.ounjougou.org\/en\/wp-json\/wp\/v2\/types\/page"}],"author":[{"embeddable":true,"href":"https:\/\/www.ounjougou.org\/en\/wp-json\/wp\/v2\/users\/1"}],"replies":[{"embeddable":true,"href":"https:\/\/www.ounjougou.org\/en\/wp-json\/wp\/v2\/comments?post=140"}],"version-history":[{"count":21,"href":"https:\/\/www.ounjougou.org\/en\/wp-json\/wp\/v2\/pages\/140\/revisions"}],"predecessor-version":[{"id":1111,"href":"https:\/\/www.ounjougou.org\/en\/wp-json\/wp\/v2\/pages\/140\/revisions\/1111"}],"wp:attachment":[{"href":"https:\/\/www.ounjougou.org\/en\/wp-json\/wp\/v2\/media?parent=140"}],"curies":[{"name":"wp","href":"https:\/\/api.w.org\/{rel}","templated":true}]}}